{"id":82,"date":"2021-10-25T15:48:11","date_gmt":"2021-10-25T13:48:11","guid":{"rendered":"https:\/\/www.pflegedienst-fidere.de\/pl\/?page_id=82"},"modified":"2021-10-26T10:27:11","modified_gmt":"2021-10-26T08:27:11","slug":"nasza-firma","status":"publish","type":"page","link":"https:\/\/www.pflegedienst-fidere.de\/pl\/opieka-dzienna\/nasza-firma\/","title":{"rendered":"Nasza firma"},"content":{"rendered":"<section class=\"l-section wpb_row us_custom_733cf2a7 height_auto\"><div class=\"l-section-overlay\" style=\"background:var(--color-header-transparent-bg)\"><\/div><div class=\"l-section-h i-cf\"><div class=\"g-cols via_flex valign_top type_default\"><div class=\"vc_col-sm-12 wpb_column vc_column_container\"><div class=\"vc_column-inner us_custom_8d5aa4e2\"><div class=\"wpb_wrapper\"><div class=\"w-separator size_small\"><\/div><div class=\"g-cols wpb_row via_flex valign_top type_default\"><div class=\"vc_col-sm-6 wpb_column vc_column_container\"><div class=\"vc_column-inner\"><div class=\"wpb_wrapper\"><div class=\"w-image align_none\"><div class=\"w-image-h\"><img width=\"842\" height=\"679\" src=\"https:\/\/www.pflegedienst-fidere.de\/pl\/wp-content\/uploads\/sites\/3\/2021\/10\/pflegedienst-fidere-haus-1.jpg\" class=\"attachment-large size-large\" alt=\"\" loading=\"lazy\" srcset=\"https:\/\/www.pflegedienst-fidere.de\/pl\/wp-content\/uploads\/sites\/3\/2021\/10\/pflegedienst-fidere-haus-1.jpg 842w, https:\/\/www.pflegedienst-fidere.de\/pl\/wp-content\/uploads\/sites\/3\/2021\/10\/pflegedienst-fidere-haus-1-300x242.jpg 300w\" sizes=\"(max-width: 842px) 100vw, 842px\" \/><\/div><\/div><\/div><\/div><\/div><div class=\"vc_col-sm-6 wpb_column vc_column_container\"><div class=\"vc_column-inner\"><div class=\"vc_column-overlay\" style=\"background:var(--color-content-bg)\"><\/div><div class=\"wpb_wrapper\"><div class=\"w-image align_none\"><div class=\"w-image-h\"><img width=\"1024\" height=\"820\" src=\"https:\/\/www.pflegedienst-fidere.de\/pl\/wp-content\/uploads\/sites\/3\/2021\/10\/Blume-spruch-1024x820-1.jpg\" class=\"attachment-large size-large\" alt=\"\" loading=\"lazy\" srcset=\"https:\/\/www.pflegedienst-fidere.de\/pl\/wp-content\/uploads\/sites\/3\/2021\/10\/Blume-spruch-1024x820-1.jpg 1024w, https:\/\/www.pflegedienst-fidere.de\/pl\/wp-content\/uploads\/sites\/3\/2021\/10\/Blume-spruch-1024x820-1-300x240.jpg 300w\" sizes=\"(max-width: 1024px) 100vw, 1024px\" \/><\/div><\/div><\/div><\/div><\/div><\/div><\/div><\/div><\/div><\/div><\/div><\/section><section class=\"l-section wpb_row height_auto\"><div class=\"l-section-h i-cf\"><div class=\"g-cols via_flex valign_top type_default\"><div class=\"vc_col-sm-12 wpb_column vc_column_container\"><div class=\"vc_column-inner\"><div class=\"wpb_wrapper\"><div class=\"g-cols wpb_row us_custom_01927b5c via_flex valign_top type_default\"><div class=\"vc_col-sm-10 wpb_column vc_column_container has_text_color\"><div class=\"vc_column-inner us_custom_19fbb1ac\"><div class=\"vc_column-overlay\" style=\"background:#3297E1\"><\/div><div class=\"wpb_wrapper\"><div class=\"wpb_text_column\"><div class=\"wpb_wrapper\"><h1>Nasza deklaracja misji<\/h1>\n<p>Jako dzienny dom opieki skupiamy si\u0119 na indywidualnych \u017cyczeniach i potrzebach powierzonych nam podopiecznych. Ca\u0142o\u015bciow\u0105 opiek\u0119 i wsparcie organizujemy mo\u017cliwie wsp\u00f3lnie i ekonomicznie efektywnie z ka\u017cdym pensjonariuszem i jego bliskimi.<\/p>\n<p>Praca piel\u0119gniarska i socjoterapeutyczna naszego personelu, specjalist\u00f3w, lekarzy, logoped\u00f3w, fizjoterapeut\u00f3w, terapeut\u00f3w i krewnych jest ukierunkowana nie tylko na stopie\u0144 choroby, ale tak\u017ce uwzgl\u0119dnia biografi\u0119 jednostki.<\/p>\n<p>W ten spos\u00f3b chcemy zapewni\u0107 wszystkim poczucie bezpiecze\u0144stwa i pewno\u015bci.<\/p>\n<h5>Z powa\u017caniem, Kathleen Sch\u00f6n<\/h5>\n<\/div><\/div><\/div><\/div><\/div><div class=\"vc_col-sm-2 wpb_column vc_column_container\"><div class=\"vc_column-inner\"><div class=\"wpb_wrapper\"><div class=\"w-separator size_large\"><\/div><div class=\"w-person us_custom_6df4bc3a layout_circle has_text_color\" itemscope itemtype=\"https:\/\/schema.org\/Person\"><div class=\"w-person-image\"><img width=\"828\" height=\"1024\" src=\"https:\/\/www.pflegedienst-fidere.de\/pl\/wp-content\/uploads\/sites\/3\/2021\/10\/Kathleen-TP-Leitung-Fachkraft-Praxisanleiterin-828x1024-2.jpg\" class=\"attachment-full size-full\" alt=\"\" loading=\"lazy\" srcset=\"https:\/\/www.pflegedienst-fidere.de\/pl\/wp-content\/uploads\/sites\/3\/2021\/10\/Kathleen-TP-Leitung-Fachkraft-Praxisanleiterin-828x1024-2.jpg 828w, https:\/\/www.pflegedienst-fidere.de\/pl\/wp-content\/uploads\/sites\/3\/2021\/10\/Kathleen-TP-Leitung-Fachkraft-Praxisanleiterin-828x1024-2-243x300.jpg 243w\" sizes=\"(max-width: 828px) 100vw, 828px\" \/><\/div><div class=\"w-person-content\"><h4 itemprop=\"name\" class=\"w-person-name\"><span>Kathleen Sch\u00f6n<\/span><\/h4><div class=\"w-person-role\" itemprop=\"jobTitle\">Kierownik dzia\u0142u opieki dziennej<\/div><\/div><\/div><\/div><\/div><\/div><\/div><div class=\"w-separator size_small\"><\/div><\/div><\/div><\/div><\/div><\/div><\/section><section class=\"l-section wpb_row height_auto\"><div class=\"l-section-h i-cf\"><div class=\"g-cols via_flex valign_top type_default\"><div class=\"vc_col-sm-6 wpb_column vc_column_container\"><div class=\"vc_column-inner\"><div class=\"wpb_wrapper\"><div class=\"g-cols wpb_row us_custom_01927b5c via_flex valign_top type_default\"><div class=\"vc_col-sm-12 wpb_column vc_column_container has_text_color\"><div class=\"vc_column-inner us_custom_19fbb1ac\"><div class=\"wpb_wrapper\"><div class=\"wpb_text_column us_custom_01927b5c\"><div class=\"wpb_wrapper\"><h1>Nasz zesp\u00f3\u0142<\/h1>\n<p>W o\u015brodku opieki dziennej FIDERE o dobre samopoczucie naszych podopiecznych dba obecnie o\u015bmiu pracownik\u00f3w, w tym dwie piel\u0119gniarki, dw\u00f3ch asystent\u00f3w piel\u0119gniarskich, trzech pracownik\u00f3w pomocniczych i kucharz.<\/p>\n<\/div><\/div><\/div><\/div><\/div><\/div><\/div><\/div><\/div><div class=\"vc_col-sm-6 wpb_column vc_column_container\"><div class=\"vc_column-inner\"><div class=\"wpb_wrapper\"><div class=\"w-grid type_grid layout_blog_1 cols_3\" id=\"us_grid_1\" data-filterable=\"true\"><style>#us_grid_1 .w-grid-item{padding:1.5rem}#us_grid_1 .w-grid-list{margin:-1.5rem}.w-grid + #us_grid_1 .w-grid-list{margin-top:1.5rem}@media (max-width:899px){#us_grid_1 .w-grid-item{width:50%}}@media (max-width:599px){#us_grid_1 .w-grid-list{margin:0}#us_grid_1 .w-grid-item{width:100%;padding:0;margin-bottom:1.5rem}}.layout_blog_1 .w-grid-item-h{}.layout_blog_1 .usg_post_image_1{margin-bottom:0.5rem!important}.layout_blog_1 .usg_post_title_1{font-size:1rem!important}<\/style><div class=\"w-grid-list\">\t<article class=\"w-grid-item post-168 attachment type-attachment status-inherit hentry\" data-id=\"168\">\r\n\t\t<div class=\"w-grid-item-h\">\r\n\t\t\t\t\t\t<div class=\"w-post-elm post_image usg_post_image_1 stretched\"><a href=\"https:\/\/www.pflegedienst-fidere.de\/pl\/opieka-dzienna\/nasza-firma\/kathleen-tp-leitung-fachkraft-praxisanleiterin\/\" aria-label=\"Kathleen-TP-Lead-Facilitator-Practitioner\"><img width=\"2071\" height=\"2560\" src=\"https:\/\/www.pflegedienst-fidere.de\/pl\/wp-content\/uploads\/sites\/3\/2021\/10\/Kathleen-TP-Leitung-Fachkraft-Praxisanleiterin-scaled.jpg\" class=\"attachment-us_600_600_crop size-us_600_600_crop\" alt=\"\" loading=\"lazy\" srcset=\"https:\/\/www.pflegedienst-fidere.de\/pl\/wp-content\/uploads\/sites\/3\/2021\/10\/Kathleen-TP-Leitung-Fachkraft-Praxisanleiterin-scaled.jpg 2071w, https:\/\/www.pflegedienst-fidere.de\/pl\/wp-content\/uploads\/sites\/3\/2021\/10\/Kathleen-TP-Leitung-Fachkraft-Praxisanleiterin-243x300.jpg 243w, https:\/\/www.pflegedienst-fidere.de\/pl\/wp-content\/uploads\/sites\/3\/2021\/10\/Kathleen-TP-Leitung-Fachkraft-Praxisanleiterin-828x1024.jpg 828w\" sizes=\"(max-width: 2071px) 100vw, 2071px\" \/><\/a><\/div><h2 class=\"w-post-elm post_title usg_post_title_1 entry-title color_link_inherit\"><a href=\"https:\/\/www.pflegedienst-fidere.de\/pl\/opieka-dzienna\/nasza-firma\/kathleen-tp-leitung-fachkraft-praxisanleiterin\/\">Kathleen-TP-Lead-Facilitator-Practitioner<\/a><\/h2>\t\t<\/div>\r\n\t<\/article>\r\n\t<article class=\"w-grid-item post-169 attachment type-attachment status-inherit hentry\" data-id=\"169\">\r\n\t\t<div class=\"w-grid-item-h\">\r\n\t\t\t\t\t\t<div class=\"w-post-elm post_image usg_post_image_1 stretched\"><a href=\"https:\/\/www.pflegedienst-fidere.de\/pl\/opieka-dzienna\/nasza-firma\/martina-1-fachkraft-tp\/\" aria-label=\"Martina-1-Skilled-Person-TP\"><img width=\"1901\" height=\"2560\" src=\"https:\/\/www.pflegedienst-fidere.de\/pl\/wp-content\/uploads\/sites\/3\/2021\/10\/Martina-1-Fachkraft-TP-scaled.jpg\" class=\"attachment-us_600_600_crop size-us_600_600_crop\" alt=\"\" loading=\"lazy\" srcset=\"https:\/\/www.pflegedienst-fidere.de\/pl\/wp-content\/uploads\/sites\/3\/2021\/10\/Martina-1-Fachkraft-TP-scaled.jpg 1901w, https:\/\/www.pflegedienst-fidere.de\/pl\/wp-content\/uploads\/sites\/3\/2021\/10\/Martina-1-Fachkraft-TP-223x300.jpg 223w, https:\/\/www.pflegedienst-fidere.de\/pl\/wp-content\/uploads\/sites\/3\/2021\/10\/Martina-1-Fachkraft-TP-760x1024.jpg 760w\" sizes=\"(max-width: 1901px) 100vw, 1901px\" \/><\/a><\/div><h2 class=\"w-post-elm post_title usg_post_title_1 entry-title color_link_inherit\"><a href=\"https:\/\/www.pflegedienst-fidere.de\/pl\/opieka-dzienna\/nasza-firma\/martina-1-fachkraft-tp\/\">Martina-1-Skilled-Person-TP<\/a><\/h2>\t\t<\/div>\r\n\t<\/article>\r\n\t<article class=\"w-grid-item post-166 attachment type-attachment status-inherit hentry\" data-id=\"166\">\r\n\t\t<div class=\"w-grid-item-h\">\r\n\t\t\t\t\t\t<div class=\"w-post-elm post_image usg_post_image_1 stretched\"><a href=\"https:\/\/www.pflegedienst-fidere.de\/pl\/opieka-dzienna\/nasza-firma\/eirini-fachkraft\/\" aria-label=\"Specjalista Eirini\"><img width=\"1512\" height=\"2016\" src=\"https:\/\/www.pflegedienst-fidere.de\/pl\/wp-content\/uploads\/sites\/3\/2021\/10\/Eirini-Fachkraft-rotated.jpg\" class=\"attachment-us_600_600_crop size-us_600_600_crop\" alt=\"\" loading=\"lazy\" srcset=\"https:\/\/www.pflegedienst-fidere.de\/pl\/wp-content\/uploads\/sites\/3\/2021\/10\/Eirini-Fachkraft-rotated.jpg 1512w, https:\/\/www.pflegedienst-fidere.de\/pl\/wp-content\/uploads\/sites\/3\/2021\/10\/Eirini-Fachkraft-225x300.jpg 225w, https:\/\/www.pflegedienst-fidere.de\/pl\/wp-content\/uploads\/sites\/3\/2021\/10\/Eirini-Fachkraft-768x1024.jpg 768w\" sizes=\"(max-width: 1512px) 100vw, 1512px\" \/><\/a><\/div><h2 class=\"w-post-elm post_title usg_post_title_1 entry-title color_link_inherit\"><a href=\"https:\/\/www.pflegedienst-fidere.de\/pl\/opieka-dzienna\/nasza-firma\/eirini-fachkraft\/\">Specjalista Eirini<\/a><\/h2>\t\t<\/div>\r\n\t<\/article>\r\n\t<article class=\"w-grid-item post-167 attachment type-attachment status-inherit hentry\" data-id=\"167\">\r\n\t\t<div class=\"w-grid-item-h\">\r\n\t\t\t\t\t\t<div class=\"w-post-elm post_image usg_post_image_1 stretched\"><a href=\"https:\/\/www.pflegedienst-fidere.de\/pl\/opieka-dzienna\/nasza-firma\/elvira-pflegehelferin-betreuungskraft\/\" aria-label=\"Elvira &#8211; pomocnik-opiekun-opiekunka\"><img width=\"1080\" height=\"1440\" src=\"https:\/\/www.pflegedienst-fidere.de\/pl\/wp-content\/uploads\/sites\/3\/2021\/10\/Elvira-Pflegehelferin-Betreuungskraft.jpg\" class=\"attachment-us_600_600_crop size-us_600_600_crop\" alt=\"\" loading=\"lazy\" srcset=\"https:\/\/www.pflegedienst-fidere.de\/pl\/wp-content\/uploads\/sites\/3\/2021\/10\/Elvira-Pflegehelferin-Betreuungskraft.jpg 1080w, https:\/\/www.pflegedienst-fidere.de\/pl\/wp-content\/uploads\/sites\/3\/2021\/10\/Elvira-Pflegehelferin-Betreuungskraft-225x300.jpg 225w, https:\/\/www.pflegedienst-fidere.de\/pl\/wp-content\/uploads\/sites\/3\/2021\/10\/Elvira-Pflegehelferin-Betreuungskraft-768x1024.jpg 768w\" sizes=\"(max-width: 1080px) 100vw, 1080px\" \/><\/a><\/div><h2 class=\"w-post-elm post_title usg_post_title_1 entry-title color_link_inherit\"><a href=\"https:\/\/www.pflegedienst-fidere.de\/pl\/opieka-dzienna\/nasza-firma\/elvira-pflegehelferin-betreuungskraft\/\">Elvira &#8211; pomocnik-opiekun-opiekunka<\/a><\/h2>\t\t<\/div>\r\n\t<\/article>\r\n\t<article class=\"w-grid-item post-165 attachment type-attachment status-inherit hentry\" data-id=\"165\">\r\n\t\t<div class=\"w-grid-item-h\">\r\n\t\t\t\t\t\t<div class=\"w-post-elm post_image usg_post_image_1 stretched\"><a href=\"https:\/\/www.pflegedienst-fidere.de\/pl\/opieka-dzienna\/nasza-firma\/christine-koechin\/\" aria-label=\"Christine-Koechin\"><img width=\"1512\" height=\"2016\" src=\"https:\/\/www.pflegedienst-fidere.de\/pl\/wp-content\/uploads\/sites\/3\/2021\/10\/Christine-Koechin-rotated.jpg\" class=\"attachment-us_600_600_crop size-us_600_600_crop\" alt=\"\" loading=\"lazy\" srcset=\"https:\/\/www.pflegedienst-fidere.de\/pl\/wp-content\/uploads\/sites\/3\/2021\/10\/Christine-Koechin-rotated.jpg 1512w, https:\/\/www.pflegedienst-fidere.de\/pl\/wp-content\/uploads\/sites\/3\/2021\/10\/Christine-Koechin-225x300.jpg 225w, https:\/\/www.pflegedienst-fidere.de\/pl\/wp-content\/uploads\/sites\/3\/2021\/10\/Christine-Koechin-768x1024.jpg 768w\" sizes=\"(max-width: 1512px) 100vw, 1512px\" \/><\/a><\/div><h2 class=\"w-post-elm post_title usg_post_title_1 entry-title color_link_inherit\"><a href=\"https:\/\/www.pflegedienst-fidere.de\/pl\/opieka-dzienna\/nasza-firma\/christine-koechin\/\">Christine-Koechin<\/a><\/h2>\t\t<\/div>\r\n\t<\/article>\r\n<\/div><div class=\"w-grid-preloader\"><div class=\"g-preloader type_1\">\r\n\t<div><\/div>\r\n<\/div>\r\n<\/div>\t<div class=\"w-grid-json hidden\" onclick='return {&quot;action&quot;:&quot;us_ajax_grid&quot;,&quot;ajax_url&quot;:&quot;https:\\\/\\\/www.pflegedienst-fidere.de\\\/pl\\\/wp-admin\\\/admin-ajax.php&quot;,&quot;infinite_scroll&quot;:0,&quot;max_num_pages&quot;:1,&quot;pagination&quot;:&quot;none&quot;,&quot;permalink_url&quot;:&quot;https:\\\/\\\/www.pflegedienst-fidere.de\\\/pl\\\/wp-json\\\/wp\\\/v2\\\/pages\\\/82&quot;,&quot;template_vars&quot;:{&quot;columns&quot;:&quot;3&quot;,&quot;exclude_items&quot;:&quot;none&quot;,&quot;img_size&quot;:&quot;default&quot;,&quot;ignore_items_size&quot;:false,&quot;items_layout&quot;:&quot;blog_1&quot;,&quot;items_offset&quot;:&quot;1&quot;,&quot;load_animation&quot;:&quot;none&quot;,&quot;overriding_link&quot;:&quot;none&quot;,&quot;post_id&quot;:82,&quot;query_args&quot;:{&quot;post_type&quot;:[&quot;attachment&quot;],&quot;post__in&quot;:[&quot;168&quot;,&quot;169&quot;,&quot;166&quot;,&quot;167&quot;,&quot;165&quot;],&quot;post_status&quot;:&quot;inherit&quot;,&quot;post_mime_type&quot;:&quot;image&quot;,&quot;posts_per_page&quot;:&quot;10&quot;},&quot;orderby_query_args&quot;:{&quot;orderby&quot;:{&quot;post__in&quot;:&quot;ASC&quot;},&quot;order&quot;:&quot;ASC&quot;},&quot;type&quot;:&quot;grid&quot;,&quot;us_grid_ajax_index&quot;:1,&quot;us_grid_filter_params&quot;:null,&quot;us_grid_index&quot;:1,&quot;_us_grid_post_type&quot;:&quot;attachment&quot;}}'><\/div>\r\n\t<\/div><\/div><\/div><\/div><\/div><\/div><\/section><section class=\"l-section wpb_row us_custom_67913441 height_auto has_text_color\"><div class=\"l-section-h i-cf\"><div class=\"g-cols via_flex valign_top type_default\"><div class=\"vc_col-sm-12 wpb_column vc_column_container has_text_color\"><div class=\"vc_column-inner us_custom_b64cb71a\"><div class=\"vc_column-overlay\" style=\"background:#ffffff\"><\/div><div class=\"wpb_wrapper\"><div class=\"g-cols wpb_row us_custom_95ebd667 via_flex valign_top type_default has_text_color\"><div class=\"vc_col-sm-6 wpb_column vc_column_container\"><div class=\"vc_column-inner\"><div class=\"wpb_wrapper\"><div class=\"wpb_text_column us_custom_95ebd667 has_text_color\"><div class=\"wpb_wrapper\"><h1>Nasze pokoje<\/h1>\n<p>Pokoje dzienne s\u0105 przytulnie urz\u0105dzone i dostosowane do wieku. Odzwierciedlaj\u0105 one wszystkie potrzeby opieki piel\u0119gniarskiej &#8211; i to w pi\u0119knej atmosferze.<\/p>\n<p>Du\u017ca nowoczesna \u0142azienka, oddzielna kuchnia, pok\u00f3j hobby i ma\u0142y ogr\u00f3d z pawilonem zapraszaj\u0105 do odpoczynku.<\/p>\n<\/div><\/div><\/div><\/div><\/div><div class=\"vc_col-sm-6 wpb_column vc_column_container\"><div class=\"vc_column-inner\"><div class=\"wpb_wrapper\"><div class=\"w-slider style_none fit_scaledown\"><div class=\"w-slider-h\"><div class=\"royalSlider\"><div class=\"rsContent\"><a class=\"rsImg\" data-rsw=\"1000\" data-rsh=\"664\" href=\"https:\/\/www.pflegedienst-fidere.de\/pl\/wp-content\/uploads\/sites\/3\/2021\/10\/pflegedienst-fidere-23.jpg\"><span data-alt=\"\"><\/span><\/a><\/div><div class=\"rsContent\"><a class=\"rsImg\" data-rsw=\"1000\" data-rsh=\"664\" href=\"https:\/\/www.pflegedienst-fidere.de\/pl\/wp-content\/uploads\/sites\/3\/2021\/10\/pflegedienst-fidere-26.jpg\"><span data-alt=\"\"><\/span><\/a><\/div><div class=\"rsContent\"><a class=\"rsImg\" data-rsw=\"1000\" data-rsh=\"705\" href=\"https:\/\/www.pflegedienst-fidere.de\/pl\/wp-content\/uploads\/sites\/3\/2021\/10\/pflegedienst-fidere-20.jpg\"><span data-alt=\"\"><\/span><\/a><\/div><div class=\"rsContent\"><a class=\"rsImg\" data-rsw=\"1024\" data-rsh=\"760\" href=\"https:\/\/www.pflegedienst-fidere.de\/pl\/wp-content\/uploads\/sites\/3\/2021\/10\/DSC_8735-1024x760.jpg\"><span data-alt=\"\"><\/span><\/a><\/div><div class=\"rsContent\"><a class=\"rsImg\" data-rsw=\"760\" data-rsh=\"1024\" href=\"https:\/\/www.pflegedienst-fidere.de\/pl\/wp-content\/uploads\/sites\/3\/2021\/10\/DSC_8740-scaled-1-760x1024.jpg\"><span data-alt=\"\"><\/span><\/a><\/div><div class=\"rsContent\"><a class=\"rsImg\" data-rsw=\"760\" data-rsh=\"1024\" href=\"https:\/\/www.pflegedienst-fidere.de\/pl\/wp-content\/uploads\/sites\/3\/2021\/10\/DSC_8744-760x1024.jpg\"><span data-alt=\"\"><\/span><\/a><\/div><div class=\"rsContent\"><a class=\"rsImg\" data-rsw=\"760\" data-rsh=\"1024\" href=\"https:\/\/www.pflegedienst-fidere.de\/pl\/wp-content\/uploads\/sites\/3\/2021\/10\/DSC_8748-760x1024.jpg\"><span data-alt=\"\"><\/span><\/a><\/div><div class=\"rsContent\"><a class=\"rsImg\" data-rsw=\"1024\" data-rsh=\"683\" href=\"https:\/\/www.pflegedienst-fidere.de\/pl\/wp-content\/uploads\/sites\/3\/2021\/10\/SAM_7003-1024x683.jpg\"><span data-alt=\"\"><\/span><\/a><\/div><\/div><img src=\"https:\/\/www.pflegedienst-fidere.de\/pl\/wp-content\/uploads\/sites\/3\/2021\/10\/pflegedienst-fidere-23.jpg\" width=\"1000\" height=\"664\" alt loading=\"lazy\"><\/div><div class=\"w-slider-json\" onclick='return {&quot;loop&quot;:true,&quot;fadeInLoadedSlide&quot;:false,&quot;slidesSpacing&quot;:0,&quot;imageScalePadding&quot;:0,&quot;numImagesToPreload&quot;:2,&quot;arrowsNav&quot;:true,&quot;arrowsNavAutoHide&quot;:false,&quot;transitionType&quot;:&quot;move&quot;,&quot;transitionSpeed&quot;:250,&quot;block&quot;:{&quot;moveEffect&quot;:&quot;none&quot;,&quot;speed&quot;:300},&quot;controlNavigation&quot;:&quot;none&quot;,&quot;imageScaleMode&quot;:&quot;fit-if-smaller&quot;,&quot;autoScaleSlider&quot;:true,&quot;autoScaleSliderWidth&quot;:1000,&quot;autoScaleSliderHeight&quot;:664,&quot;fitInViewport&quot;:false}'><\/div><\/div><\/div><\/div><\/div><\/div><\/div><\/div><\/div><\/div><\/div><\/section><section class=\"l-section wpb_row height_medium\"><div class=\"l-section-h i-cf\"><div class=\"g-cols via_flex valign_top type_default\"><div class=\"vc_col-sm-12 wpb_column vc_column_container\"><div class=\"vc_column-inner\"><div class=\"wpb_wrapper\"><\/div><\/div><\/div><\/div><\/div><\/section>\n","protected":false},"excerpt":{"rendered":"","protected":false},"author":1,"featured_media":0,"parent":72,"menu_order":0,"comment_status":"closed","ping_status":"closed","template":"","meta":[],"_links":{"self":[{"href":"https:\/\/www.pflegedienst-fidere.de\/pl\/wp-json\/wp\/v2\/pages\/82"}],"collection":[{"href":"https:\/\/www.pflegedienst-fidere.de\/pl\/wp-json\/wp\/v2\/pages"}],"about":[{"href":"https:\/\/www.pflegedienst-fidere.de\/pl\/wp-json\/wp\/v2\/types\/page"}],"author":[{"embeddable":true,"href":"https:\/\/www.pflegedienst-fidere.de\/pl\/wp-json\/wp\/v2\/users\/1"}],"replies":[{"embeddable":true,"href":"https:\/\/www.pflegedienst-fidere.de\/pl\/wp-json\/wp\/v2\/comments?post=82"}],"version-history":[{"count":4,"href":"https:\/\/www.pflegedienst-fidere.de\/pl\/wp-json\/wp\/v2\/pages\/82\/revisions"}],"predecessor-version":[{"id":202,"href":"https:\/\/www.pflegedienst-fidere.de\/pl\/wp-json\/wp\/v2\/pages\/82\/revisions\/202"}],"up":[{"embeddable":true,"href":"https:\/\/www.pflegedienst-fidere.de\/pl\/wp-json\/wp\/v2\/pages\/72"}],"wp:attachment":[{"href":"https:\/\/www.pflegedienst-fidere.de\/pl\/wp-json\/wp\/v2\/media?parent=82"}],"curies":[{"name":"wp","href":"https:\/\/api.w.org\/{rel}","templated":true}]}}