{"id":77,"date":"2021-10-25T13:15:40","date_gmt":"2021-10-25T11:15:40","guid":{"rendered":"https:\/\/www.pflegedienst-fidere.de\/pl\/?page_id=77"},"modified":"2021-10-25T19:02:37","modified_gmt":"2021-10-25T17:02:37","slug":"nasze-zycie","status":"publish","type":"page","link":"https:\/\/www.pflegedienst-fidere.de\/pl\/opieka-dzienna\/nasze-zycie\/","title":{"rendered":"Nasze \u017cycie"},"content":{"rendered":"<section class=\"l-section wpb_row height_auto\"><div class=\"l-section-h i-cf\"><div class=\"g-cols via_flex valign_top type_default\"><div class=\"vc_col-sm-12 wpb_column vc_column_container\"><div class=\"vc_column-inner\"><div class=\"wpb_wrapper\"><div class=\"w-separator size_medium\"><\/div><\/div><\/div><\/div><\/div><\/div><\/section><section class=\"l-section wpb_row us_custom_67913441 height_auto has_text_color\"><div class=\"l-section-h i-cf\"><div class=\"g-cols via_flex valign_top type_default\"><div class=\"vc_col-sm-6 wpb_column vc_column_container has_text_color\"><div class=\"vc_column-inner us_custom_b64cb71a\"><div class=\"vc_column-overlay\" style=\"background:#ffffff\"><\/div><div class=\"wpb_wrapper\"><div class=\"g-cols wpb_row us_custom_95ebd667 via_flex valign_middle type_default has_text_color\"><div class=\"vc_col-sm-12 wpb_column vc_column_container\"><div class=\"vc_column-inner\"><div class=\"wpb_wrapper\"><div class=\"wpb_text_column us_custom_95ebd667 has_text_color\"><div class=\"wpb_wrapper\"><h1>Nasza codzienna rutyna<\/h1>\n<p>Naszym podopiecznym oferujemy codzienn\u0105, ustrukturyzowan\u0105 rutyn\u0119 z r\u00f3\u017cnorodnymi zaj\u0119ciami.<\/p>\n<p>Nasz serwis przewozowy odbiera rano podopiecznych z ich dom\u00f3w. Po spokojnej je\u017adzie nasz personel czeka na go\u015bci w przestronnych, pe\u0142nych \u015bwiat\u0142a pokojach na wsp\u00f3lne \u015bniadanie.<\/p>\n<p>Po przegl\u0105dzie prasy nast\u0119puje codziennie zmieniaj\u0105cy si\u0119 program zaj\u0119\u0107 z zabawami aktywizuj\u0105cymi i ruchowymi, wycieczkami i dniami tematycznymi.<\/p>\n<\/div><\/div><div class=\"w-separator size_small\"><\/div><\/div><\/div><\/div><\/div><\/div><\/div><\/div><div class=\"vc_col-sm-6 wpb_column vc_column_container\"><div class=\"vc_column-inner\"><div class=\"wpb_wrapper\"><div class=\"w-slider style_none fit_scaledown\"><div class=\"w-slider-h\"><div class=\"royalSlider\"><div class=\"rsContent\"><a class=\"rsImg\" data-rsw=\"1024\" data-rsh=\"768\" href=\"https:\/\/www.pflegedienst-fidere.de\/pl\/wp-content\/uploads\/sites\/3\/2021\/10\/DSC_8730-1-1024x768-1.jpg\"><span data-alt=\"\"><\/span><\/a><div class=\"rsABlock\" data-fadeEffect=\"false\" data-moveEffect=\"none\"><div class=\"w-slider-item-title\">Opieka dzienna nad pojazdami<\/div><\/div><\/div><div class=\"rsContent\"><a class=\"rsImg\" data-rsw=\"760\" data-rsh=\"1024\" href=\"https:\/\/www.pflegedienst-fidere.de\/pl\/wp-content\/uploads\/sites\/3\/2021\/10\/Ungarn-1-scaled-1-760x1024.jpg\"><span data-alt=\"\"><\/span><\/a><div class=\"rsABlock\" data-fadeEffect=\"false\" data-moveEffect=\"none\"><div class=\"w-slider-item-title\">Dni tematyczne W\u0119gry<\/div><\/div><\/div><div class=\"rsContent\"><a class=\"rsImg\" data-rsw=\"576\" data-rsh=\"1024\" href=\"https:\/\/www.pflegedienst-fidere.de\/pl\/wp-content\/uploads\/sites\/3\/2021\/10\/Zoo-3-scaled-1-576x1024.jpg\"><span data-alt=\"\"><\/span><\/a><div class=\"rsABlock\" data-fadeEffect=\"false\" data-moveEffect=\"none\"><div class=\"w-slider-item-title\">Wycieczka do zoo<\/div><\/div><\/div><div class=\"rsContent\"><a class=\"rsImg\" data-rsw=\"1024\" data-rsh=\"760\" href=\"https:\/\/www.pflegedienst-fidere.de\/pl\/wp-content\/uploads\/sites\/3\/2021\/10\/Gaeste-zusammen-2-1024x760.jpg\"><span data-alt=\"\"><\/span><\/a><div class=\"rsABlock\" data-fadeEffect=\"false\" data-moveEffect=\"none\"><div class=\"w-slider-item-title\">Go\u015bcie razem<\/div><\/div><\/div><div class=\"rsContent\"><a class=\"rsImg\" data-rsw=\"760\" data-rsh=\"1024\" href=\"https:\/\/www.pflegedienst-fidere.de\/pl\/wp-content\/uploads\/sites\/3\/2021\/10\/DSC_0746-760x1024-1.jpg\"><span data-alt=\"\"><\/span><\/a><div class=\"rsABlock\" data-fadeEffect=\"false\" data-moveEffect=\"none\"><div class=\"w-slider-item-title\">Zatrudnienie<\/div><\/div><\/div><div class=\"rsContent\"><a class=\"rsImg\" data-rsw=\"760\" data-rsh=\"1024\" href=\"https:\/\/www.pflegedienst-fidere.de\/pl\/wp-content\/uploads\/sites\/3\/2021\/10\/Tschechei-8-760x1024-1.jpg\"><span data-alt=\"\"><\/span><\/a><div class=\"rsABlock\" data-fadeEffect=\"false\" data-moveEffect=\"none\"><div class=\"w-slider-item-title\">Tydzie\u0144 tematyczny Republika Czeska<\/div><\/div><\/div><div class=\"rsContent\"><a class=\"rsImg\" data-rsw=\"1024\" data-rsh=\"760\" href=\"https:\/\/www.pflegedienst-fidere.de\/pl\/wp-content\/uploads\/sites\/3\/2021\/10\/Italien-4-1024x760-1.jpg\"><span data-alt=\"\"><\/span><\/a><div class=\"rsABlock\" data-fadeEffect=\"false\" data-moveEffect=\"none\"><div class=\"w-slider-item-title\">Dni tematyczne W\u0142ochy<\/div><\/div><\/div><div class=\"rsContent\"><a class=\"rsImg\" data-rsw=\"760\" data-rsh=\"1024\" href=\"https:\/\/www.pflegedienst-fidere.de\/pl\/wp-content\/uploads\/sites\/3\/2021\/10\/Amerika-760x1024-1.jpg\"><span data-alt=\"\"><\/span><\/a><div class=\"rsABlock\" data-fadeEffect=\"false\" data-moveEffect=\"none\"><div class=\"w-slider-item-title\">Dni tematyczne USA<\/div><\/div><\/div><div class=\"rsContent\"><a class=\"rsImg\" data-rsw=\"720\" data-rsh=\"1024\" href=\"https:\/\/www.pflegedienst-fidere.de\/pl\/wp-content\/uploads\/sites\/3\/2021\/10\/Italien-3-2-720x1024-1.jpg\"><span data-alt=\"\"><\/span><\/a><div class=\"rsABlock\" data-fadeEffect=\"false\" data-moveEffect=\"none\"><div class=\"w-slider-item-title\">Dni tematyczne W\u0142ochy<\/div><\/div><\/div><div class=\"rsContent\"><a class=\"rsImg\" data-rsw=\"1024\" data-rsh=\"768\" href=\"https:\/\/www.pflegedienst-fidere.de\/pl\/wp-content\/uploads\/sites\/3\/2021\/10\/IMG-20200708-WA0008-1024x768-1.jpg\"><span data-alt=\"\"><\/span><\/a><div class=\"rsABlock\" data-fadeEffect=\"false\" data-moveEffect=\"none\"><div class=\"w-slider-item-title\">Craft<\/div><\/div><\/div><div class=\"rsContent\"><a class=\"rsImg\" data-rsw=\"1024\" data-rsh=\"683\" href=\"https:\/\/www.pflegedienst-fidere.de\/pl\/wp-content\/uploads\/sites\/3\/2021\/10\/SAM_6017-1024x683-1.jpg\"><span data-alt=\"\"><\/span><\/a><div class=\"rsABlock\" data-fadeEffect=\"false\" data-moveEffect=\"none\"><div class=\"w-slider-item-title\">SAMSUNG CSC<\/div><\/div><\/div><div class=\"rsContent\"><a class=\"rsImg\" data-rsw=\"1024\" data-rsh=\"768\" href=\"https:\/\/www.pflegedienst-fidere.de\/pl\/wp-content\/uploads\/sites\/3\/2021\/10\/IMG_20200519_102018-1-1024x768.jpg\"><span data-alt=\"\"><\/span><\/a><div class=\"rsABlock\" data-fadeEffect=\"false\" data-moveEffect=\"none\"><div class=\"w-slider-item-title\">Zatrudnienie<\/div><\/div><\/div><div class=\"rsContent\"><a class=\"rsImg\" data-rsw=\"760\" data-rsh=\"1024\" href=\"https:\/\/www.pflegedienst-fidere.de\/pl\/wp-content\/uploads\/sites\/3\/2021\/10\/Tschechei-2-scaled-1-760x1024.jpg\"><span data-alt=\"\"><\/span><\/a><div class=\"rsABlock\" data-fadeEffect=\"false\" data-moveEffect=\"none\"><div class=\"w-slider-item-title\">Tydzie\u0144 tematyczny Republika Czeska<\/div><\/div><\/div><div class=\"rsContent\"><a class=\"rsImg\" data-rsw=\"760\" data-rsh=\"1024\" href=\"https:\/\/www.pflegedienst-fidere.de\/pl\/wp-content\/uploads\/sites\/3\/2021\/10\/Italien-760x1024.jpg\"><span data-alt=\"\"><\/span><\/a><div class=\"rsABlock\" data-fadeEffect=\"false\" data-moveEffect=\"none\"><div class=\"w-slider-item-title\">Dni tematyczne W\u0142ochy<\/div><\/div><\/div><div class=\"rsContent\"><a class=\"rsImg\" data-rsw=\"1024\" data-rsh=\"600\" href=\"https:\/\/www.pflegedienst-fidere.de\/pl\/wp-content\/uploads\/sites\/3\/2021\/10\/Amerika-3-scaled-1-1024x600.jpg\"><span data-alt=\"\"><\/span><\/a><div class=\"rsABlock\" data-fadeEffect=\"false\" data-moveEffect=\"none\"><div class=\"w-slider-item-title\">Dni tematyczne USA<\/div><\/div><\/div><div class=\"rsContent\"><a class=\"rsImg\" data-rsw=\"683\" data-rsh=\"1024\" href=\"https:\/\/www.pflegedienst-fidere.de\/pl\/wp-content\/uploads\/sites\/3\/2021\/10\/SAM_7001-683x1024-1.jpg\"><span data-alt=\"\"><\/span><\/a><div class=\"rsABlock\" data-fadeEffect=\"false\" data-moveEffect=\"none\"><div class=\"w-slider-item-title\">SAMSUNG CSC<\/div><\/div><\/div><div class=\"rsContent\"><a class=\"rsImg\" data-rsw=\"1024\" data-rsh=\"768\" href=\"https:\/\/www.pflegedienst-fidere.de\/pl\/wp-content\/uploads\/sites\/3\/2021\/10\/IMG-20200708-WA0007-1024x768-2.jpg\"><span data-alt=\"\"><\/span><\/a><div class=\"rsABlock\" data-fadeEffect=\"false\" data-moveEffect=\"none\"><div class=\"w-slider-item-title\">Wsp\u00f3lne muzykowanie<\/div><\/div><\/div><div class=\"rsContent\"><a class=\"rsImg\" data-rsw=\"812\" data-rsh=\"1024\" href=\"https:\/\/www.pflegedienst-fidere.de\/pl\/wp-content\/uploads\/sites\/3\/2021\/10\/Amerika-2-812x1024-1.jpg\"><span data-alt=\"\"><\/span><\/a><div class=\"rsABlock\" data-fadeEffect=\"false\" data-moveEffect=\"none\"><div class=\"w-slider-item-title\">Dni tematyczne USA<\/div><\/div><\/div><div class=\"rsContent\"><a class=\"rsImg\" data-rsw=\"1024\" data-rsh=\"760\" href=\"https:\/\/www.pflegedienst-fidere.de\/pl\/wp-content\/uploads\/sites\/3\/2021\/10\/Gaeste-zusammen-1-1024x760-1.jpg\"><span data-alt=\"\"><\/span><\/a><div class=\"rsABlock\" data-fadeEffect=\"false\" data-moveEffect=\"none\"><div class=\"w-slider-item-title\">Gaeste-zusammen-1-1024x760<\/div><\/div><\/div><div class=\"rsContent\"><a class=\"rsImg\" data-rsw=\"768\" data-rsh=\"1024\" href=\"https:\/\/www.pflegedienst-fidere.de\/pl\/wp-content\/uploads\/sites\/3\/2021\/10\/IMG-20201207-WA0002-768x1024-1.jpg\"><span data-alt=\"\"><\/span><\/a><div class=\"rsABlock\" data-fadeEffect=\"false\" data-moveEffect=\"none\"><div class=\"w-slider-item-title\">Przed\u015bwi\u0105teczny<\/div><\/div><\/div><div class=\"rsContent\"><a class=\"rsImg\" data-rsw=\"760\" data-rsh=\"1024\" href=\"https:\/\/www.pflegedienst-fidere.de\/pl\/wp-content\/uploads\/sites\/3\/2021\/10\/Ungarn-2-scaled-1-760x1024.jpg\"><span data-alt=\"\"><\/span><\/a><div class=\"rsABlock\" data-fadeEffect=\"false\" data-moveEffect=\"none\"><div class=\"w-slider-item-title\">Dni tematyczne W\u0119gry<\/div><\/div><\/div><div class=\"rsContent\"><a class=\"rsImg\" data-rsw=\"1024\" data-rsh=\"683\" href=\"https:\/\/www.pflegedienst-fidere.de\/pl\/wp-content\/uploads\/sites\/3\/2021\/10\/SAM_6001-scaled-1-1024x683.jpg\"><span data-alt=\"\"><\/span><\/a><div class=\"rsABlock\" data-fadeEffect=\"false\" data-moveEffect=\"none\"><div class=\"w-slider-item-title\">Letni festiwal<\/div><\/div><\/div><div class=\"rsContent\"><a class=\"rsImg\" data-rsw=\"576\" data-rsh=\"1024\" href=\"https:\/\/www.pflegedienst-fidere.de\/pl\/wp-content\/uploads\/sites\/3\/2021\/10\/Zoo-4-576x1024-1.jpg\"><span data-alt=\"\"><\/span><\/a><div class=\"rsABlock\" data-fadeEffect=\"false\" data-moveEffect=\"none\"><div class=\"w-slider-item-title\">Wycieczka do zoo<\/div><\/div><\/div><div class=\"rsContent\"><a class=\"rsImg\" data-rsw=\"678\" data-rsh=\"868\" href=\"https:\/\/www.pflegedienst-fidere.de\/pl\/wp-content\/uploads\/sites\/3\/2021\/10\/Hundetherapie-1.jpg\"><span data-alt=\"\"><\/span><\/a><div class=\"rsABlock\" data-fadeEffect=\"false\" data-moveEffect=\"none\"><div class=\"w-slider-item-title\">Terapia z udzia\u0142em psa<\/div><\/div><\/div><div class=\"rsContent\"><a class=\"rsImg\" data-rsw=\"425\" data-rsh=\"789\" href=\"https:\/\/www.pflegedienst-fidere.de\/pl\/wp-content\/uploads\/sites\/3\/2021\/10\/Spaziergang-Gaeste-TP-2.jpg\"><span data-alt=\"\"><\/span><\/a><div class=\"rsABlock\" data-fadeEffect=\"false\" data-moveEffect=\"none\"><div class=\"w-slider-item-title\">Spacer<\/div><\/div><\/div><\/div><img src=\"https:\/\/www.pflegedienst-fidere.de\/pl\/wp-content\/uploads\/sites\/3\/2021\/10\/DSC_8730-1-1024x768-1.jpg\" width=\"1024\" height=\"768\" alt loading=\"lazy\"><\/div><div class=\"w-slider-json\" onclick='return {&quot;loop&quot;:true,&quot;fadeInLoadedSlide&quot;:false,&quot;slidesSpacing&quot;:0,&quot;imageScalePadding&quot;:0,&quot;numImagesToPreload&quot;:2,&quot;arrowsNav&quot;:true,&quot;arrowsNavAutoHide&quot;:false,&quot;transitionType&quot;:&quot;move&quot;,&quot;transitionSpeed&quot;:250,&quot;block&quot;:{&quot;moveEffect&quot;:&quot;none&quot;,&quot;speed&quot;:300},&quot;controlNavigation&quot;:&quot;none&quot;,&quot;imageScaleMode&quot;:&quot;fit-if-smaller&quot;,&quot;autoScaleSlider&quot;:true,&quot;autoScaleSliderWidth&quot;:1024,&quot;autoScaleSliderHeight&quot;:768,&quot;fitInViewport&quot;:false}'><\/div><\/div><\/div><\/div><\/div><\/div><\/div><\/section><section class=\"l-section wpb_row height_medium\"><div class=\"l-section-h i-cf\"><div class=\"g-cols via_flex valign_top type_default\"><div class=\"vc_col-sm-6 wpb_column vc_column_container\"><div class=\"vc_column-inner\"><div class=\"wpb_wrapper\"><div class=\"vc_col-sm-12 wpb_column vc_column_container\"><div class=\"vc_column-inner\"><div class=\"wpb_wrapper\"><div class=\"w-slider style_none fit_scaledown\"><div class=\"w-slider-h\"><div class=\"royalSlider\"><div class=\"rsContent\"><a class=\"rsImg\" data-rsw=\"1024\" data-rsh=\"683\" href=\"https:\/\/www.pflegedienst-fidere.de\/pl\/wp-content\/uploads\/sites\/3\/2021\/10\/SAM_6037-1024x683.jpg\"><span data-alt=\"\"><\/span><\/a><\/div><div class=\"rsContent\"><a class=\"rsImg\" data-rsw=\"768\" data-rsh=\"1024\" href=\"https:\/\/www.pflegedienst-fidere.de\/pl\/wp-content\/uploads\/sites\/3\/2021\/10\/DSC_6950-768x1024.jpg\"><span data-alt=\"\"><\/span><\/a><\/div><div class=\"rsContent\"><a class=\"rsImg\" data-rsw=\"768\" data-rsh=\"1024\" href=\"https:\/\/www.pflegedienst-fidere.de\/pl\/wp-content\/uploads\/sites\/3\/2021\/10\/Ostern-1-768x1024.jpg\"><span data-alt=\"\"><\/span><\/a><\/div><div class=\"rsContent\"><a class=\"rsImg\" data-rsw=\"1024\" data-rsh=\"683\" href=\"https:\/\/www.pflegedienst-fidere.de\/pl\/wp-content\/uploads\/sites\/3\/2021\/10\/SAM_5984-1024x683.jpg\"><span data-alt=\"\"><\/span><\/a><\/div><div class=\"rsContent\"><a class=\"rsImg\" data-rsw=\"760\" data-rsh=\"1024\" href=\"https:\/\/www.pflegedienst-fidere.de\/pl\/wp-content\/uploads\/sites\/3\/2021\/10\/Ostern-760x1024-1.jpg\"><span data-alt=\"\"><\/span><\/a><\/div><div class=\"rsContent\"><a class=\"rsImg\" data-rsw=\"894\" data-rsh=\"882\" href=\"https:\/\/www.pflegedienst-fidere.de\/pl\/wp-content\/uploads\/sites\/3\/2021\/10\/IMG-20190131-WA0005-2.jpg\"><span data-alt=\"\"><\/span><\/a><\/div><div class=\"rsContent\"><a class=\"rsImg\" data-rsw=\"760\" data-rsh=\"1024\" href=\"https:\/\/www.pflegedienst-fidere.de\/pl\/wp-content\/uploads\/sites\/3\/2021\/10\/Garage-Tor-3-760x1024.jpg\"><span data-alt=\"\"><\/span><\/a><\/div><div class=\"rsContent\"><a class=\"rsImg\" data-rsw=\"760\" data-rsh=\"1024\" href=\"https:\/\/www.pflegedienst-fidere.de\/pl\/wp-content\/uploads\/sites\/3\/2021\/10\/Garage-Tor-3-1-760x1024-1.jpg\"><span data-alt=\"\"><\/span><\/a><\/div><div class=\"rsContent\"><a class=\"rsImg\" data-rsw=\"1024\" data-rsh=\"683\" href=\"https:\/\/www.pflegedienst-fidere.de\/pl\/wp-content\/uploads\/sites\/3\/2021\/10\/SAM_5920-scaled-1-1024x683.jpg\"><span data-alt=\"\"><\/span><\/a><\/div><div class=\"rsContent\"><a class=\"rsImg\" data-rsw=\"1024\" data-rsh=\"683\" href=\"https:\/\/www.pflegedienst-fidere.de\/pl\/wp-content\/uploads\/sites\/3\/2021\/10\/SAM_6006-scaled-1-1024x683.jpg\"><span data-alt=\"\"><\/span><\/a><\/div><div class=\"rsContent\"><a class=\"rsImg\" data-rsw=\"683\" data-rsh=\"1024\" href=\"https:\/\/www.pflegedienst-fidere.de\/pl\/wp-content\/uploads\/sites\/3\/2021\/10\/SAM_6039-683x1024.jpg\"><span data-alt=\"\"><\/span><\/a><\/div><div class=\"rsContent\"><a class=\"rsImg\" data-rsw=\"1024\" data-rsh=\"683\" href=\"https:\/\/www.pflegedienst-fidere.de\/pl\/wp-content\/uploads\/sites\/3\/2021\/10\/SAM_6031-1024x683.jpg\"><span data-alt=\"\"><\/span><\/a><\/div><div class=\"rsContent\"><a class=\"rsImg\" data-rsw=\"576\" data-rsh=\"1024\" href=\"https:\/\/www.pflegedienst-fidere.de\/pl\/wp-content\/uploads\/sites\/3\/2021\/10\/DSC_1470-scaled-1-576x1024.jpg\"><span data-alt=\"\"><\/span><\/a><\/div><div class=\"rsContent\"><a class=\"rsImg\" data-rsw=\"576\" data-rsh=\"1024\" href=\"https:\/\/www.pflegedienst-fidere.de\/pl\/wp-content\/uploads\/sites\/3\/2021\/10\/DSC_1704-576x1024.jpg\"><span data-alt=\"\"><\/span><\/a><\/div><\/div><img src=\"https:\/\/www.pflegedienst-fidere.de\/pl\/wp-content\/uploads\/sites\/3\/2021\/10\/SAM_6037-1024x683.jpg\" width=\"1024\" height=\"683\" alt loading=\"lazy\"><\/div><div class=\"w-slider-json\" onclick='return {&quot;loop&quot;:true,&quot;fadeInLoadedSlide&quot;:false,&quot;slidesSpacing&quot;:0,&quot;imageScalePadding&quot;:0,&quot;numImagesToPreload&quot;:2,&quot;arrowsNav&quot;:true,&quot;arrowsNavAutoHide&quot;:false,&quot;transitionType&quot;:&quot;move&quot;,&quot;transitionSpeed&quot;:250,&quot;block&quot;:{&quot;moveEffect&quot;:&quot;none&quot;,&quot;speed&quot;:300},&quot;controlNavigation&quot;:&quot;none&quot;,&quot;imageScaleMode&quot;:&quot;fit-if-smaller&quot;,&quot;autoScaleSlider&quot;:true,&quot;autoScaleSliderWidth&quot;:1024,&quot;autoScaleSliderHeight&quot;:683,&quot;fitInViewport&quot;:false}'><\/div><\/div><\/div><\/div><\/div><div class=\"vc_col-sm-6 wpb_column vc_column_container\"><div class=\"vc_column-inner\"><div class=\"wpb_wrapper\"><\/div><\/div><\/div><\/div><\/div><\/div><div class=\"vc_col-sm-6 wpb_column vc_column_container\"><div class=\"vc_column-inner\"><div class=\"wpb_wrapper\"><div class=\"g-cols wpb_row us_custom_1bc2313a via_flex valign_middle type_default has_text_color\"><div class=\"vc_col-sm-12 wpb_column vc_column_container\"><div class=\"vc_column-inner\"><div class=\"wpb_wrapper\"><div class=\"w-separator size_medium\"><\/div><div class=\"wpb_text_column us_custom_fe7b04f0 has_text_color\"><div class=\"wpb_wrapper\"><h1>Nasze najwa\u017cniejsze wydarzenia<\/h1>\n<p>Opr\u00f3cz codziennych zaj\u0119\u0107, w naszej \u015bwietlicy regularnie zapewniamy atrakcje.<\/p>\n<p>Wsp\u00f3lnie obchodzimy urodziny, \u015bwi\u0119ta regionalne i narodowe &#8211; tak\u017ce z krewnymi.<\/p>\n<p>Pomi\u0119dzy nimi mamy r\u00f3\u017cne dni tematyczne, kt\u00f3re zabieraj\u0105 naszych go\u015bci na kulturalne i kulinarne wyprawy odkrywcze.<\/p>\n<\/div><\/div><div class=\"w-separator size_huge\"><\/div><\/div><\/div><\/div><\/div><div class=\"w-separator size_medium\"><\/div><\/div><\/div><\/div><\/div><\/div><\/section>\n","protected":false},"excerpt":{"rendered":"Nasza codzienna rutyna Naszym podopiecznym oferujemy codzienn\u0105, ustrukturyzowan\u0105 rutyn\u0119 z r\u00f3\u017cnorodnymi zaj\u0119ciami. Nasz serwis przewozowy odbiera rano podopiecznych z ich dom\u00f3w. Po spokojnej je\u017adzie nasz personel czeka na go\u015bci w przestronnych, pe\u0142nych \u015bwiat\u0142a pokojach na wsp\u00f3lne \u015bniadanie. Po przegl\u0105dzie prasy nast\u0119puje codziennie zmieniaj\u0105cy si\u0119 program zaj\u0119\u0107 z zabawami aktywizuj\u0105cymi i ruchowymi, wycieczkami i dniami tematycznymi....","protected":false},"author":1,"featured_media":0,"parent":72,"menu_order":0,"comment_status":"closed","ping_status":"closed","template":"","meta":[],"_links":{"self":[{"href":"https:\/\/www.pflegedienst-fidere.de\/pl\/wp-json\/wp\/v2\/pages\/77"}],"collection":[{"href":"https:\/\/www.pflegedienst-fidere.de\/pl\/wp-json\/wp\/v2\/pages"}],"about":[{"href":"https:\/\/www.pflegedienst-fidere.de\/pl\/wp-json\/wp\/v2\/types\/page"}],"author":[{"embeddable":true,"href":"https:\/\/www.pflegedienst-fidere.de\/pl\/wp-json\/wp\/v2\/users\/1"}],"replies":[{"embeddable":true,"href":"https:\/\/www.pflegedienst-fidere.de\/pl\/wp-json\/wp\/v2\/comments?post=77"}],"version-history":[{"count":4,"href":"https:\/\/www.pflegedienst-fidere.de\/pl\/wp-json\/wp\/v2\/pages\/77\/revisions"}],"predecessor-version":[{"id":155,"href":"https:\/\/www.pflegedienst-fidere.de\/pl\/wp-json\/wp\/v2\/pages\/77\/revisions\/155"}],"up":[{"embeddable":true,"href":"https:\/\/www.pflegedienst-fidere.de\/pl\/wp-json\/wp\/v2\/pages\/72"}],"wp:attachment":[{"href":"https:\/\/www.pflegedienst-fidere.de\/pl\/wp-json\/wp\/v2\/media?parent=77"}],"curies":[{"name":"wp","href":"https:\/\/api.w.org\/{rel}","templated":true}]}}