{"id":75,"date":"2021-10-25T13:14:04","date_gmt":"2021-10-25T11:14:04","guid":{"rendered":"https:\/\/www.pflegedienst-fidere.de\/pl\/?page_id=75"},"modified":"2021-10-26T10:11:16","modified_gmt":"2021-10-26T08:11:16","slug":"nasze-uslugi","status":"publish","type":"page","link":"https:\/\/www.pflegedienst-fidere.de\/pl\/opieka-dzienna\/nasze-uslugi\/","title":{"rendered":"Nasze us\u0142ugi"},"content":{"rendered":"<section class=\"l-section wpb_row height_auto\"><div class=\"l-section-h i-cf\"><div class=\"g-cols via_flex valign_top type_default\"><div class=\"vc_col-sm-12 wpb_column vc_column_container\"><div class=\"vc_column-inner us_custom_8d5aa4e2\"><div class=\"wpb_wrapper\"><div class=\"g-cols wpb_row via_flex valign_top type_default\"><div class=\"vc_col-sm-8 wpb_column vc_column_container\"><div class=\"vc_column-inner us_custom_df834264\"><div class=\"wpb_wrapper\"><div class=\"w-image us_custom_f25b5667 align_none\"><div class=\"w-image-h\"><img width=\"1024\" height=\"768\" src=\"https:\/\/www.pflegedienst-fidere.de\/pl\/wp-content\/uploads\/sites\/3\/2021\/10\/IMG-20200708-WA0007-1024x768-1.jpg\" class=\"attachment-large size-large\" alt=\"\" loading=\"lazy\" srcset=\"https:\/\/www.pflegedienst-fidere.de\/pl\/wp-content\/uploads\/sites\/3\/2021\/10\/IMG-20200708-WA0007-1024x768-1.jpg 1024w, https:\/\/www.pflegedienst-fidere.de\/pl\/wp-content\/uploads\/sites\/3\/2021\/10\/IMG-20200708-WA0007-1024x768-1-300x225.jpg 300w\" sizes=\"(max-width: 1024px) 100vw, 1024px\" \/><\/div><\/div><div class=\"w-separator size_medium\"><\/div><\/div><\/div><\/div><div class=\"vc_col-sm-4 wpb_column vc_column_container\"><div class=\"vc_column-inner\"><div class=\"vc_column-overlay\" style=\"background:var(--color-header-transparent-bg)\"><\/div><div class=\"wpb_wrapper\"><div class=\"w-separator size_large\"><\/div><div class=\"w-image align_none\"><div class=\"w-image-h\"><img width=\"768\" height=\"1024\" src=\"https:\/\/www.pflegedienst-fidere.de\/pl\/wp-content\/uploads\/sites\/3\/2021\/10\/Blumen-aussaehen-768x1024-1.jpg\" class=\"attachment-large size-large\" alt=\"\" loading=\"lazy\" srcset=\"https:\/\/www.pflegedienst-fidere.de\/pl\/wp-content\/uploads\/sites\/3\/2021\/10\/Blumen-aussaehen-768x1024-1.jpg 768w, https:\/\/www.pflegedienst-fidere.de\/pl\/wp-content\/uploads\/sites\/3\/2021\/10\/Blumen-aussaehen-768x1024-1-225x300.jpg 225w\" sizes=\"(max-width: 768px) 100vw, 768px\" \/><\/div><\/div><\/div><\/div><\/div><\/div><div class=\"w-separator size_large\"><\/div><\/div><\/div><\/div><\/div><\/div><\/section><section class=\"l-section wpb_row height_auto\"><div class=\"l-section-h i-cf\"><div class=\"g-cols via_flex valign_top type_default\"><div class=\"vc_col-sm-12 wpb_column vc_column_container\"><div class=\"vc_column-inner\"><div class=\"wpb_wrapper\"><div class=\"g-cols wpb_row via_flex valign_top type_default\"><div class=\"vc_col-sm-12 wpb_column vc_column_container has_text_color\"><div class=\"vc_column-inner us_custom_19fbb1ac\"><div class=\"vc_column-overlay\" style=\"background:#3297E1\"><\/div><div class=\"wpb_wrapper\">[vc_custom_heading text=&#8221;Opieka w ci\u0105gu dnia &#8211; wieczorem w domu.&#8221; use_theme_fonts=&#8221;yes&#8221;]<div class=\"wpb_text_column\"><div class=\"wpb_wrapper\"><p>Osoby, kt\u00f3re s\u0105 pod opiek\u0105 w domu, cz\u0119sto odczuwaj\u0105 nud\u0119 i samotno\u015b\u0107. Je\u015bli jednak opiek\u0119 sprawuj\u0105 krewni, cz\u0119sto mog\u0105 oni tylko w ograniczonym zakresie realizowa\u0107 swoje kontakty towarzyskie lub pracowa\u0107, a potem martwi\u0107 si\u0119 o swoich bliskich.<\/p>\n<p>To w\u0142a\u015bnie tutaj opieka dzienna jest atrakcyjnym uzupe\u0142nieniem opieki domowej. Tutaj nasi podopieczni do\u015bwiadczaj\u0105 profesjonalnej opieki i wsparcia w ci\u0105gu dnia oraz zorganizowanej codziennej rutyny w towarzystwie innych ludzi. Nadal mieszkaj\u0105 w znanym sobie otoczeniu i s\u0105 tam wspierani przez swoich krewnych lub us\u0142ugi opieku\u0144cze. Pobyt w plac\u00f3wce dziennej opieki odci\u0105\u017ca krewnych i mo\u017ce op\u00f3\u017ani\u0107 lub nawet ca\u0142kowicie unikn\u0105\u0107 instytucjonalizacji.<\/p>\n<\/div><\/div><\/div><\/div><\/div><\/div><\/div><\/div><\/div><\/div><\/div><\/section><section class=\"l-section wpb_row us_custom_0f8f44b7 height_auto\"><div class=\"l-section-h i-cf\"><div class=\"g-cols via_flex valign_top type_default\"><div class=\"vc_col-sm-6 wpb_column vc_column_container has_text_color\"><div class=\"vc_column-inner us_custom_3adad2f2\"><div class=\"vc_column-overlay\" style=\"background:#3297E1\"><\/div><div class=\"wpb_wrapper\"><div class=\"w-iconbox us_custom_66ce2e51 iconpos_left style_outlined color_secondary align_left no_text\"><div class=\"w-iconbox-icon\" style=\"font-size:12px;\"><i class=\"fas fa-check\"><\/i><\/div><div class=\"w-iconbox-meta\"><h3 class=\"w-iconbox-title\">Opieka piel\u0119gniarska<\/h3><\/div><\/div><div class=\"wpb_text_column\"><div class=\"wpb_wrapper\"><p>W opiece dziennej, nasze zarejestrowane piel\u0119gniarki zapewniaj\u0105 opiek\u0119 medyczn\u0105 zgodnie z Kodeksem Socjalnym 5 (SGB V), je\u015bli jest to zalecane przez lekarza. Nasze us\u0142ugi w zakresie opieki medycznej obejmuj\u0105 m.in:<\/p>\n<\/div><\/div><\/div><\/div><\/div><div class=\"vc_col-sm-6 wpb_column vc_column_container\"><div class=\"vc_column-inner us_custom_03ee8309\"><div class=\"vc_column-overlay\" style=\"background:#ffffff\"><\/div><div class=\"wpb_wrapper\"><div class=\"wpb_text_column us_custom_8c42ed40\"><div class=\"wpb_wrapper\"><ul>\n<li>Pomoc w przyjmowaniu lek\u00f3w<\/li>\n<li>Pomiar ci\u015bnienia krwi, pulsu i cukru we krwi, zastrzyki,<\/li>\n<li>Zak\u0142adanie i zdejmowanie po\u0144czoch uciskowych.<\/li>\n<li>Piel\u0119gnacja inkontynencji<\/li>\n<\/ul>\n<\/div><\/div><\/div><\/div><\/div><\/div><\/div><\/section><section class=\"l-section wpb_row us_custom_0f8f44b7 height_auto\"><div class=\"l-section-h i-cf\"><div class=\"g-cols via_flex valign_top type_default\"><div class=\"vc_col-sm-6 wpb_column vc_column_container has_text_color\"><div class=\"vc_column-inner us_custom_b64cb71a\"><div class=\"vc_column-overlay\" style=\"background:#3297E1\"><\/div><div class=\"wpb_wrapper\"><div class=\"w-iconbox us_custom_66ce2e51 iconpos_left style_outlined color_secondary align_left no_text\"><div class=\"w-iconbox-icon\" style=\"font-size:12px;\"><i class=\"fas fa-check\"><\/i><\/div><div class=\"w-iconbox-meta\"><h3 class=\"w-iconbox-title\">Opieka specjalna<\/h3><\/div><\/div><div class=\"wpb_text_column\"><div class=\"wpb_wrapper\"><p>Cz\u0119sto gerontologiczni pacjenci psychiatryczni wymagaj\u0105 szczeg\u00f3lnej opieki i indywidualnego wsparcia..:<\/p>\n<\/div><\/div><\/div><\/div><\/div><div class=\"vc_col-sm-6 wpb_column vc_column_container\"><div class=\"vc_column-inner us_custom_03ee8309\"><div class=\"vc_column-overlay\" style=\"background:#ffffff\"><\/div><div class=\"wpb_wrapper\"><div class=\"wpb_text_column us_custom_8c42ed40\"><div class=\"wpb_wrapper\"><ul>\n<li>Opieka nad demencj\u0105<\/li>\n<\/ul>\n<\/div><\/div><\/div><\/div><\/div><\/div><\/div><\/section><section class=\"l-section wpb_row us_custom_0f8f44b7 height_auto\"><div class=\"l-section-h i-cf\"><div class=\"g-cols via_flex valign_top type_default\"><div class=\"vc_col-sm-6 wpb_column vc_column_container has_text_color\"><div class=\"vc_column-inner us_custom_b64cb71a\"><div class=\"vc_column-overlay\" style=\"background:#3297E1\"><\/div><div class=\"wpb_wrapper\"><div class=\"w-iconbox us_custom_66ce2e51 iconpos_left style_outlined color_secondary align_left no_text\"><div class=\"w-iconbox-icon\" style=\"font-size:12px;\"><i class=\"fas fa-check\"><\/i><\/div><div class=\"w-iconbox-meta\"><h3 class=\"w-iconbox-title\">Codzienna pomoc i catering<\/h3><\/div><\/div><div class=\"wpb_text_column\"><div class=\"wpb_wrapper\"><\/div><\/div><\/div><\/div><\/div><div class=\"vc_col-sm-6 wpb_column vc_column_container\"><div class=\"vc_column-inner us_custom_03ee8309\"><div class=\"vc_column-overlay\" style=\"background:#ffffff\"><\/div><div class=\"wpb_wrapper\"><div class=\"wpb_text_column us_custom_8c42ed40\"><div class=\"wpb_wrapper\"><ul>\n<li>Us\u0142ugi transportowe<\/li>\n<li>\u015aniadanie, obiad, kawa<\/li>\n<li>Fryzjer, chiropody<\/li>\n<\/ul>\n<\/div><\/div><\/div><\/div><\/div><\/div><\/div><\/section><section class=\"l-section wpb_row us_custom_0f8f44b7 height_auto\"><div class=\"l-section-h i-cf\"><div class=\"g-cols via_flex valign_top type_default\"><div class=\"vc_col-sm-6 wpb_column vc_column_container has_text_color\"><div class=\"vc_column-inner us_custom_b64cb71a\"><div class=\"vc_column-overlay\" style=\"background:#3297E1\"><\/div><div class=\"wpb_wrapper\"><div class=\"w-iconbox us_custom_66ce2e51 iconpos_left style_outlined color_secondary align_left no_text\"><div class=\"w-iconbox-icon\" style=\"font-size:12px;\"><i class=\"fas fa-check\"><\/i><\/div><div class=\"w-iconbox-meta\"><h3 class=\"w-iconbox-title\">Indywidualne lub grupowe terapie dla cia\u0142a i duszy<\/h3><\/div><\/div><div class=\"wpb_text_column\"><div class=\"wpb_wrapper\"><\/div><\/div><\/div><\/div><\/div><div class=\"vc_col-sm-6 wpb_column vc_column_container\"><div class=\"vc_column-inner us_custom_03ee8309\"><div class=\"vc_column-overlay\" style=\"background:#ffffff\"><\/div><div class=\"wpb_wrapper\"><div class=\"wpb_text_column us_custom_8c42ed40\"><div class=\"wpb_wrapper\"><ul>\n<li>Terapia ruchowa Fizjoterapia i terapia zaj\u0119ciowa Gimnastyka w pozycji siedz\u0105cej Terapia mowy (na recept\u0119)<\/li>\n<li>Terapia zaj\u0119ciowa Trening pami\u0119ci Trening orientacji Muzykoterapia i terapia z psem Praca z biografi\u0105<\/li>\n<\/ul>\n<\/div><\/div><\/div><\/div><\/div><\/div><\/div><\/section><section class=\"l-section wpb_row us_custom_0f8f44b7 height_auto\"><div class=\"l-section-h i-cf\"><div class=\"g-cols via_flex valign_top type_default\"><div class=\"vc_col-sm-6 wpb_column vc_column_container has_text_color\"><div class=\"vc_column-inner us_custom_b64cb71a\"><div class=\"vc_column-overlay\" style=\"background:#3297E1\"><\/div><div class=\"wpb_wrapper\"><div class=\"w-iconbox us_custom_66ce2e51 iconpos_left style_outlined color_secondary align_left no_text\"><div class=\"w-iconbox-icon\" style=\"font-size:12px;\"><i class=\"fas fa-check\"><\/i><\/div><div class=\"w-iconbox-meta\"><h3 class=\"w-iconbox-title\">Dzia\u0142alno\u015b\u0107 rekreacyjna<\/h3><\/div><\/div><div class=\"wpb_text_column\"><div class=\"wpb_wrapper\"><\/div><\/div><\/div><\/div><\/div><div class=\"vc_col-sm-6 wpb_column vc_column_container\"><div class=\"vc_column-inner us_custom_03ee8309\"><div class=\"vc_column-overlay\" style=\"background:#ffffff\"><\/div><div class=\"wpb_wrapper\"><div class=\"wpb_text_column us_custom_8c42ed40\"><div class=\"wpb_wrapper\"><ul>\n<li>R\u0119kodzie\u0142o, r\u0119kodzie\u0142o, \u015bpiew, czytanie, czytanie na g\u0142os, zabawa, rozmowy, film i muzyka, przegl\u0105danie gazet<\/li>\n<li>Spacery, wycieczki w mniejszych grupach<\/li>\n<li>Omawianie i celebrowanie zwyczaj\u00f3w i tradycji regionalnych, wsp\u00f3lne \u015bwi\u0119towanie, np. urodzin<\/li>\n<li>Imprezy muzyczne z udzia\u0142em krewnych<\/li>\n<li>Gotowanie i pieczenie wed\u0142ug pomys\u0142\u00f3w go\u015bci, dni tematyczne, np. &#8222;Podr\u00f3\u017c kulinarna<\/li>\n<li>Wsparcie w realizacji pomys\u0142\u00f3w go\u015bci, np. hotel owad\u00f3w<\/li>\n<\/ul>\n<\/div><\/div><\/div><\/div><\/div><\/div><\/div><\/section><section class=\"l-section wpb_row us_custom_0f8f44b7 height_auto\"><div class=\"l-section-h i-cf\"><div class=\"g-cols via_flex valign_top type_default\"><div class=\"vc_col-sm-6 wpb_column vc_column_container has_text_color\"><div class=\"vc_column-inner us_custom_b64cb71a\"><div class=\"vc_column-overlay\" style=\"background:#3297E1\"><\/div><div class=\"wpb_wrapper\"><div class=\"w-iconbox us_custom_66ce2e51 iconpos_left style_outlined color_secondary align_left no_text\"><div class=\"w-iconbox-icon\" style=\"font-size:12px;\"><i class=\"fas fa-check\"><\/i><\/div><div class=\"w-iconbox-meta\"><h3 class=\"w-iconbox-title\">Konsultacje<\/h3><\/div><\/div><div class=\"wpb_text_column\"><div class=\"wpb_wrapper\"><p>Kto jest uprawniony do opieki dziennej? Ile to kosztuje? Co wyp\u0142aca fundusz ubezpiecze\u0144 na wypadek d\u0142ugotrwa\u0142ej opieki? Jakie wnioski nale\u017cy sk\u0142ada\u0107, gdzie i w jaki spos\u00f3b? Pomo\u017cemy Ci w tych i podobnych pytaniach s\u0142owem i czynem. Zach\u0119camy do zadawania pyta\u0144 i opisywania swoich indywidualnych potrzeb. Ch\u0119tnie pomo\u017cemy Pa\u0144stwu, np. przy:<\/p>\n<\/div><\/div><\/div><\/div><\/div><div class=\"vc_col-sm-6 wpb_column vc_column_container\"><div class=\"vc_column-inner us_custom_03ee8309\"><div class=\"vc_column-overlay\" style=\"background:#ffffff\"><\/div><div class=\"wpb_wrapper\"><div class=\"wpb_text_column us_custom_8c42ed40\"><div class=\"wpb_wrapper\"><ul>\n<li>Wniosek o nadanie stopnia naukowego<\/li>\n<li>Bezp\u0142atny &#8222;dzie\u0144 pr\u00f3bny<\/li>\n<\/ul>\n<\/div><\/div><\/div><\/div><\/div><\/div><\/div><\/section><section class=\"l-section wpb_row us_custom_0f8f44b7 height_auto\"><div class=\"l-section-h i-cf\"><div class=\"g-cols via_flex valign_top type_default\"><div class=\"vc_col-sm-6 wpb_column vc_column_container has_text_color\"><div class=\"vc_column-inner us_custom_b64cb71a\"><div class=\"vc_column-overlay\" style=\"background:#3297E1\"><\/div><div class=\"wpb_wrapper\"><div class=\"w-iconbox us_custom_66ce2e51 iconpos_left style_outlined color_secondary align_left no_text\"><div class=\"w-iconbox-icon\" style=\"font-size:12px;\"><i class=\"fas fa-check\"><\/i><\/div><div class=\"w-iconbox-meta\"><h3 class=\"w-iconbox-title\">Ceny<\/h3><\/div><\/div><div class=\"wpb_text_column\"><div class=\"wpb_wrapper\"><\/div><\/div><\/div><\/div><\/div><div class=\"vc_col-sm-6 wpb_column vc_column_container\"><div class=\"vc_column-inner us_custom_03ee8309\"><div class=\"vc_column-overlay\" style=\"background:#ffffff\"><\/div><div class=\"wpb_wrapper\"><div class=\"w-iconbox iconpos_left style_default color_primary align_left no_text\"><a target=\"_blank\" href=\"https:\/\/www.pflegedienst-fidere.de\/wp-content\/uploads\/2021\/09\/Test.pdf\" rel=\"noopener\" class=\"w-iconbox-link\" aria-label=\"Cennik w trakcie realizacji\"><div class=\"w-iconbox-icon\" style=\"font-size:2rem;\"><i class=\"fas fa-download\"><\/i><\/div><\/a><div class=\"w-iconbox-meta\"><a target=\"_blank\" href=\"https:\/\/www.pflegedienst-fidere.de\/wp-content\/uploads\/2021\/09\/Test.pdf\" rel=\"noopener\" class=\"w-iconbox-link\" aria-label=\"Cennik w trakcie realizacji\"><h4 class=\"w-iconbox-title\">Cennik w trakcie realizacji<\/h4><\/a><\/div><\/div><\/div><\/div><\/div><\/div><\/div><\/section><section class=\"l-section wpb_row height_medium\"><div class=\"l-section-h i-cf\"><div class=\"g-cols via_flex valign_top type_default\"><div class=\"vc_col-sm-12 wpb_column vc_column_container\"><div class=\"vc_column-inner\"><div class=\"wpb_wrapper\"><div class=\"w-separator size_large\"><\/div><\/div><\/div><\/div><\/div><\/div><\/section><section class=\"l-section wpb_row height_medium\"><div class=\"l-section-h i-cf\"><div class=\"g-cols via_flex valign_top type_default\"><div class=\"vc_col-sm-12 wpb_column vc_column_container\"><div class=\"vc_column-inner\"><div class=\"wpb_wrapper\"><div class=\"w-separator size_medium\"><\/div><\/div><\/div><\/div><\/div><\/div><\/section>\n","protected":false},"excerpt":{"rendered":"[vc_custom_heading text=\"Opieka w ci\u0105gu dnia - wieczorem w domu.\" use_theme_fonts=\"yes\"]Osoby, kt\u00f3re s\u0105 pod opiek\u0105 w domu, cz\u0119sto odczuwaj\u0105 nud\u0119 i samotno\u015b\u0107. Je\u015bli jednak opiek\u0119 sprawuj\u0105 krewni, cz\u0119sto mog\u0105 oni tylko w ograniczonym zakresie realizowa\u0107 swoje kontakty towarzyskie lub pracowa\u0107, a potem martwi\u0107 si\u0119 o swoich bliskich. To w\u0142a\u015bnie tutaj opieka dzienna jest atrakcyjnym uzupe\u0142nieniem opieki...","protected":false},"author":1,"featured_media":0,"parent":72,"menu_order":0,"comment_status":"closed","ping_status":"closed","template":"","meta":[],"_links":{"self":[{"href":"https:\/\/www.pflegedienst-fidere.de\/pl\/wp-json\/wp\/v2\/pages\/75"}],"collection":[{"href":"https:\/\/www.pflegedienst-fidere.de\/pl\/wp-json\/wp\/v2\/pages"}],"about":[{"href":"https:\/\/www.pflegedienst-fidere.de\/pl\/wp-json\/wp\/v2\/types\/page"}],"author":[{"embeddable":true,"href":"https:\/\/www.pflegedienst-fidere.de\/pl\/wp-json\/wp\/v2\/users\/1"}],"replies":[{"embeddable":true,"href":"https:\/\/www.pflegedienst-fidere.de\/pl\/wp-json\/wp\/v2\/comments?post=75"}],"version-history":[{"count":4,"href":"https:\/\/www.pflegedienst-fidere.de\/pl\/wp-json\/wp\/v2\/pages\/75\/revisions"}],"predecessor-version":[{"id":200,"href":"https:\/\/www.pflegedienst-fidere.de\/pl\/wp-json\/wp\/v2\/pages\/75\/revisions\/200"}],"up":[{"embeddable":true,"href":"https:\/\/www.pflegedienst-fidere.de\/pl\/wp-json\/wp\/v2\/pages\/72"}],"wp:attachment":[{"href":"https:\/\/www.pflegedienst-fidere.de\/pl\/wp-json\/wp\/v2\/media?parent=75"}],"curies":[{"name":"wp","href":"https:\/\/api.w.org\/{rel}","templated":true}]}}