{"id":54,"date":"2021-10-25T11:51:50","date_gmt":"2021-10-25T09:51:50","guid":{"rendered":"https:\/\/www.pflegedienst-fidere.de\/pl\/?page_id=54"},"modified":"2021-10-25T12:02:20","modified_gmt":"2021-10-25T10:02:20","slug":"nasze-uslugi","status":"publish","type":"page","link":"https:\/\/www.pflegedienst-fidere.de\/pl\/uslugi-pielegniarskie\/nasze-uslugi\/","title":{"rendered":"Nasze us\u0142ugi"},"content":{"rendered":"<section class=\"l-section wpb_row height_auto\"><div class=\"l-section-h i-cf\"><div class=\"g-cols via_flex valign_top type_default\"><div class=\"vc_col-sm-12 wpb_column vc_column_container\"><div class=\"vc_column-inner\"><div class=\"wpb_wrapper\"><div class=\"w-separator size_medium\"><\/div><\/div><\/div><\/div><\/div><\/div><\/section><section class=\"l-section wpb_row height_auto\"><div class=\"l-section-h i-cf\"><div class=\"g-cols via_flex valign_top type_default\"><div class=\"vc_col-sm-12 wpb_column vc_column_container\"><div class=\"vc_column-inner us_custom_8d5aa4e2\"><div class=\"wpb_wrapper\"><div class=\"g-cols wpb_row via_flex valign_top type_default\"><div class=\"vc_col-sm-6 wpb_column vc_column_container\"><div class=\"vc_column-inner\"><div class=\"vc_column-overlay\" style=\"background:#ffffff\"><\/div><div class=\"wpb_wrapper\"><div class=\"w-image us_custom_c96ace34 align_none\"><div class=\"w-image-h\"><img width=\"1024\" height=\"683\" src=\"https:\/\/www.pflegedienst-fidere.de\/pl\/wp-content\/uploads\/sites\/3\/2021\/10\/SAM_7045-1024x683-2.jpg\" class=\"attachment-large size-large\" alt=\"\" loading=\"lazy\" srcset=\"https:\/\/www.pflegedienst-fidere.de\/pl\/wp-content\/uploads\/sites\/3\/2021\/10\/SAM_7045-1024x683-2.jpg 1024w, https:\/\/www.pflegedienst-fidere.de\/pl\/wp-content\/uploads\/sites\/3\/2021\/10\/SAM_7045-1024x683-2-300x200.jpg 300w\" sizes=\"(max-width: 1024px) 100vw, 1024px\" \/><\/div><\/div><\/div><\/div><\/div><div class=\"vc_col-sm-6 wpb_column vc_column_container\"><div class=\"vc_column-inner\"><div class=\"wpb_wrapper\"><div class=\"wpb_text_column us_custom_3fbe9826 has_text_color\"><div class=\"wpb_wrapper\"><p>&#8222;Moje us\u0142ugi opieku\u0144cze od 20 lat!<\/p>\n<p>Doradzaj\u0105 mi w ka\u017cdej sytuacji. Dbaj\u0105 o moje zdrowie, s\u0105 punktualni, mili i pomocni.<\/p>\n<p>Doceniam to, \u017ce wszystko jest w jednym r\u0119ku, a moja opiekunka przejmuje ca\u0142\u0105 codzienn\u0105 rutyn\u0119. W nag\u0142ych wypadkach zawsze mam osob\u0119 kontaktow\u0105&#8221;.<\/p>\n<p>Christa Grimmer (pacjentka od 2002 r.)<\/p>\n<\/div><\/div><\/div><\/div><\/div><\/div><\/div><\/div><\/div><\/div><\/div><\/section><section class=\"l-section wpb_row height_auto\"><div class=\"l-section-h i-cf\"><div class=\"g-cols via_flex valign_top type_default\"><div class=\"vc_col-sm-12 wpb_column vc_column_container\"><div class=\"vc_column-inner\"><div class=\"wpb_wrapper\"><div class=\"g-cols wpb_row via_flex valign_top type_default\"><div class=\"vc_col-sm-12 wpb_column vc_column_container has_text_color\"><div class=\"vc_column-inner us_custom_19fbb1ac\"><div class=\"vc_column-overlay\" style=\"background:#3297E1\"><\/div><div class=\"wpb_wrapper\">[vc_custom_heading text=&#8221;Opieka w domu&#8221; use_theme_fonts=&#8221;yes&#8221;]<div class=\"wpb_text_column\"><div class=\"wpb_wrapper\"><p>Jest to wielka przerwa w \u017cyciu rodziny, gdy sami lub ukochany krewny staje si\u0119 wymagaj\u0105cy opieki. Aby Tw\u00f3j dom m\u00f3g\u0142 pozosta\u0107 centrum Twojego \u017cycia, wspieramy Ci\u0119 naszym serwisem opieku\u0144czym i nasz\u0105 dzienn\u0105 opiek\u0105 FIDERE. Aby to zrobi\u0107, prosimy o Pa\u0144stwa zaufanie. Nasi kompetentni, niezawodni i przyja\u017ani pracownicy dok\u0142adaj\u0105 wszelkich stara\u0144, aby to zaufanie zdobywa\u0107 ka\u017cdego dnia na nowo.<\/p>\n<p>Serdecznie zapraszamy do bli\u017cszego zapoznania si\u0119 z nami i naszymi us\u0142ugami.<\/p>\n<\/div><\/div><\/div><\/div><\/div><\/div><\/div><\/div><\/div><\/div><\/div><\/section><section class=\"l-section wpb_row us_custom_0f8f44b7 height_auto\"><div class=\"l-section-h i-cf\"><div class=\"g-cols via_flex valign_top type_default\"><div class=\"vc_col-sm-6 wpb_column vc_column_container has_text_color\"><div class=\"vc_column-inner us_custom_3adad2f2\"><div class=\"vc_column-overlay\" style=\"background:#3297E1\"><\/div><div class=\"wpb_wrapper\"><div class=\"w-iconbox us_custom_66ce2e51 iconpos_left style_outlined color_secondary align_left no_text\"><div class=\"w-iconbox-icon\" style=\"font-size:12px;\"><i class=\"fas fa-check\"><\/i><\/div><div class=\"w-iconbox-meta\"><h3 class=\"w-iconbox-title\">Podstawowa opieka<\/h3><\/div><\/div><div class=\"wpb_text_column\"><div class=\"wpb_wrapper\"><p>Mycie si\u0119, jedzenie, picie, chodzenie do toalety &#8211; osoby wymagaj\u0105ce opieki nie mog\u0105 ju\u017c wykonywa\u0107 tych czynno\u015bci bez pomocy. W zwi\u0105zku z tym maj\u0105 prawo do podstawowej opieki zgodnie z Kodeksem Spo\u0142ecznym Ksi\u0119ga 11 (SGB XI). Do naszych podstawowych us\u0142ug piel\u0119gnacyjnych nale\u017c\u0105 m.in:<\/p>\n<\/div><\/div><\/div><\/div><\/div><div class=\"vc_col-sm-6 wpb_column vc_column_container\"><div class=\"vc_column-inner us_custom_03ee8309\"><div class=\"vc_column-overlay\" style=\"background:#ffffff\"><\/div><div class=\"wpb_wrapper\"><div class=\"wpb_text_column us_custom_8c42ed40\"><div class=\"wpb_wrapper\"><ul>\n<li>Je\u015bli pojawia si\u0119 potrzeba opieki, to wszyscy, kt\u00f3rych ona dotyczy, musz\u0105<\/li>\n<li>Higiena osobista, po\u015bciel i u\u0142o\u017cenie cia\u0142a<\/li>\n<li>Pomoc przy toalecie i zmianie odzie\u017cy<\/li>\n<li>Pomoc w karmieniu i karmienie przez rurk\u0119<\/li>\n<li>Stosowanie produkt\u00f3w do inkontynencji<\/li>\n<\/ul>\n<\/div><\/div><\/div><\/div><\/div><\/div><\/div><\/section><section class=\"l-section wpb_row us_custom_0f8f44b7 height_auto\"><div class=\"l-section-h i-cf\"><div class=\"g-cols via_flex valign_top type_default\"><div class=\"vc_col-sm-6 wpb_column vc_column_container has_text_color\"><div class=\"vc_column-inner us_custom_b64cb71a\"><div class=\"vc_column-overlay\" style=\"background:#3297E1\"><\/div><div class=\"wpb_wrapper\"><div class=\"w-iconbox us_custom_66ce2e51 iconpos_left style_outlined color_secondary align_left no_text\"><div class=\"w-iconbox-icon\" style=\"font-size:12px;\"><i class=\"fas fa-check\"><\/i><\/div><div class=\"w-iconbox-meta\"><h3 class=\"w-iconbox-title\">Opieka lecznicza<\/h3><\/div><\/div><div class=\"wpb_text_column\"><div class=\"wpb_wrapper\"><p>Pacjenci wymagaj\u0105cy opieki cz\u0119sto potrzebuj\u0105 r\u00f3wnie\u017c pomocy medycznej w domu. Opieka medyczna zgodnie z Kodeksem Spo\u0142ecznym Ksi\u0119ga 5 (SGB V) obejmuje wszystkie czynno\u015bci, kt\u00f3re s\u0105 wykonywane przez wykwalifikowany personel piel\u0119gniarski w domu dla pacjenta wymagaj\u0105cego opieki na podstawie recepty lekarskiej. Nasze us\u0142ugi w zakresie opieki medycznej obejmuj\u0105 m.in:<\/p>\n<\/div><\/div><\/div><\/div><\/div><div class=\"vc_col-sm-6 wpb_column vc_column_container\"><div class=\"vc_column-inner us_custom_03ee8309\"><div class=\"vc_column-overlay\" style=\"background:#ffffff\"><\/div><div class=\"wpb_wrapper\"><div class=\"wpb_text_column us_custom_8c42ed40\"><div class=\"wpb_wrapper\"><ul>\n<li>Pomoc w przyjmowaniu lek\u00f3w<\/li>\n<li>Piel\u0119gnacja ran, leczenie stomii, piel\u0119gnacja port\u00f3w, \u017cywienie pozajelitowe<\/li>\n<li>Pomiar ci\u015bnienia krwi, pulsu i cukru we krwi, zastrzyki,<\/li>\n<li>Zak\u0142adanie i zdejmowanie po\u0144czoch uciskowych i banda\u017cy.<\/li>\n<\/ul>\n<\/div><\/div><\/div><\/div><\/div><\/div><\/div><\/section><section class=\"l-section wpb_row us_custom_0f8f44b7 height_auto\"><div class=\"l-section-h i-cf\"><div class=\"g-cols via_flex valign_top type_default\"><div class=\"vc_col-sm-6 wpb_column vc_column_container has_text_color\"><div class=\"vc_column-inner us_custom_b64cb71a\"><div class=\"vc_column-overlay\" style=\"background:#3297E1\"><\/div><div class=\"wpb_wrapper\"><div class=\"w-iconbox us_custom_66ce2e51 iconpos_left style_outlined color_secondary align_left no_text\"><div class=\"w-iconbox-icon\" style=\"font-size:12px;\"><i class=\"fas fa-check\"><\/i><\/div><div class=\"w-iconbox-meta\"><h3 class=\"w-iconbox-title\">Pomoc w prowadzeniu gospodarstwa domowego i opieka domowa<\/h3><\/div><\/div><div class=\"wpb_text_column\"><div class=\"wpb_wrapper\"><p>Osoby, kt\u00f3re nie s\u0105 w stanie samodzielnie prowadzi\u0107 gospodarstwa domowego, maj\u0105 prawo do pomocy domowej (\u00a738 SGB XI) lub opieki domowej (SGB V) oraz opieki wspieraj\u0105cej (\u00a737 SGB XI) nawet bez dyplomu opiekuna. Nasze wykwalifikowane gosposie przejmuj\u0105 najr\u00f3\u017cniejsze zadania zwi\u0105zane z codziennymi pracami domowymi na okres do 6 tygodni w zale\u017cno\u015bci od potrzeb, w tym:<\/p>\n<\/div><\/div><\/div><\/div><\/div><div class=\"vc_col-sm-6 wpb_column vc_column_container\"><div class=\"vc_column-inner us_custom_03ee8309\"><div class=\"vc_column-overlay\" style=\"background:#ffffff\"><\/div><div class=\"wpb_wrapper\"><div class=\"wpb_text_column us_custom_8c42ed40\"><div class=\"wpb_wrapper\"><ul>\n<li>Zaopatrzenie w leki i \u015brodki pomocnicze<\/li>\n<li>Pomoc w robieniu zakup\u00f3w,<\/li>\n<li>przygotowywanie posi\u0142k\u00f3w,<\/li>\n<li>sprz\u0105tanie mieszkania,<\/li>\n<li>zmiana i pranie odzie\u017cy.<\/li>\n<\/ul>\n<\/div><\/div><\/div><\/div><\/div><\/div><\/div><\/section><section class=\"l-section wpb_row us_custom_0f8f44b7 height_auto\"><div class=\"l-section-h i-cf\"><div class=\"g-cols via_flex valign_top type_default\"><div class=\"vc_col-sm-6 wpb_column vc_column_container has_text_color\"><div class=\"vc_column-inner us_custom_b64cb71a\"><div class=\"vc_column-overlay\" style=\"background:#3297E1\"><\/div><div class=\"wpb_wrapper\"><div class=\"w-iconbox us_custom_66ce2e51 iconpos_left style_outlined color_secondary align_left no_text\"><div class=\"w-iconbox-icon\" style=\"font-size:12px;\"><i class=\"fas fa-check\"><\/i><\/div><div class=\"w-iconbox-meta\"><h3 class=\"w-iconbox-title\">Codzienne towarzystwo<\/h3><\/div><\/div><div class=\"wpb_text_column\"><div class=\"wpb_wrapper\"><p>Opiekunowie rodzinni cz\u0119sto potrzebuj\u0105 tak\u017ce pomocy i swobody w codziennym \u017cyciu. Osoby zakwalifikowane do poziomu opieki 2 lub wy\u017cszego maj\u0105 prawo do codziennego towarzystwa jako dodatku do opieki. Nasi codzienni towarzysze wspieraj\u0105 Ci\u0119 w poprawie jako\u015bci \u017cycia Twojego i Twoich bliskich wymagaj\u0105cych opieki. Obejmuje to mi\u0119dzy innymi:<\/p>\n<\/div><\/div><\/div><\/div><\/div><div class=\"vc_col-sm-6 wpb_column vc_column_container\"><div class=\"vc_column-inner us_custom_03ee8309\"><div class=\"vc_column-overlay\" style=\"background:#ffffff\"><\/div><div class=\"wpb_wrapper\"><div class=\"wpb_text_column us_custom_8c42ed40\"><div class=\"wpb_wrapper\"><ul>\n<li>Lekka dzia\u0142alno\u015b\u0107 opieku\u0144cza<\/li>\n<li>Opieka i aktywizacja, np. szkolenia z zakresu demencji<\/li>\n<li>Uzyskiwanie recept i lekarstw<\/li>\n<li>Spacery i towarzyszenie w zaj\u0119ciach i wizytach u lekarza<\/li>\n<li>Rozmowy i czas sp\u0119dzony razem<\/li>\n<\/ul>\n<\/div><\/div><\/div><\/div><\/div><\/div><\/div><\/section><section class=\"l-section wpb_row us_custom_0f8f44b7 height_auto\"><div class=\"l-section-h i-cf\"><div class=\"g-cols via_flex valign_top type_default\"><div class=\"vc_col-sm-6 wpb_column vc_column_container has_text_color\"><div class=\"vc_column-inner us_custom_b64cb71a\"><div class=\"vc_column-overlay\" style=\"background:#3297E1\"><\/div><div class=\"wpb_wrapper\"><div class=\"w-iconbox us_custom_66ce2e51 iconpos_left style_outlined color_secondary align_left no_text\"><div class=\"w-iconbox-icon\" style=\"font-size:12px;\"><i class=\"fas fa-check\"><\/i><\/div><div class=\"w-iconbox-meta\"><h3 class=\"w-iconbox-title\">Porady dotycz\u0105ce piel\u0119gnacji<\/h3><\/div><\/div><div class=\"wpb_text_column\"><div class=\"wpb_wrapper\"><p>Kiedy pojawia si\u0119 potrzeba opieki d\u0142ugoterminowej, wszyscy zainteresowani potrzebuj\u0105 kompetentnej i rzetelnej informacji o tym, co dok\u0142adnie nale\u017cy zrobi\u0107. Po szczeg\u00f3\u0142owej i bezp\u0142atnej konsultacji nasi wykwalifikowani doradcy ds. opieki okre\u015bl\u0105 Pa\u0144stwa indywidualne potrzeby w zakresie opieki, rzeczywiste koszty oraz uprawnienia do dotacji pa\u0144stwowych. Ch\u0119tnie doradzimy Pa\u0144stwu w zakresie wszystkich ustaw, przepis\u00f3w i zastosowa\u0144. S\u0105 to np:<\/p>\n<\/div><\/div><\/div><\/div><\/div><div class=\"vc_col-sm-6 wpb_column vc_column_container\"><div class=\"vc_column-inner us_custom_03ee8309\"><div class=\"vc_column-overlay\" style=\"background:#ffffff\"><\/div><div class=\"wpb_wrapper\"><div class=\"wpb_text_column us_custom_8c42ed40\"><div class=\"wpb_wrapper\"><ul>\n<li>Wniosek o nadanie stopnia opiekuna<\/li>\n<li>Wniosek o przyznanie pomocy\/ systemu powiadamiania ratunkowego\/ dotacji,<\/li>\n<li>Recepty na domow\u0105 opiek\u0119 piel\u0119gniarsk\u0105<\/li>\n<li>Wsparcie przy ocenie przez MDK.<\/li>\n<\/ul>\n<\/div><\/div><\/div><\/div><\/div><\/div><\/div><\/section><section class=\"l-section wpb_row us_custom_0f8f44b7 height_auto\"><div class=\"l-section-h i-cf\"><div class=\"g-cols via_flex valign_top type_default\"><div class=\"vc_col-sm-6 wpb_column vc_column_container has_text_color\"><div class=\"vc_column-inner us_custom_b64cb71a\"><div class=\"vc_column-overlay\" style=\"background:#3297E1\"><\/div><div class=\"wpb_wrapper\"><div class=\"w-iconbox us_custom_66ce2e51 iconpos_left style_outlined color_secondary align_left no_text\"><div class=\"w-iconbox-icon\" style=\"font-size:12px;\"><i class=\"fas fa-check\"><\/i><\/div><div class=\"w-iconbox-meta\"><h3 class=\"w-iconbox-title\">Ceny<\/h3><\/div><\/div><div class=\"wpb_text_column\"><div class=\"wpb_wrapper\"><\/div><\/div><\/div><\/div><\/div><div class=\"vc_col-sm-6 wpb_column vc_column_container\"><div class=\"vc_column-inner us_custom_03ee8309\"><div class=\"vc_column-overlay\" style=\"background:#ffffff\"><\/div><div class=\"wpb_wrapper\"><div class=\"w-iconbox iconpos_left style_default color_primary align_left no_text\"><a target=\"_blank\" href=\"https:\/\/www.pflegedienst-fidere.de\/wp-content\/uploads\/2021\/10\/Leistungskomplexe_03_2021-1.pdf\" rel=\"noopener\" class=\"w-iconbox-link\" aria-label=\"Kompleksy us\u0142ugowe\"><div class=\"w-iconbox-icon\" style=\"font-size:2rem;\"><i class=\"fas fa-download\"><\/i><\/div><\/a><div class=\"w-iconbox-meta\"><a target=\"_blank\" href=\"https:\/\/www.pflegedienst-fidere.de\/wp-content\/uploads\/2021\/10\/Leistungskomplexe_03_2021-1.pdf\" rel=\"noopener\" class=\"w-iconbox-link\" aria-label=\"Kompleksy us\u0142ugowe\"><h4 class=\"w-iconbox-title\">Kompleksy us\u0142ugowe<\/h4><\/a><\/div><\/div><\/div><\/div><\/div><\/div><\/div><\/section><section class=\"l-section wpb_row height_medium\"><div class=\"l-section-h i-cf\"><div class=\"g-cols via_flex valign_top type_default\"><div class=\"vc_col-sm-12 wpb_column vc_column_container\"><div class=\"vc_column-inner\"><div class=\"wpb_wrapper\"><div class=\"w-separator size_large\"><\/div><\/div><\/div><\/div><\/div><\/div><\/section>\n","protected":false},"excerpt":{"rendered":"&#8222;Moje us\u0142ugi opieku\u0144cze od 20 lat! Doradzaj\u0105 mi w ka\u017cdej sytuacji. Dbaj\u0105 o moje zdrowie, s\u0105 punktualni, mili i pomocni. Doceniam to, \u017ce wszystko jest w jednym r\u0119ku, a moja opiekunka przejmuje ca\u0142\u0105 codzienn\u0105 rutyn\u0119. W nag\u0142ych wypadkach zawsze mam osob\u0119 kontaktow\u0105&#8221;. Christa Grimmer (pacjentka od 2002 r.) [vc_custom_heading text=\"Opieka w domu\" use_theme_fonts=\"yes\"]Jest to wielka...","protected":false},"author":1,"featured_media":0,"parent":56,"menu_order":0,"comment_status":"closed","ping_status":"closed","template":"","meta":[],"_links":{"self":[{"href":"https:\/\/www.pflegedienst-fidere.de\/pl\/wp-json\/wp\/v2\/pages\/54"}],"collection":[{"href":"https:\/\/www.pflegedienst-fidere.de\/pl\/wp-json\/wp\/v2\/pages"}],"about":[{"href":"https:\/\/www.pflegedienst-fidere.de\/pl\/wp-json\/wp\/v2\/types\/page"}],"author":[{"embeddable":true,"href":"https:\/\/www.pflegedienst-fidere.de\/pl\/wp-json\/wp\/v2\/users\/1"}],"replies":[{"embeddable":true,"href":"https:\/\/www.pflegedienst-fidere.de\/pl\/wp-json\/wp\/v2\/comments?post=54"}],"version-history":[{"count":3,"href":"https:\/\/www.pflegedienst-fidere.de\/pl\/wp-json\/wp\/v2\/pages\/54\/revisions"}],"predecessor-version":[{"id":60,"href":"https:\/\/www.pflegedienst-fidere.de\/pl\/wp-json\/wp\/v2\/pages\/54\/revisions\/60"}],"up":[{"embeddable":true,"href":"https:\/\/www.pflegedienst-fidere.de\/pl\/wp-json\/wp\/v2\/pages\/56"}],"wp:attachment":[{"href":"https:\/\/www.pflegedienst-fidere.de\/pl\/wp-json\/wp\/v2\/media?parent=54"}],"curies":[{"name":"wp","href":"https:\/\/api.w.org\/{rel}","templated":true}]}}