{"id":4,"date":"2020-09-23T16:30:28","date_gmt":"2020-09-23T14:30:28","guid":{"rendered":"https:\/\/www.pflegedienst-fidere.de\/pl\/?page_id=4"},"modified":"2021-10-25T17:41:53","modified_gmt":"2021-10-25T15:41:53","slug":"kontakt","status":"publish","type":"page","link":"https:\/\/www.pflegedienst-fidere.de\/pl\/kontakt\/","title":{"rendered":"Kontakt"},"content":{"rendered":"<section class=\"l-section wpb_row height_medium\"><div class=\"l-section-h i-cf\"><div class=\"g-cols via_flex valign_top type_default\"><div class=\"vc_col-sm-12 wpb_column vc_column_container\"><div class=\"vc_column-inner\"><div class=\"vc_column-overlay\" style=\"background:#ffffff\"><\/div><div class=\"wpb_wrapper\">[vc_custom_heading text=&#8221;Skontaktuj si\u0119 z nami&#8221; font_container=&#8221;tag:h4|text_align:left&#8221; use_theme_fonts=&#8221;yes&#8221; css=&#8221;%7B%22default%22%3A%7B%22margin-top%22%3A%2220px%22%7D%7D&#8221;]<div role=\"form\" class=\"wpcf7\" id=\"wpcf7-f23-o1\" lang=\"pl-PL\" dir=\"ltr\">\n<div class=\"screen-reader-response\"><p role=\"status\" aria-live=\"polite\" aria-atomic=\"true\"><\/p> <ul><\/ul><\/div>\n<form action=\"\/pl\/wp-json\/wp\/v2\/pages\/4#wpcf7-f23-o1\" method=\"post\" class=\"wpcf7-form init\" novalidate=\"novalidate\" data-status=\"init\">\n<div style=\"display: none;\">\n<input type=\"hidden\" name=\"_wpcf7\" value=\"23\" \/>\n<input type=\"hidden\" name=\"_wpcf7_version\" value=\"5.5.2\" \/>\n<input type=\"hidden\" name=\"_wpcf7_locale\" value=\"pl_PL\" \/>\n<input type=\"hidden\" name=\"_wpcf7_unit_tag\" value=\"wpcf7-f23-o1\" \/>\n<input type=\"hidden\" name=\"_wpcf7_container_post\" value=\"0\" \/>\n<input type=\"hidden\" name=\"_wpcf7_posted_data_hash\" value=\"\" \/>\n<\/div>\n<div class=\"wps-form\">\n<p>    <!-- Zeile 1 --><\/p>\n<div class=\"wps-form-row\">\n<p>        <!-- Spalte 1 --><\/p>\n<div class=\"wps-form-column\">\n<label> Imi\u0119*<br \/>\n<span class=\"wpcf7-form-control-wrap vor-name\"><input type=\"text\" name=\"vor-name\" value=\"\" size=\"40\" class=\"wpcf7-form-control wpcf7-text wpcf7-validates-as-required\" aria-required=\"true\" aria-invalid=\"false\" \/><\/span><\/label><br \/>\n<span id=\"wpcf7-6a01d8e2f05e0-wrapper\" class=\"wpcf7-form-control-wrap vorname-wrap\" style=\"display:none !important; visibility:hidden !important;\"><label for=\"wpcf7-6a01d8e2f05e0-field\" class=\"hp-message\">Please leave this field empty.<\/label><input id=\"wpcf7-6a01d8e2f05e0-field\"  class=\"wpcf7-form-control wpcf7-text\" type=\"text\" name=\"vorname\" value=\"\" size=\"40\" tabindex=\"-1\" autocomplete=\"new-password\" \/><\/span><br \/>\n<label> Adres e-mail*<br \/>\n    <span class=\"wpcf7-form-control-wrap your-email\"><input type=\"email\" name=\"your-email\" value=\"\" size=\"40\" class=\"wpcf7-form-control wpcf7-text wpcf7-email wpcf7-validates-as-required wpcf7-validates-as-email\" aria-required=\"true\" aria-invalid=\"false\" \/><\/span> <\/label>\n        <\/div>\n<p>        <!-- Spalte 2 --><\/p>\n<div class=\"wps-form-column\">\n<label> Nazwa*<br \/>\n    <span class=\"wpcf7-form-control-wrap your-name\"><input type=\"text\" name=\"your-name\" value=\"\" size=\"40\" class=\"wpcf7-form-control wpcf7-text wpcf7-validates-as-required\" aria-required=\"true\" aria-invalid=\"false\" \/><\/span> <\/label><br \/>\n<span id=\"wpcf7-6a01d8e2f06d3-wrapper\" class=\"wpcf7-form-control-wrap nachname-wrap\" style=\"display:none !important; visibility:hidden !important;\"><label for=\"wpcf7-6a01d8e2f06d3-field\" class=\"hp-message\">Please leave this field empty.<\/label><input id=\"wpcf7-6a01d8e2f06d3-field\"  class=\"wpcf7-form-control wpcf7-text\" type=\"text\" name=\"nachname\" value=\"\" size=\"40\" tabindex=\"-1\" autocomplete=\"new-password\" \/><\/span><br \/>\n<label> Numer oddzwonienia<br \/>\n<span class=\"wpcf7-form-control-wrap telefon\"><input type=\"tel\" name=\"telefon\" value=\"\" size=\"40\" class=\"wpcf7-form-control wpcf7-text wpcf7-tel wpcf7-validates-as-tel\" aria-invalid=\"false\" \/><\/span> <\/label>\n        <\/div>\n<\/div>\n<p>    <!-- Ende der Zeile 1 -->\n    <\/div>\n<p>        <!-- Spalte 3 --><\/p>\n<div class=\"wps-form-column3\">\n<p><label> Twoja wiadomo\u015b\u0107*<br \/>\n    <span class=\"wpcf7-form-control-wrap your-message\"><textarea name=\"your-message\" cols=\"40\" rows=\"10\" class=\"wpcf7-form-control wpcf7-textarea\" aria-invalid=\"false\"><\/textarea><\/span> <\/label><\/p>\n<\/div>\n<div class=\"wps-form-column3\">\n<span class=\"wpcf7-form-control-wrap acceptance-956\"><span class=\"wpcf7-form-control wpcf7-acceptance\"><span class=\"wpcf7-list-item\"><label><input type=\"checkbox\" name=\"acceptance-956\" value=\"1\" aria-invalid=\"false\" \/><span class=\"wpcf7-list-item-label\">Wyra\u017cam zgod\u0119, aby moje dane z tego formularza kontaktowego by\u0142y wykorzystywane i przetwarzane wy\u0142\u0105cznie w zwi\u0105zku z moim zapytaniem. Dane te zostan\u0105 usuni\u0119te po zako\u0144czeniu rozpatrywania Pa\u0144stwa wniosku. W ka\u017cdej chwili mo\u017cesz cofn\u0105\u0107 swoj\u0105 zgod\u0119, wysy\u0142aj\u0105c e-mail na adres info@pflegedienst-fidere.de. Wi\u0119cej informacji na temat ochrony danych osobowych mo\u017cna znale\u017a\u0107 w naszej <a href=\"https:\/\/www.pflegedienst-fidere.de\/datenschutzerklaerung\/\">Deklaracji ochrony danych osobowych<\/a><\/span><\/label><\/span><\/span><\/span><\/p>\n<p><input type=\"submit\" value=\"Wy\u015blij\" class=\"wpcf7-form-control has-spinner wpcf7-submit\" \/>\n<\/p><\/div>\n<\/div>\n<div class=\"wpcf7-response-output\" aria-hidden=\"true\"><\/div><\/form><\/div><\/div><\/div><\/div><\/div><\/div><\/section>\n","protected":false},"excerpt":{"rendered":"[vc_custom_heading text=\"Skontaktuj si\u0119 z nami\" font_container=\"tag:h4|text_align:left\" use_theme_fonts=\"yes\" css=\"%7B%22default%22%3A%7B%22margin-top%22%3A%2220px%22%7D%7D\"] Imi\u0119* Please leave this field empty. Adres e-mail* Nazwa* Please leave this field empty. Numer oddzwonienia Twoja wiadomo\u015b\u0107* Wyra\u017cam zgod\u0119, aby moje dane z tego formularza kontaktowego by\u0142y wykorzystywane i przetwarzane wy\u0142\u0105cznie w zwi\u0105zku z moim zapytaniem. Dane te zostan\u0105 usuni\u0119te po zako\u0144czeniu rozpatrywania Pa\u0144stwa wniosku. W...","protected":false},"author":1,"featured_media":0,"parent":0,"menu_order":0,"comment_status":"closed","ping_status":"closed","template":"","meta":[],"_links":{"self":[{"href":"https:\/\/www.pflegedienst-fidere.de\/pl\/wp-json\/wp\/v2\/pages\/4"}],"collection":[{"href":"https:\/\/www.pflegedienst-fidere.de\/pl\/wp-json\/wp\/v2\/pages"}],"about":[{"href":"https:\/\/www.pflegedienst-fidere.de\/pl\/wp-json\/wp\/v2\/types\/page"}],"author":[{"embeddable":true,"href":"https:\/\/www.pflegedienst-fidere.de\/pl\/wp-json\/wp\/v2\/users\/1"}],"replies":[{"embeddable":true,"href":"https:\/\/www.pflegedienst-fidere.de\/pl\/wp-json\/wp\/v2\/comments?post=4"}],"version-history":[{"count":3,"href":"https:\/\/www.pflegedienst-fidere.de\/pl\/wp-json\/wp\/v2\/pages\/4\/revisions"}],"predecessor-version":[{"id":109,"href":"https:\/\/www.pflegedienst-fidere.de\/pl\/wp-json\/wp\/v2\/pages\/4\/revisions\/109"}],"wp:attachment":[{"href":"https:\/\/www.pflegedienst-fidere.de\/pl\/wp-json\/wp\/v2\/media?parent=4"}],"curies":[{"name":"wp","href":"https:\/\/api.w.org\/{rel}","templated":true}]}}