{"id":12,"date":"2020-09-23T17:47:34","date_gmt":"2020-09-23T15:47:34","guid":{"rendered":"https:\/\/www.pflegedienst-fidere.de\/pl\/?page_id=12"},"modified":"2021-10-28T11:12:18","modified_gmt":"2021-10-28T09:12:18","slug":"strona-glowna","status":"publish","type":"page","link":"https:\/\/www.pflegedienst-fidere.de\/pl\/","title":{"rendered":"Strona g\u0142\u00f3wna"},"content":{"rendered":"<section class=\"l-section wpb_row height_auto\"><div class=\"l-section-h i-cf\"><div class=\"g-cols via_flex valign_top type_default\"><div class=\"vc_col-sm-12 wpb_column vc_column_container\"><div class=\"vc_column-inner us_custom_8d5aa4e2\"><div class=\"vc_column-overlay\" style=\"background:#3297E1\"><\/div><div class=\"wpb_wrapper\"><div class=\"w-separator size_medium\"><\/div><div class=\"g-cols wpb_row via_flex valign_top type_default\"><div class=\"vc_col-sm-6 wpb_column vc_column_container\"><div class=\"vc_column-inner\"><div class=\"wpb_wrapper\"><div class=\"w-image has_ratio align_none\"><div class=\"w-image-h\"><div style=\"padding-bottom:75%\"><\/div><img width=\"1024\" height=\"683\" src=\"https:\/\/www.pflegedienst-fidere.de\/pl\/wp-content\/uploads\/sites\/3\/2021\/10\/SAM_7045-1024x683-1.jpg\" class=\"attachment-large size-large\" alt=\"\" loading=\"lazy\" srcset=\"https:\/\/www.pflegedienst-fidere.de\/pl\/wp-content\/uploads\/sites\/3\/2021\/10\/SAM_7045-1024x683-1.jpg 1024w, https:\/\/www.pflegedienst-fidere.de\/pl\/wp-content\/uploads\/sites\/3\/2021\/10\/SAM_7045-1024x683-1-300x200.jpg 300w\" sizes=\"(max-width: 1024px) 100vw, 1024px\" \/><\/div><\/div><\/div><\/div><\/div><div class=\"vc_col-sm-6 wpb_column vc_column_container\"><div class=\"vc_column-inner\"><div class=\"wpb_wrapper\"><div class=\"w-video align_none ratio_4x3 with_overlay\" style=\"background-image:url(https:\/\/www.pflegedienst-fidere.de\/pl\/wp-content\/uploads\/sites\/3\/2021\/10\/pflegedienst-fidere-12-e1634924077887.jpg);\" onclick=\"return {&quot;player_id&quot;:&quot;youtube-x2b2&quot;,&quot;player_api&quot;:&quot;\\\/\\\/www.youtube.com\\\/player_api&quot;,&quot;player_html&quot;:&quot;&lt;div id=\\&quot;youtube-x2b2\\&quot;&gt;&lt;\\\/div&gt;&lt;script&gt;\\r\\n\\t\\t\\tif ( window.USYTPlayers === undefined ) {\\r\\n\\t\\t\\t\\twindow.USYTPlayers = [];\\r\\n\\t\\t\\t}\\r\\n\\t\\t\\twindow.USYTPlayers.push( {\\r\\n\\t\\t\\t\\tplayerID: \\&quot;youtube-x2b2\\&quot;,\\r\\n\\t\\t\\t\\tvideoID: \\&quot;xHSmJuQIsOs\\&quot;,\\r\\n\\t\\t\\t\\tplayerVars: {\\&quot;origin\\&quot;:\\&quot;https:\\\\\\\/\\\\\\\/www.pflegedienst-fidere.de\\\\\\\/pl\\&quot;,\\&quot;controls\\&quot;:1,\\&quot;autoplay\\&quot;:1,\\&quot;playlist\\&quot;:\\&quot;xHSmJuQIsOs\\&quot;}\\t\\t\\t\\r\\n\\t\\t\\t} );\\r\\n\\t\\t\\tif ( window.USYTInited === undefined ) {\\r\\n\\t\\t\\t\\t\\\/\\\/ Trying to override other possible WP YT API calls if our element is used\\r\\n\\t\\t\\t\\twindow.USYTInited = true;\\r\\n\\t\\t\\t\\twindow.onYouTubePlayerAPIReady = function() {\\r\\n\\t\\t\\t\\t\\tfor ( var i in window.USYTPlayers ) {\\r\\n\\t\\t\\t\\t\\t\\tvar _playerParams = window.USYTPlayers[ i ];\\r\\n\\t\\t\\t\\t\\t\\t$us.YTPlayers[ _playerParams.playerID ] = new YT.Player( _playerParams.playerID, {\\r\\n\\t\\t\\t\\t\\t\\t\\tvideoId: _playerParams.videoID,\\r\\n\\t\\t\\t\\t\\t\\t\\tplayerVars: _playerParams.playerVars\\r\\n\\t\\t\\t\\t\\t\\t} );\\r\\n\\t\\t\\t\\t\\t}\\r\\n\\t\\t\\t\\t}\\r\\n\\t\\t\\t}\\r\\n\\t\\t\\tif ( !! window.YT ) {\\r\\n\\t\\t\\t\\t$us.YTPlayers[\\&quot;youtube-x2b2\\&quot;] = new YT.Player( \\&quot;youtube-x2b2\\&quot;, {\\r\\n\\t\\t\\t\\t\\tvideoId: \\&quot;xHSmJuQIsOs\\&quot;,\\r\\n\\t\\t\\t\\t\\tplayerVars: {\\&quot;origin\\&quot;:\\&quot;https:\\\\\\\/\\\\\\\/www.pflegedienst-fidere.de\\\\\\\/pl\\&quot;,\\&quot;controls\\&quot;:1,\\&quot;autoplay\\&quot;:1,\\&quot;playlist\\&quot;:\\&quot;xHSmJuQIsOs\\&quot;}\\r\\n\\t\\t\\t\\t} );\\r\\n\\t\\t\\t}\\r\\n\\t\\t&lt;\\\/script&gt;&quot;}\"><div class=\"w-video-h\"><\/div><div class=\"w-video-icon\" style=\"font-size:1.5rem;background:rgba(0,0,0,0.5);color:#fff\"><\/div><\/div><\/div><\/div><\/div><\/div><div class=\"w-separator size_medium\"><\/div><\/div><\/div><\/div><\/div><\/div><\/section><section class=\"l-section wpb_row height_auto\"><div class=\"l-section-h i-cf\"><div class=\"g-cols via_flex valign_top type_default\"><div class=\"vc_col-sm-12 wpb_column vc_column_container\"><div class=\"vc_column-inner\"><div class=\"wpb_wrapper\"><div class=\"g-cols wpb_row via_flex valign_top type_default\"><div class=\"vc_col-sm-9 wpb_column vc_column_container has_text_color\"><div class=\"vc_column-inner us_custom_e32019cd\"><div class=\"vc_column-overlay\" style=\"background:#3297E1\"><\/div><div class=\"wpb_wrapper\"><div class=\"wpb_text_column us_custom_c3f4d55f\"><div class=\"wpb_wrapper\"><h2>Szanowni go\u015bcie,<\/h2>\n<p>Jest to wielka przerwa w \u017cyciu rodziny, gdy sami lub ukochany krewny staje si\u0119 wymagaj\u0105cy opieki. Aby Tw\u00f3j dom m\u00f3g\u0142 pozosta\u0107 centrum Twojego \u017cycia, wspieramy Ci\u0119 naszym serwisem opieku\u0144czym i nasz\u0105 dzienn\u0105 opiek\u0105 FIDERE. Aby to zrobi\u0107, prosimy o Pa\u0144stwa zaufanie. Nasi kompetentni, rzetelni i przyja\u017ani pracownicy dok\u0142adaj\u0105 wszelkich stara\u0144, aby to zaufanie zdobywa\u0107 ka\u017cdego dnia na nowo.<\/p>\n<p>Serdecznie zapraszamy do bli\u017cszego zapoznania si\u0119 z nami i naszymi us\u0142ugami.<\/p>\n<\/div><\/div>[vc_custom_heading text=&#8221;Z powa\u017caniem, Marion Heimann&#8221; font_container=&#8221;tag:h5|text_align:left&#8221; use_theme_fonts=&#8221;yes&#8221; css=&#8221;%7B%22default%22%3A%7B%22font-size%22%3A%2232px%22%2C%22padding-left%22%3A%2220px%22%7D%7D&#8221;]<\/div><\/div><\/div><div class=\"vc_col-sm-3 wpb_column vc_column_container\"><div class=\"vc_column-inner us_custom_925fd2fb\"><div class=\"vc_column-overlay\" style=\"background:#3297E1\"><\/div><div class=\"wpb_wrapper\"><div class=\"w-separator size_small\"><\/div><div class=\"w-person layout_trendy\" itemscope itemtype=\"https:\/\/schema.org\/Person\"><div class=\"w-person-image\"><img width=\"179\" height=\"239\" src=\"https:\/\/www.pflegedienst-fidere.de\/pl\/wp-content\/uploads\/sites\/3\/2021\/10\/Marion-Heimann1.jpg\" class=\"attachment-full size-full\" alt=\"\" loading=\"lazy\" \/><\/div><div class=\"w-person-content\"><h4 itemprop=\"name\" class=\"w-person-name\"><span>Marion Heimann<\/span><\/h4><div class=\"w-person-role\" itemprop=\"jobTitle\">Dyrektor Zarz\u0105dzaj\u0105cy<\/div><\/div><\/div><div class=\"w-separator size_small\"><\/div><\/div><\/div><\/div><\/div><\/div><\/div><\/div><\/div><\/div><\/section><section class=\"l-section wpb_row height_auto\"><div class=\"l-section-h i-cf\"><div class=\"g-cols via_flex valign_top type_default\"><div class=\"vc_col-sm-6 wpb_column vc_column_container has_text_color\"><div class=\"vc_column-inner us_custom_b64cb71a\"><div class=\"vc_column-overlay\" style=\"background:#3297E1\"><\/div><div class=\"wpb_wrapper\">[vc_custom_heading text=&#8221;Us\u0142ugi piel\u0119gniarskie&#8221; use_theme_fonts=&#8221;yes&#8221; css=&#8221;%7B%22default%22%3A%7B%22text-transform%22%3A%22uppercase%22%7D%7D&#8221;]<div class=\"wpb_text_column\"><div class=\"wpb_wrapper\"><p>Nasz serwis opieki FIDERE zosta\u0142 za\u0142o\u017cony w 2002 roku i od tego czasu ugruntowa\u0142 swoj\u0105 pozycj\u0119 w Dre\u017anie jako przedsi\u0119biorstwo prowadzone przez w\u0142a\u015bciciela o wysokich standardach jako\u015bci i niezawodno\u015bci. Obecnie nasz zesp\u00f3\u0142 opieku\u0144czy sk\u0142adaj\u0105cy si\u0119 z oko\u0142o 30 pracownik\u00f3w dba o dobre samopoczucie oko\u0142o 150 podopiecznych w Dre\u017anie i okolicach Strehlen.<\/p>\n<\/div><\/div><div class=\"g-cols wpb_row via_flex valign_top type_default\"><div class=\"vc_col-sm-8 wpb_column vc_column_container\"><div class=\"vc_column-inner\"><div class=\"wpb_wrapper\"><div class=\"wpb_text_column\"><div class=\"wpb_wrapper\"><p>Bezp\u0142atne porady: poniedzia\u0142ek-pi\u0105tek 8:00-16:00<br \/>\nTelefon: +49 351 8 04 79 11<br \/>\nE-mail: info@pflegedienst-fidere.de<\/p>\n<\/div><\/div><\/div><\/div><\/div><div class=\"vc_col-sm-4 wpb_column vc_column_container\"><div class=\"vc_column-inner\"><div class=\"wpb_wrapper\"><div class=\"w-image align_none\"><div class=\"w-image-h\"><img width=\"1024\" height=\"683\" src=\"https:\/\/www.pflegedienst-fidere.de\/pl\/wp-content\/uploads\/sites\/3\/2021\/10\/Nora-Ass.-Gesch.-1-1024x683-1.jpg\" class=\"attachment-large size-large\" alt=\"Asystentka Dyrektora Zarz\u0105dzaj\u0105cego\" loading=\"lazy\" srcset=\"https:\/\/www.pflegedienst-fidere.de\/pl\/wp-content\/uploads\/sites\/3\/2021\/10\/Nora-Ass.-Gesch.-1-1024x683-1.jpg 1024w, https:\/\/www.pflegedienst-fidere.de\/pl\/wp-content\/uploads\/sites\/3\/2021\/10\/Nora-Ass.-Gesch.-1-1024x683-1-300x200.jpg 300w\" sizes=\"(max-width: 1024px) 100vw, 1024px\" \/><\/div><\/div><div class=\"wpb_text_column\"><div class=\"wpb_wrapper\"><p>Nora Hagemann (Asystentka Dyrektora Zarz\u0105dzaj\u0105cego)<\/p>\n<\/div><\/div><\/div><\/div><\/div><\/div><\/div><\/div><\/div><div class=\"vc_col-sm-6 wpb_column vc_column_container has_text_color\"><div class=\"vc_column-inner us_custom_166ee006\"><div class=\"vc_column-overlay\" style=\"background:#3297E1\"><\/div><div class=\"wpb_wrapper\">[vc_custom_heading text=&#8221;Opieka dzienna&#8221; use_theme_fonts=&#8221;yes&#8221; css=&#8221;%7B%22default%22%3A%7B%22text-transform%22%3A%22uppercase%22%7D%7D&#8221;]<div class=\"wpb_text_column\"><div class=\"wpb_wrapper\"><p>Od momentu wprowadzenia si\u0119 w 2012 roku do zmodernizowanej willi przy ulicy Mockritzer Stra\u00dfe 4, w naszej \u015bwietlicy FIDERE mo\u017cemy opiekowa\u0107 si\u0119 r\u00f3wnie\u017c 12 podopiecznymi. Osobom wymagaj\u0105cym opieki lub dotkni\u0119tym demencj\u0105 oferujemy szeroki zakres us\u0142ug zawodowych i opieku\u0144czych od poniedzia\u0142ku do pi\u0105tku w godzinach 8:00-17:00.<\/p>\n<\/div><\/div><div class=\"g-cols wpb_row via_flex valign_top type_default\"><div class=\"vc_col-sm-8 wpb_column vc_column_container\"><div class=\"vc_column-inner\"><div class=\"wpb_wrapper\"><div class=\"w-separator size_small\"><\/div><div class=\"wpb_text_column\"><div class=\"wpb_wrapper\"><p>Bezp\u0142atne porady: poniedzia\u0142ek-pi\u0105tek 8:00-16:00<br \/>\nTelefon: +49 351 47 94 02 62<br \/>\nE-mail: tagespflege@pflegedienst-fidere.de<\/p>\n<\/div><\/div><\/div><\/div><\/div><div class=\"vc_col-sm-4 wpb_column vc_column_container\"><div class=\"vc_column-inner\"><div class=\"wpb_wrapper\"><div class=\"w-separator size_small\"><\/div><div class=\"w-image has_ratio align_none\"><div class=\"w-image-h\"><div style=\"padding-bottom:75%\"><\/div><img width=\"828\" height=\"1024\" src=\"https:\/\/www.pflegedienst-fidere.de\/pl\/wp-content\/uploads\/sites\/3\/2021\/10\/Kathleen-TP-Leitung-Fachkraft-Praxisanleiterin-828x1024-1.jpg\" class=\"attachment-large size-large\" alt=\"Kathleen Sch\u00f6n (Zarz\u0105dzanie opiek\u0105 dzienn\u0105)\" loading=\"lazy\" srcset=\"https:\/\/www.pflegedienst-fidere.de\/pl\/wp-content\/uploads\/sites\/3\/2021\/10\/Kathleen-TP-Leitung-Fachkraft-Praxisanleiterin-828x1024-1.jpg 828w, https:\/\/www.pflegedienst-fidere.de\/pl\/wp-content\/uploads\/sites\/3\/2021\/10\/Kathleen-TP-Leitung-Fachkraft-Praxisanleiterin-828x1024-1-243x300.jpg 243w\" sizes=\"(max-width: 828px) 100vw, 828px\" \/><\/div><\/div><div class=\"wpb_text_column\"><div class=\"wpb_wrapper\"><p>Kathleen Sch\u00f6n (Zarz\u0105dzanie opiek\u0105 dzienn\u0105)<\/p>\n<\/div><\/div><\/div><\/div><\/div><\/div><\/div><\/div><\/div><\/div><\/div><\/section><section class=\"l-section wpb_row height_medium\"><div class=\"l-section-h i-cf\"><div class=\"g-cols via_flex valign_top type_default\"><div class=\"vc_col-sm-12 wpb_column vc_column_container\"><div class=\"vc_column-inner\"><div class=\"vc_column-overlay\" style=\"background:#3297E1\"><\/div><div class=\"wpb_wrapper\"><div class=\"w-map provider_osm us_custom_3b8f9481\" id=\"us_map_1\"><div class=\"w-map-json\" onclick='return {&quot;address&quot;:&quot;51.024811, 13.762440&quot;,&quot;zoom&quot;:16,&quot;hideControls&quot;:0,&quot;disableZoom&quot;:1,&quot;disableDragging&quot;:0,&quot;markers&quot;:[{&quot;address&quot;:&quot;51.024811, 13.762440&quot;,&quot;html&quot;:&quot;&quot;,&quot;infowindow&quot;:false}],&quot;style&quot;:&quot;https:\\\/\\\/{s}.tile.openstreetmap.org\\\/{z}\\\/{x}\\\/{y}.png&quot;}'><\/div><\/div><\/div><\/div><\/div><\/div><\/div><\/section>\n","protected":false},"excerpt":{"rendered":"Szanowni go\u015bcie, Jest to wielka przerwa w \u017cyciu rodziny, gdy sami lub ukochany krewny staje si\u0119 wymagaj\u0105cy opieki. Aby Tw\u00f3j dom m\u00f3g\u0142 pozosta\u0107 centrum Twojego \u017cycia, wspieramy Ci\u0119 naszym serwisem opieku\u0144czym i nasz\u0105 dzienn\u0105 opiek\u0105 FIDERE. Aby to zrobi\u0107, prosimy o Pa\u0144stwa zaufanie. Nasi kompetentni, rzetelni i przyja\u017ani pracownicy dok\u0142adaj\u0105 wszelkich stara\u0144, aby to zaufanie...","protected":false},"author":1,"featured_media":0,"parent":0,"menu_order":0,"comment_status":"closed","ping_status":"closed","template":"","meta":[],"_links":{"self":[{"href":"https:\/\/www.pflegedienst-fidere.de\/pl\/wp-json\/wp\/v2\/pages\/12"}],"collection":[{"href":"https:\/\/www.pflegedienst-fidere.de\/pl\/wp-json\/wp\/v2\/pages"}],"about":[{"href":"https:\/\/www.pflegedienst-fidere.de\/pl\/wp-json\/wp\/v2\/types\/page"}],"author":[{"embeddable":true,"href":"https:\/\/www.pflegedienst-fidere.de\/pl\/wp-json\/wp\/v2\/users\/1"}],"replies":[{"embeddable":true,"href":"https:\/\/www.pflegedienst-fidere.de\/pl\/wp-json\/wp\/v2\/comments?post=12"}],"version-history":[{"count":4,"href":"https:\/\/www.pflegedienst-fidere.de\/pl\/wp-json\/wp\/v2\/pages\/12\/revisions"}],"predecessor-version":[{"id":211,"href":"https:\/\/www.pflegedienst-fidere.de\/pl\/wp-json\/wp\/v2\/pages\/12\/revisions\/211"}],"wp:attachment":[{"href":"https:\/\/www.pflegedienst-fidere.de\/pl\/wp-json\/wp\/v2\/media?parent=12"}],"curies":[{"name":"wp","href":"https:\/\/api.w.org\/{rel}","templated":true}]}}