{"id":102,"date":"2021-10-25T16:30:15","date_gmt":"2021-10-25T14:30:15","guid":{"rendered":"https:\/\/www.pflegedienst-fidere.de\/pl\/?page_id=102"},"modified":"2021-10-25T16:30:18","modified_gmt":"2021-10-25T14:30:18","slug":"praca","status":"publish","type":"page","link":"https:\/\/www.pflegedienst-fidere.de\/pl\/praca\/","title":{"rendered":"Praca"},"content":{"rendered":"<section class=\"l-section wpb_row height_medium\"><div class=\"l-section-h i-cf\"><div class=\"g-cols via_flex valign_top type_default\"><div class=\"vc_col-sm-6 wpb_column vc_column_container\"><div class=\"vc_column-inner\"><div class=\"wpb_wrapper\"><div class=\"w-image align_none\"><div class=\"w-image-h\"><img width=\"1024\" height=\"768\" src=\"https:\/\/www.pflegedienst-fidere.de\/pl\/wp-content\/uploads\/sites\/3\/2021\/10\/IMG_5074-1024x768-1.jpg\" class=\"attachment-large size-large\" alt=\"\" loading=\"lazy\" srcset=\"https:\/\/www.pflegedienst-fidere.de\/pl\/wp-content\/uploads\/sites\/3\/2021\/10\/IMG_5074-1024x768-1.jpg 1024w, https:\/\/www.pflegedienst-fidere.de\/pl\/wp-content\/uploads\/sites\/3\/2021\/10\/IMG_5074-1024x768-1-300x225.jpg 300w\" sizes=\"(max-width: 1024px) 100vw, 1024px\" \/><\/div><\/div><\/div><\/div><\/div><div class=\"vc_col-sm-6 wpb_column vc_column_container\"><div class=\"vc_column-inner\"><div class=\"wpb_wrapper\"><div class=\"wpb_text_column us_custom_95ebd667 has_text_color\"><div class=\"wpb_wrapper\"><h1><\/h1>\n<h1>Czekamy na Ciebie<br \/>\nw naszym zespole!<\/h1>\n<\/div><\/div><\/div><\/div><\/div><\/div><\/div><\/section><section class=\"l-section wpb_row height_auto\"><div class=\"l-section-h i-cf\"><div class=\"g-cols via_flex valign_top type_default\"><div class=\"vc_col-sm-12 wpb_column vc_column_container\"><div class=\"vc_column-inner\"><div class=\"wpb_wrapper\"><div class=\"g-cols wpb_row via_flex valign_top type_default\"><div class=\"vc_col-sm-12 wpb_column vc_column_container has_text_color\"><div class=\"vc_column-inner us_custom_19fbb1ac\"><div class=\"vc_column-overlay\" style=\"background:#3297E1\"><\/div><div class=\"wpb_wrapper\"><div class=\"wpb_text_column\"><div class=\"wpb_wrapper\"><p>Pflegedienst FIDERE jest od 2002 roku \u015bredniej wielko\u015bci przedsi\u0119biorstwem zarz\u0105dzanym przez w\u0142a\u015bciciela. Nasi pracownicy ceni\u0105 sobie przejrzyst\u0105, niezawodn\u0105 struktur\u0119 przedsi\u0119biorstwa, sta\u0142e rozwijanie indywidualnych umiej\u0119tno\u015bci oraz otwart\u0105 komunikacj\u0119 wszystkich zaanga\u017cowanych stron.<\/p>\n<p>Je\u015bli jeste\u015b zainteresowany nasz\u0105 us\u0142ug\u0105 opieki jako nowym pracodawc\u0105, czekamy na Twoj\u0105 aplikacj\u0119.<\/p>\n<\/div><\/div><\/div><\/div><\/div><\/div><\/div><\/div><\/div><\/div><\/div><\/section><section class=\"l-section wpb_row us_custom_0f8f44b7 height_auto\"><div class=\"l-section-h i-cf\"><div class=\"g-cols via_flex valign_top type_default\"><div class=\"vc_col-sm-6 wpb_column vc_column_container has_text_color\"><div class=\"vc_column-inner us_custom_00ccde5f\"><div class=\"vc_column-overlay\" style=\"background:#3297E1\"><\/div><div class=\"wpb_wrapper\">[vc_custom_heading text=&#8221;Oferujemy:&#8221; font_container=&#8221;tag:h3|text_align:left&#8221; use_theme_fonts=&#8221;yes&#8221;]<div class=\"wpb_text_column us_custom_8e09cc6b\"><div class=\"wpb_wrapper\"><ul>\n<li>dobrze przygotowany zawodowo, otwarty i zaanga\u017cowany zesp\u00f3\u0142<\/li>\n<li>Przejrzyste i atrakcyjne wynagrodzenie zgodnie z wytycznymi dotycz\u0105cymi um\u00f3w o prac\u0119 w bpa (AVR)<\/li>\n<li>Dodatki za prac\u0119 w weekendy i \u015bwi\u0119ta<\/li>\n<li>Premie dla pracownik\u00f3w<\/li>\n<li>Elastyczne godziny pracy w pe\u0142nym lub niepe\u0142nym wymiarze czasu pracy<\/li>\n<li>Ci\u0105g\u0142e, indywidualne dokszta\u0142canie finansowane przez pracodawc\u0119<\/li>\n<li>Szczeg\u00f3\u0142owa indukcja<\/li>\n<li>Regularne spotkania zespo\u0142u i wsp\u00f3lne dzia\u0142ania<\/li>\n<li>Apartament dla go\u015bci lub pracownik\u00f3w<\/li>\n<li>Pomoc w znalezieniu zakwaterowania i opieki nad dzie\u0107mi<\/li>\n<li>Us\u0142ugi piel\u0119gniarskie: Zlecenie dla generalisty<\/li>\n<\/ul>\n<\/div><\/div><\/div><\/div><\/div><div class=\"vc_col-sm-6 wpb_column vc_column_container\"><div class=\"vc_column-inner us_custom_03ee8309\"><div class=\"vc_column-overlay\" style=\"background:#ffffff\"><\/div><div class=\"wpb_wrapper\">[vc_custom_heading text=&#8221;Poszukujemy:&#8221; font_container=&#8221;tag:h4|text_align:left&#8221; use_theme_fonts=&#8221;yes&#8221;]<div class=\"wpb_text_column\"><div class=\"wpb_wrapper\"><div class=\"wpb_text_column us_custom_8c42ed40\">\n<div class=\"wpb_wrapper\">\n<ul>\n<li>Asystentka piel\u0119gniarki<\/li>\n<li>Asystentka piel\u0119gniarki<\/li>\n<li>Codzienny towarzysz<\/li>\n<li>Sta\u017cysta<\/li>\n<\/ul>\n<\/div>\n<\/div>\n<\/div><\/div>[vc_custom_heading text=&#8221;z:&#8221; font_container=&#8221;tag:h4|text_align:left&#8221; use_theme_fonts=&#8221;yes&#8221;]<div class=\"wpb_text_column\"><div class=\"wpb_wrapper\"><ul>\n<li>Pasja do opieki<\/li>\n<li>Rzetelno\u015b\u0107, kompetencja, gotowo\u015b\u0107 do dalszego szkolenia<\/li>\n<li>Samokontrola i poczucie odpowiedzialno\u015bci<\/li>\n<li>Umiej\u0119tno\u015b\u0107 komunikacji i pracy w zespole<\/li>\n<li>Us\u0142ugi piel\u0119gniarskie: prawo jazdy kategorii B (samoch\u00f3d nie jest konieczny)<\/li>\n<\/ul>\n<\/div><\/div><\/div><\/div><\/div><\/div><\/div><\/section><section class=\"l-section wpb_row height_medium\"><div class=\"l-section-h i-cf\"><div class=\"g-cols via_flex valign_top type_default\"><div class=\"vc_col-sm-12 wpb_column vc_column_container\"><div class=\"vc_column-inner\"><div class=\"wpb_wrapper\"><\/div><\/div><\/div><\/div><\/div><\/section>\n","protected":false},"excerpt":{"rendered":"Czekamy na Ciebie w naszym zespole! Pflegedienst FIDERE jest od 2002 roku \u015bredniej wielko\u015bci przedsi\u0119biorstwem zarz\u0105dzanym przez w\u0142a\u015bciciela. Nasi pracownicy ceni\u0105 sobie przejrzyst\u0105, niezawodn\u0105 struktur\u0119 przedsi\u0119biorstwa, sta\u0142e rozwijanie indywidualnych umiej\u0119tno\u015bci oraz otwart\u0105 komunikacj\u0119 wszystkich zaanga\u017cowanych stron. Je\u015bli jeste\u015b zainteresowany nasz\u0105 us\u0142ug\u0105 opieki jako nowym pracodawc\u0105, czekamy na Twoj\u0105 aplikacj\u0119. [vc_custom_heading text=\"Oferujemy:\" font_container=\"tag:h3|text_align:left\" use_theme_fonts=\"yes\"] dobrze przygotowany...","protected":false},"author":1,"featured_media":0,"parent":0,"menu_order":0,"comment_status":"closed","ping_status":"closed","template":"","meta":[],"_links":{"self":[{"href":"https:\/\/www.pflegedienst-fidere.de\/pl\/wp-json\/wp\/v2\/pages\/102"}],"collection":[{"href":"https:\/\/www.pflegedienst-fidere.de\/pl\/wp-json\/wp\/v2\/pages"}],"about":[{"href":"https:\/\/www.pflegedienst-fidere.de\/pl\/wp-json\/wp\/v2\/types\/page"}],"author":[{"embeddable":true,"href":"https:\/\/www.pflegedienst-fidere.de\/pl\/wp-json\/wp\/v2\/users\/1"}],"replies":[{"embeddable":true,"href":"https:\/\/www.pflegedienst-fidere.de\/pl\/wp-json\/wp\/v2\/comments?post=102"}],"version-history":[{"count":2,"href":"https:\/\/www.pflegedienst-fidere.de\/pl\/wp-json\/wp\/v2\/pages\/102\/revisions"}],"predecessor-version":[{"id":105,"href":"https:\/\/www.pflegedienst-fidere.de\/pl\/wp-json\/wp\/v2\/pages\/102\/revisions\/105"}],"wp:attachment":[{"href":"https:\/\/www.pflegedienst-fidere.de\/pl\/wp-json\/wp\/v2\/media?parent=102"}],"curies":[{"name":"wp","href":"https:\/\/api.w.org\/{rel}","templated":true}]}}