{"id":9,"date":"2020-09-23T16:27:41","date_gmt":"2020-09-23T14:27:41","guid":{"rendered":"https:\/\/www.pflegedienst-fidere.de\/cs\/?page_id=9"},"modified":"2021-10-25T17:40:40","modified_gmt":"2021-10-25T15:40:40","slug":"kontakt","status":"publish","type":"page","link":"https:\/\/www.pflegedienst-fidere.de\/cs\/kontakt\/","title":{"rendered":"Kontakt"},"content":{"rendered":"<section class=\"l-section wpb_row height_medium\"><div class=\"l-section-h i-cf\"><div class=\"g-cols via_flex valign_top type_default\"><div class=\"vc_col-sm-12 wpb_column vc_column_container\"><div class=\"vc_column-inner\"><div class=\"vc_column-overlay\" style=\"background:#ffffff\"><\/div><div class=\"wpb_wrapper\">[vc_custom_heading text=&#8220;Kontaktujte n\u00e1s&#8220; font_container=&#8220;tag:h4|text_align:left&#8220; use_theme_fonts=&#8220;yes&#8220; css=&#8220;%7B%22default%22%3A%7B%22margin-top%22%3A%2220px%22%7D%7D&#8220;]<div role=\"form\" class=\"wpcf7\" id=\"wpcf7-f24-o1\" lang=\"cs-CZ\" dir=\"ltr\">\n<div class=\"screen-reader-response\"><p role=\"status\" aria-live=\"polite\" aria-atomic=\"true\"><\/p> <ul><\/ul><\/div>\n<form action=\"\/cs\/wp-json\/wp\/v2\/pages\/9#wpcf7-f24-o1\" method=\"post\" class=\"wpcf7-form init\" novalidate=\"novalidate\" data-status=\"init\">\n<div style=\"display: none;\">\n<input type=\"hidden\" name=\"_wpcf7\" value=\"24\" \/>\n<input type=\"hidden\" name=\"_wpcf7_version\" value=\"5.5.2\" \/>\n<input type=\"hidden\" name=\"_wpcf7_locale\" value=\"cs_CZ\" \/>\n<input type=\"hidden\" name=\"_wpcf7_unit_tag\" value=\"wpcf7-f24-o1\" \/>\n<input type=\"hidden\" name=\"_wpcf7_container_post\" value=\"0\" \/>\n<input type=\"hidden\" name=\"_wpcf7_posted_data_hash\" value=\"\" \/>\n<\/div>\n<div class=\"wps-form\">\n<p>    <!-- Zeile 1 --><\/p>\n<div class=\"wps-form-row\">\n<p>        <!-- Spalte 1 --><\/p>\n<div class=\"wps-form-column\">\n<label> Odeslat*<br \/>\n<span class=\"wpcf7-form-control-wrap vor-name\"><input type=\"text\" name=\"vor-name\" value=\"\" size=\"40\" class=\"wpcf7-form-control wpcf7-text wpcf7-validates-as-required\" aria-required=\"true\" aria-invalid=\"false\" \/><\/span><\/label><br \/>\n<span id=\"wpcf7-6a01d8e381d56-wrapper\" class=\"wpcf7-form-control-wrap vorname-wrap\" style=\"display:none !important; visibility:hidden !important;\"><label for=\"wpcf7-6a01d8e381d56-field\" class=\"hp-message\">Ponechte toto pole pr\u00e1zdn\u00e9.<\/label><input id=\"wpcf7-6a01d8e381d56-field\"  class=\"wpcf7-form-control wpcf7-text\" type=\"text\" name=\"vorname\" value=\"\" size=\"40\" tabindex=\"-1\" autocomplete=\"new-password\" \/><\/span><br \/>\n<label> E-mailov\u00e1 adresa*<br \/>\n    <span class=\"wpcf7-form-control-wrap your-email\"><input type=\"email\" name=\"your-email\" value=\"\" size=\"40\" class=\"wpcf7-form-control wpcf7-text wpcf7-email wpcf7-validates-as-required wpcf7-validates-as-email\" aria-required=\"true\" aria-invalid=\"false\" \/><\/span> <\/label>\n        <\/div>\n<p>        <!-- Spalte 2 --><\/p>\n<div class=\"wps-form-column\">\n<label> N\u00e1zev*<br \/>\n    <span class=\"wpcf7-form-control-wrap your-name\"><input type=\"text\" name=\"your-name\" value=\"\" size=\"40\" class=\"wpcf7-form-control wpcf7-text wpcf7-validates-as-required\" aria-required=\"true\" aria-invalid=\"false\" \/><\/span> <\/label><br \/>\n<span id=\"wpcf7-6a01d8e381e73-wrapper\" class=\"wpcf7-form-control-wrap nachname-wrap\" style=\"display:none !important; visibility:hidden !important;\"><label for=\"wpcf7-6a01d8e381e73-field\" class=\"hp-message\">Ponechte toto pole pr\u00e1zdn\u00e9.<\/label><input id=\"wpcf7-6a01d8e381e73-field\"  class=\"wpcf7-form-control wpcf7-text\" type=\"text\" name=\"nachname\" value=\"\" size=\"40\" tabindex=\"-1\" autocomplete=\"new-password\" \/><\/span><br \/>\n<label> \u010c\u00edslo zp\u011btn\u00e9ho vol\u00e1n\u00ed<br \/>\n<span class=\"wpcf7-form-control-wrap telefon\"><input type=\"tel\" name=\"telefon\" value=\"\" size=\"40\" class=\"wpcf7-form-control wpcf7-text wpcf7-tel wpcf7-validates-as-tel\" aria-invalid=\"false\" \/><\/span> <\/label>\n        <\/div>\n<\/div>\n<p>    <!-- Ende der Zeile 1 -->\n    <\/div>\n<p>        <!-- Spalte 3 --><\/p>\n<div class=\"wps-form-column3\">\n<p><label> Va\u0161e zpr\u00e1va*<br \/>\n    <span class=\"wpcf7-form-control-wrap your-message\"><textarea name=\"your-message\" cols=\"40\" rows=\"10\" class=\"wpcf7-form-control wpcf7-textarea\" aria-invalid=\"false\"><\/textarea><\/span> <\/label><\/p>\n<\/div>\n<div class=\"wps-form-column3\">\n<span class=\"wpcf7-form-control-wrap acceptance-956\"><span class=\"wpcf7-form-control wpcf7-acceptance\"><span class=\"wpcf7-list-item\"><label><input type=\"checkbox\" name=\"acceptance-956\" value=\"1\" aria-invalid=\"false\" \/><span class=\"wpcf7-list-item-label\">Souhlas\u00edm s t\u00edm, \u017ee m\u00e9 \u00fadaje z tohoto kontaktn\u00edho formul\u00e1\u0159e budou pou\u017eity a zpracov\u00e1ny pouze v souvislosti s m\u00fdm dotazem. \u00dadaje budou vymaz\u00e1ny po ukon\u010den\u00ed zpracov\u00e1n\u00ed va\u0161\u00ed \u017e\u00e1dosti. Sv\u016fj souhlas m\u016f\u017eete kdykoli odvolat zasl\u00e1n\u00edm e-mailu na adresu info@pflegedienst-fidere.de. Dal\u0161\u00ed informace o ochran\u011b osobn\u00edch \u00fadaj\u016f naleznete v na\u0161em <a href=\"https:\/\/www.pflegedienst-fidere.de\/datenschutzerklaerung\/\">Prohl\u00e1\u0161en\u00ed o ochran\u011b osobn\u00edch \u00fadaj\u016f<\/a><\/span><\/label><\/span><\/span><\/span><\/p>\n<p><input type=\"submit\" value=\"Odeslat\" class=\"wpcf7-form-control has-spinner wpcf7-submit\" \/>\n<\/p><\/div>\n<\/div>\n<div class=\"wpcf7-response-output\" aria-hidden=\"true\"><\/div><\/form><\/div><\/div><\/div><\/div><\/div><\/div><\/section>\n","protected":false},"excerpt":{"rendered":"[vc_custom_heading text=\"Kontaktujte n\u00e1s\" font_container=\"tag:h4|text_align:left\" use_theme_fonts=\"yes\" css=\"%7B%22default%22%3A%7B%22margin-top%22%3A%2220px%22%7D%7D\"] Odeslat* Ponechte toto pole pr\u00e1zdn\u00e9. E-mailov\u00e1 adresa* N\u00e1zev* Ponechte toto pole pr\u00e1zdn\u00e9. \u010c\u00edslo zp\u011btn\u00e9ho vol\u00e1n\u00ed Va\u0161e zpr\u00e1va* Souhlas\u00edm s t\u00edm, \u017ee m\u00e9 \u00fadaje z tohoto kontaktn\u00edho formul\u00e1\u0159e budou pou\u017eity a zpracov\u00e1ny pouze v souvislosti s m\u00fdm dotazem. \u00dadaje budou vymaz\u00e1ny po ukon\u010den\u00ed zpracov\u00e1n\u00ed va\u0161\u00ed \u017e\u00e1dosti. Sv\u016fj souhlas m\u016f\u017eete kdykoli...","protected":false},"author":1,"featured_media":0,"parent":0,"menu_order":0,"comment_status":"closed","ping_status":"closed","template":"","meta":[],"_links":{"self":[{"href":"https:\/\/www.pflegedienst-fidere.de\/cs\/wp-json\/wp\/v2\/pages\/9"}],"collection":[{"href":"https:\/\/www.pflegedienst-fidere.de\/cs\/wp-json\/wp\/v2\/pages"}],"about":[{"href":"https:\/\/www.pflegedienst-fidere.de\/cs\/wp-json\/wp\/v2\/types\/page"}],"author":[{"embeddable":true,"href":"https:\/\/www.pflegedienst-fidere.de\/cs\/wp-json\/wp\/v2\/users\/1"}],"replies":[{"embeddable":true,"href":"https:\/\/www.pflegedienst-fidere.de\/cs\/wp-json\/wp\/v2\/comments?post=9"}],"version-history":[{"count":3,"href":"https:\/\/www.pflegedienst-fidere.de\/cs\/wp-json\/wp\/v2\/pages\/9\/revisions"}],"predecessor-version":[{"id":152,"href":"https:\/\/www.pflegedienst-fidere.de\/cs\/wp-json\/wp\/v2\/pages\/9\/revisions\/152"}],"wp:attachment":[{"href":"https:\/\/www.pflegedienst-fidere.de\/cs\/wp-json\/wp\/v2\/media?parent=9"}],"curies":[{"name":"wp","href":"https:\/\/api.w.org\/{rel}","templated":true}]}}