{"id":74,"date":"2021-09-12T20:19:25","date_gmt":"2021-09-12T18:19:25","guid":{"rendered":"https:\/\/www.pflegedienst-fidere.de\/cs\/?page_id=74"},"modified":"2021-10-25T15:24:16","modified_gmt":"2021-10-25T13:24:16","slug":"nase-sluzby-2","status":"publish","type":"page","link":"https:\/\/www.pflegedienst-fidere.de\/cs\/osetrovatelska-sluzba\/nase-sluzby-2\/","title":{"rendered":"Na\u0161e slu\u017eby"},"content":{"rendered":"<section class=\"l-section wpb_row height_auto\"><div class=\"l-section-h i-cf\"><div class=\"g-cols via_flex valign_top type_default\"><div class=\"vc_col-sm-12 wpb_column vc_column_container\"><div class=\"vc_column-inner\"><div class=\"wpb_wrapper\"><div class=\"w-separator size_medium\"><\/div><\/div><\/div><\/div><\/div><\/div><\/section><section class=\"l-section wpb_row height_auto\"><div class=\"l-section-h i-cf\"><div class=\"g-cols via_flex valign_top type_default\"><div class=\"vc_col-sm-12 wpb_column vc_column_container\"><div class=\"vc_column-inner us_custom_8d5aa4e2\"><div class=\"wpb_wrapper\"><div class=\"g-cols wpb_row via_flex valign_top type_default\"><div class=\"vc_col-sm-6 wpb_column vc_column_container\"><div class=\"vc_column-inner\"><div class=\"vc_column-overlay\" style=\"background:#ffffff\"><\/div><div class=\"wpb_wrapper\"><div class=\"w-image us_custom_c96ace34 align_none\"><div class=\"w-image-h\"><img width=\"1024\" height=\"683\" src=\"https:\/\/www.pflegedienst-fidere.de\/cs\/wp-content\/uploads\/sites\/2\/2021\/10\/SAM_7045-1024x683-1.jpg\" class=\"attachment-large size-large\" alt=\"\" loading=\"lazy\" srcset=\"https:\/\/www.pflegedienst-fidere.de\/cs\/wp-content\/uploads\/sites\/2\/2021\/10\/SAM_7045-1024x683-1.jpg 1024w, https:\/\/www.pflegedienst-fidere.de\/cs\/wp-content\/uploads\/sites\/2\/2021\/10\/SAM_7045-1024x683-1-300x200.jpg 300w\" sizes=\"(max-width: 1024px) 100vw, 1024px\" \/><\/div><\/div><\/div><\/div><\/div><div class=\"vc_col-sm-6 wpb_column vc_column_container\"><div class=\"vc_column-inner\"><div class=\"wpb_wrapper\"><div class=\"wpb_text_column us_custom_3fbe9826 has_text_color\"><div class=\"wpb_wrapper\"><p>&#8222;Moje pe\u010dovatelsk\u00e1 slu\u017eba ji\u017e 20 let!<\/p>\n<p>Porad\u00ed mi ve v\u0161ech situac\u00edch. Staraj\u00ed se o m\u00e9 zdrav\u00ed, jsou dochviln\u00ed, p\u0159\u00e1tel\u0161t\u00ed a ochotn\u00ed.<\/p>\n<p>Oce\u0148uji, \u017ee v\u0161e z\u016fst\u00e1v\u00e1 v jedn\u011bch rukou a moje pe\u010dovatelka p\u0159eb\u00edr\u00e1 kompletn\u00ed denn\u00ed rutinu. V p\u0159\u00edpad\u011b nouze m\u00e1m v\u017edy kontaktn\u00ed osobu.&#8220;<\/p>\n<p>Christa Grimmer (pacientka od roku 2002)<\/p>\n<\/div><\/div><\/div><\/div><\/div><\/div><\/div><\/div><\/div><\/div><\/div><\/section><section class=\"l-section wpb_row height_auto\"><div class=\"l-section-h i-cf\"><div class=\"g-cols via_flex valign_top type_default\"><div class=\"vc_col-sm-12 wpb_column vc_column_container\"><div class=\"vc_column-inner\"><div class=\"wpb_wrapper\"><div class=\"g-cols wpb_row via_flex valign_top type_default\"><div class=\"vc_col-sm-12 wpb_column vc_column_container has_text_color\"><div class=\"vc_column-inner us_custom_19fbb1ac\"><div class=\"vc_column-overlay\" style=\"background:#3297E1\"><\/div><div class=\"wpb_wrapper\">[vc_custom_heading text=&#8220;Dom\u00e1c\u00ed p\u00e9\u010de&#8220; use_theme_fonts=&#8220;yes&#8220;]<div class=\"wpb_text_column\"><div class=\"wpb_wrapper\"><p>Kdy\u017e vy sami nebo v\u00e1\u0161 milovan\u00fd p\u0159\u00edbuzn\u00fd pot\u0159ebuje p\u00e9\u010di, je to velk\u00fd zlom v \u017eivot\u011b va\u0161\u00ed rodiny. Aby v\u00e1\u0161 domov mohl b\u00fdt i nad\u00e1le centrem va\u0161eho \u017eivota, podporujeme v\u00e1s prost\u0159ednictv\u00edm na\u0161\u00ed pe\u010dovatelsk\u00e9 slu\u017eby a denn\u00edho stacion\u00e1\u0159e FIDERE. Za t\u00edmto \u00fa\u010delem v\u00e1s \u017e\u00e1d\u00e1me o d\u016fv\u011bru. Na\u0161i kompetentn\u00ed, spolehliv\u00ed a p\u0159\u00e1tel\u0161t\u00ed zam\u011bstnanci vynakl\u00e1daj\u00ed ve\u0161ker\u00e9 \u00fasil\u00ed, aby si tuto d\u016fv\u011bru ka\u017ed\u00fd den znovu z\u00edskali.<\/p>\n<p>Srde\u010dn\u011b v\u00e1s zveme, abyste se s n\u00e1mi a na\u0161imi slu\u017ebami bl\u00ed\u017ee sezn\u00e1mili.<\/p>\n<\/div><\/div><\/div><\/div><\/div><\/div><\/div><\/div><\/div><\/div><\/div><\/section><section class=\"l-section wpb_row us_custom_0f8f44b7 height_auto\"><div class=\"l-section-h i-cf\"><div class=\"g-cols via_flex valign_top type_default\"><div class=\"vc_col-sm-6 wpb_column vc_column_container has_text_color\"><div class=\"vc_column-inner us_custom_3adad2f2\"><div class=\"vc_column-overlay\" style=\"background:#3297E1\"><\/div><div class=\"wpb_wrapper\"><div class=\"w-iconbox us_custom_66ce2e51 iconpos_left style_outlined color_secondary align_left no_text\"><div class=\"w-iconbox-icon\" style=\"font-size:12px;\"><i class=\"fas fa-check\"><\/i><\/div><div class=\"w-iconbox-meta\"><h3 class=\"w-iconbox-title\">Z\u00e1kladn\u00ed p\u00e9\u010de<\/h3><\/div><\/div><div class=\"wpb_text_column\"><div class=\"wpb_wrapper\"><p>Myt\u00ed, j\u00eddlo, pit\u00ed, chozen\u00ed na toaletu &#8211; lid\u00e9, kte\u0159\u00ed pot\u0159ebuj\u00ed p\u00e9\u010di, to ji\u017e nedok\u00e1\u017eou bez pomoci. Maj\u00ed proto n\u00e1rok na z\u00e1kladn\u00ed p\u00e9\u010di podle 11. knihy soci\u00e1ln\u00edho z\u00e1kon\u00edku (SGB XI). Na\u0161e z\u00e1kladn\u00ed slu\u017eby p\u00e9\u010de zahrnuj\u00ed mimo jin\u00e9:<\/p>\n<\/div><\/div><\/div><\/div><\/div><div class=\"vc_col-sm-6 wpb_column vc_column_container\"><div class=\"vc_column-inner us_custom_03ee8309\"><div class=\"vc_column-overlay\" style=\"background:#ffffff\"><\/div><div class=\"wpb_wrapper\"><div class=\"wpb_text_column us_custom_8c42ed40\"><div class=\"wpb_wrapper\"><ul>\n<li>Osobn\u00ed hygiena, l\u016f\u017ekoviny a skladov\u00e1n\u00ed<\/li>\n<li>Pomoc p\u0159i toalet\u011b a p\u0159ebalov\u00e1n\u00ed<\/li>\n<li>Pomoc p\u0159i krmen\u00ed a krmen\u00ed sondou<\/li>\n<li>Pou\u017e\u00edv\u00e1n\u00ed inkontinen\u010dn\u00edch p\u0159\u00edpravk\u016f<\/li>\n<\/ul>\n<\/div><\/div><\/div><\/div><\/div><\/div><\/div><\/section><section class=\"l-section wpb_row us_custom_0f8f44b7 height_auto\"><div class=\"l-section-h i-cf\"><div class=\"g-cols via_flex valign_top type_default\"><div class=\"vc_col-sm-6 wpb_column vc_column_container has_text_color\"><div class=\"vc_column-inner us_custom_b64cb71a\"><div class=\"vc_column-overlay\" style=\"background:#3297E1\"><\/div><div class=\"wpb_wrapper\"><div class=\"w-iconbox us_custom_66ce2e51 iconpos_left style_outlined color_secondary align_left no_text\"><div class=\"w-iconbox-icon\" style=\"font-size:12px;\"><i class=\"fas fa-check\"><\/i><\/div><div class=\"w-iconbox-meta\"><h3 class=\"w-iconbox-title\">L\u00e9\u010debn\u00e1 p\u00e9\u010de<\/h3><\/div><\/div><div class=\"wpb_text_column\"><div class=\"wpb_wrapper\"><p>Pacienti, kte\u0159\u00ed pot\u0159ebuj\u00ed p\u00e9\u010di, \u010dasto pot\u0159ebuj\u00ed l\u00e9ka\u0159sk\u00e9 o\u0161et\u0159en\u00ed i doma. L\u00e9\u010debn\u00e1 p\u00e9\u010de podle 5. knihy soci\u00e1ln\u00edho z\u00e1kon\u00edku (SGB V) zahrnuje v\u0161echny \u010dinnosti, kter\u00e9 kvalifikovan\u00fd o\u0161et\u0159ovatelsk\u00fd person\u00e1l prov\u00e1d\u00ed v dom\u00e1cnosti u pacienta, kter\u00fd pot\u0159ebuje p\u00e9\u010di, na z\u00e1klad\u011b l\u00e9ka\u0159sk\u00e9ho p\u0159edpisu. Na\u0161e slu\u017eby l\u00e9ka\u0159sk\u00e9 p\u00e9\u010de zahrnuj\u00ed mimo jin\u00e9:<\/p>\n<\/div><\/div><\/div><\/div><\/div><div class=\"vc_col-sm-6 wpb_column vc_column_container\"><div class=\"vc_column-inner us_custom_03ee8309\"><div class=\"vc_column-overlay\" style=\"background:#ffffff\"><\/div><div class=\"wpb_wrapper\"><div class=\"wpb_text_column us_custom_8c42ed40\"><div class=\"wpb_wrapper\"><ul>\n<li>Pomoc s u\u017e\u00edv\u00e1n\u00edm l\u00e9k\u016f<\/li>\n<li>P\u00e9\u010de o r\u00e1ny, o\u0161et\u0159en\u00ed stomi\u00ed, p\u00e9\u010de o porty, parenter\u00e1ln\u00ed v\u00fd\u017eiva<\/li>\n<li>M\u011b\u0159en\u00ed krevn\u00edho tlaku, pulzu a cukru v krvi, injekce,<\/li>\n<li>Nasazov\u00e1n\u00ed a sund\u00e1v\u00e1n\u00ed kompresivn\u00edch pun\u010doch a obvaz\u016f.<\/li>\n<\/ul>\n<\/div><\/div><\/div><\/div><\/div><\/div><\/div><\/section><section class=\"l-section wpb_row us_custom_0f8f44b7 height_auto\"><div class=\"l-section-h i-cf\"><div class=\"g-cols via_flex valign_top type_default\"><div class=\"vc_col-sm-6 wpb_column vc_column_container has_text_color\"><div class=\"vc_column-inner us_custom_b64cb71a\"><div class=\"vc_column-overlay\" style=\"background:#3297E1\"><\/div><div class=\"wpb_wrapper\"><div class=\"w-iconbox us_custom_66ce2e51 iconpos_left style_outlined color_secondary align_left no_text\"><div class=\"w-iconbox-icon\" style=\"font-size:12px;\"><i class=\"fas fa-check\"><\/i><\/div><div class=\"w-iconbox-meta\"><h3 class=\"w-iconbox-title\">Pomoc v dom\u00e1cnosti a p\u00e9\u010de o dom\u00e1cnost<\/h3><\/div><\/div><div class=\"wpb_text_column\"><div class=\"wpb_wrapper\"><p>Osoby, kter\u00e9 ji\u017e nemohou samy v\u00e9st dom\u00e1cnost, maj\u00ed n\u00e1rok na pomoc v dom\u00e1cnosti (\u00a7 38 SGB XI) nebo na dom\u00e1c\u00ed p\u00e9\u010di (SGB V) a podp\u016frnou p\u00e9\u010di (\u00a7 37 SGB XI) i bez stupn\u011b pe\u010dovatelsk\u00e9 slu\u017eby. Na\u0161e kvalifikovan\u00e9 hospodyn\u011b p\u0159evezmou podle pot\u0159eby a\u017e na 6 t\u00fddn\u016f nejr\u016fzn\u011bj\u0161\u00ed \u00fakoly ka\u017edodenn\u00ed p\u00e9\u010de o dom\u00e1cnost, v\u010detn\u011b:<\/p>\n<\/div><\/div><\/div><\/div><\/div><div class=\"vc_col-sm-6 wpb_column vc_column_container\"><div class=\"vc_column-inner us_custom_03ee8309\"><div class=\"vc_column-overlay\" style=\"background:#ffffff\"><\/div><div class=\"wpb_wrapper\"><div class=\"wpb_text_column us_custom_8c42ed40\"><div class=\"wpb_wrapper\"><ul>\n<li>Po\u0159izov\u00e1n\u00ed l\u00e9k\u016f a pom\u016fcek<\/li>\n<li>Pomoc p\u0159i nakupov\u00e1n\u00ed,<\/li>\n<li>p\u0159\u00edprava j\u00eddel,<\/li>\n<li>\u00faklid bytu,<\/li>\n<li>p\u0159evl\u00e9k\u00e1n\u00ed a pran\u00ed pr\u00e1dla.<\/li>\n<\/ul>\n<\/div><\/div><\/div><\/div><\/div><\/div><\/div><\/section><section class=\"l-section wpb_row us_custom_0f8f44b7 height_auto\"><div class=\"l-section-h i-cf\"><div class=\"g-cols via_flex valign_top type_default\"><div class=\"vc_col-sm-6 wpb_column vc_column_container has_text_color\"><div class=\"vc_column-inner us_custom_b64cb71a\"><div class=\"vc_column-overlay\" style=\"background:#3297E1\"><\/div><div class=\"wpb_wrapper\"><div class=\"w-iconbox us_custom_66ce2e51 iconpos_left style_outlined color_secondary align_left no_text\"><div class=\"w-iconbox-icon\" style=\"font-size:12px;\"><i class=\"fas fa-check\"><\/i><\/div><div class=\"w-iconbox-meta\"><h3 class=\"w-iconbox-title\">Ka\u017edodenn\u00ed spole\u010dnost<\/h3><\/div><\/div><div class=\"wpb_text_column\"><div class=\"wpb_wrapper\"><p>Rodinn\u00ed pe\u010dovatel\u00e9 mohou \u010dasto vyu\u017e\u00edt pomoc a svobodu i v ka\u017edodenn\u00edm \u017eivot\u011b. Osoby, kter\u00e9 jsou za\u0159azeny do 2. nebo vy\u0161\u0161\u00edho stupn\u011b p\u00e9\u010de, maj\u00ed n\u00e1rok na ka\u017edodenn\u00ed doprovod jako dopln\u011bk p\u00e9\u010de. Na\u0161i ka\u017edodenn\u00ed spole\u010dn\u00edci v\u00e1m pomohou zlep\u0161it kvalitu \u017eivota va\u0161eho i va\u0161ich bl\u00edzk\u00fdch, kte\u0159\u00ed pot\u0159ebuj\u00ed p\u00e9\u010di. To zahrnuje mimo jin\u00e9:<\/p>\n<\/div><\/div><\/div><\/div><\/div><div class=\"vc_col-sm-6 wpb_column vc_column_container\"><div class=\"vc_column-inner us_custom_03ee8309\"><div class=\"vc_column-overlay\" style=\"background:#ffffff\"><\/div><div class=\"wpb_wrapper\"><div class=\"wpb_text_column us_custom_8c42ed40\"><div class=\"wpb_wrapper\"><ul>\n<li>Lehk\u00e9 pe\u010dovatelsk\u00e9 \u010dinnosti<\/li>\n<li>P\u00e9\u010de a aktivizace, nap\u0159. \u0161kolen\u00ed o demenci<\/li>\n<li>Z\u00edsk\u00e1v\u00e1n\u00ed recept\u016f a l\u00e9k\u016f<\/li>\n<li>Proch\u00e1zky a doprovod na aktivity a k l\u00e9ka\u0159i.<\/li>\n<li>Rozhovory a spole\u010dn\u011b str\u00e1ven\u00fd \u010das<\/li>\n<\/ul>\n<\/div><\/div><\/div><\/div><\/div><\/div><\/div><\/section><section class=\"l-section wpb_row us_custom_0f8f44b7 height_auto\"><div class=\"l-section-h i-cf\"><div class=\"g-cols via_flex valign_top type_default\"><div class=\"vc_col-sm-6 wpb_column vc_column_container has_text_color\"><div class=\"vc_column-inner us_custom_b64cb71a\"><div class=\"vc_column-overlay\" style=\"background:#3297E1\"><\/div><div class=\"wpb_wrapper\"><div class=\"w-iconbox us_custom_66ce2e51 iconpos_left style_outlined color_secondary align_left no_text\"><div class=\"w-iconbox-icon\" style=\"font-size:12px;\"><i class=\"fas fa-check\"><\/i><\/div><div class=\"w-iconbox-meta\"><h3 class=\"w-iconbox-title\">Poradenstv\u00ed v oblasti p\u00e9\u010de<\/h3><\/div><\/div><div class=\"wpb_text_column\"><div class=\"wpb_wrapper\"><p>Kdy\u017e vznikne pot\u0159eba dlouhodob\u00e9 p\u00e9\u010de, v\u0161ichni, kter\u00fdch se to t\u00fdk\u00e1, pot\u0159ebuj\u00ed kompetentn\u00ed a spolehliv\u00e9 informace o tom, co p\u0159esn\u011b je t\u0159eba ud\u011blat. Po podrobn\u00e9 a bezplatn\u00e9 konzultaci ur\u010d\u00ed na\u0161i kvalifikovan\u00ed poradci pro p\u00e9\u010di va\u0161e individu\u00e1ln\u00ed pot\u0159eby, skute\u010dn\u00e9 n\u00e1klady a v\u00e1\u0161 n\u00e1rok na st\u00e1tn\u00ed p\u0159\u00edsp\u011bvky. R\u00e1di v\u00e1m porad\u00edme se v\u0161emi z\u00e1kony, p\u0159edpisy a \u017e\u00e1dostmi. Jedn\u00e1 se nap\u0159. o:<\/p>\n<\/div><\/div><\/div><\/div><\/div><div class=\"vc_col-sm-6 wpb_column vc_column_container\"><div class=\"vc_column-inner us_custom_03ee8309\"><div class=\"vc_column-overlay\" style=\"background:#ffffff\"><\/div><div class=\"wpb_wrapper\"><div class=\"wpb_text_column us_custom_8c42ed40\"><div class=\"wpb_wrapper\"><ul>\n<li>\u017d\u00e1dost o stupe\u0148 p\u00e9\u010de<\/li>\n<li>\u017d\u00e1dost o podporu \/ syst\u00e9m t\u00eds\u0148ov\u00e9ho vol\u00e1n\u00ed \/ dotace,<\/li>\n<li>P\u0159edpisy pro dom\u00e1c\u00ed o\u0161et\u0159ovatelskou p\u00e9\u010di<\/li>\n<li>Podpora p\u0159i hodnocen\u00ed ze strany MDK.<\/li>\n<\/ul>\n<\/div><\/div><\/div><\/div><\/div><\/div><\/div><\/section><section class=\"l-section wpb_row us_custom_0f8f44b7 height_auto\"><div class=\"l-section-h i-cf\"><div class=\"g-cols via_flex valign_top type_default\"><div class=\"vc_col-sm-6 wpb_column vc_column_container has_text_color\"><div class=\"vc_column-inner us_custom_b64cb71a\"><div class=\"vc_column-overlay\" style=\"background:#3297E1\"><\/div><div class=\"wpb_wrapper\"><div class=\"w-iconbox us_custom_66ce2e51 iconpos_left style_outlined color_secondary align_left no_text\"><div class=\"w-iconbox-icon\" style=\"font-size:12px;\"><i class=\"fas fa-check\"><\/i><\/div><div class=\"w-iconbox-meta\"><h3 class=\"w-iconbox-title\">Ceny<\/h3><\/div><\/div><div class=\"wpb_text_column\"><div class=\"wpb_wrapper\"><\/div><\/div><\/div><\/div><\/div><div class=\"vc_col-sm-6 wpb_column vc_column_container\"><div class=\"vc_column-inner us_custom_03ee8309\"><div class=\"vc_column-overlay\" style=\"background:#ffffff\"><\/div><div class=\"wpb_wrapper\"><div class=\"w-iconbox iconpos_left style_default color_primary align_left no_text\"><a target=\"_blank\" href=\"https:\/\/www.pflegedienst-fidere.de\/wp-content\/uploads\/2021\/10\/Leistungskomplexe_03_2021-1.pdf\" rel=\"noopener\" class=\"w-iconbox-link\" aria-label=\"Komplexy slu\u017eeb\"><div class=\"w-iconbox-icon\" style=\"font-size:2rem;\"><i class=\"fas fa-download\"><\/i><\/div><\/a><div class=\"w-iconbox-meta\"><a target=\"_blank\" href=\"https:\/\/www.pflegedienst-fidere.de\/wp-content\/uploads\/2021\/10\/Leistungskomplexe_03_2021-1.pdf\" rel=\"noopener\" class=\"w-iconbox-link\" aria-label=\"Komplexy slu\u017eeb\"><h4 class=\"w-iconbox-title\">Komplexy slu\u017eeb<\/h4><\/a><\/div><\/div><\/div><\/div><\/div><\/div><\/div><\/section><section class=\"l-section wpb_row height_medium\"><div class=\"l-section-h i-cf\"><div class=\"g-cols via_flex valign_top type_default\"><div class=\"vc_col-sm-12 wpb_column vc_column_container\"><div class=\"vc_column-inner\"><div class=\"wpb_wrapper\"><div class=\"w-separator size_large\"><\/div><\/div><\/div><\/div><\/div><\/div><\/section>\n","protected":false},"excerpt":{"rendered":"&#8222;Moje pe\u010dovatelsk\u00e1 slu\u017eba ji\u017e 20 let! Porad\u00ed mi ve v\u0161ech situac\u00edch. Staraj\u00ed se o m\u00e9 zdrav\u00ed, jsou dochviln\u00ed, p\u0159\u00e1tel\u0161t\u00ed a ochotn\u00ed. Oce\u0148uji, \u017ee v\u0161e z\u016fst\u00e1v\u00e1 v jedn\u011bch rukou a moje pe\u010dovatelka p\u0159eb\u00edr\u00e1 kompletn\u00ed denn\u00ed rutinu. V p\u0159\u00edpad\u011b nouze m\u00e1m v\u017edy kontaktn\u00ed osobu.&#8220; Christa Grimmer (pacientka od roku 2002) [vc_custom_heading text=\"Dom\u00e1c\u00ed p\u00e9\u010de\" use_theme_fonts=\"yes\"]Kdy\u017e vy sami nebo...","protected":false},"author":1,"featured_media":0,"parent":38,"menu_order":0,"comment_status":"closed","ping_status":"closed","template":"","meta":[],"_links":{"self":[{"href":"https:\/\/www.pflegedienst-fidere.de\/cs\/wp-json\/wp\/v2\/pages\/74"}],"collection":[{"href":"https:\/\/www.pflegedienst-fidere.de\/cs\/wp-json\/wp\/v2\/pages"}],"about":[{"href":"https:\/\/www.pflegedienst-fidere.de\/cs\/wp-json\/wp\/v2\/types\/page"}],"author":[{"embeddable":true,"href":"https:\/\/www.pflegedienst-fidere.de\/cs\/wp-json\/wp\/v2\/users\/1"}],"replies":[{"embeddable":true,"href":"https:\/\/www.pflegedienst-fidere.de\/cs\/wp-json\/wp\/v2\/comments?post=74"}],"version-history":[{"count":4,"href":"https:\/\/www.pflegedienst-fidere.de\/cs\/wp-json\/wp\/v2\/pages\/74\/revisions"}],"predecessor-version":[{"id":117,"href":"https:\/\/www.pflegedienst-fidere.de\/cs\/wp-json\/wp\/v2\/pages\/74\/revisions\/117"}],"up":[{"embeddable":true,"href":"https:\/\/www.pflegedienst-fidere.de\/cs\/wp-json\/wp\/v2\/pages\/38"}],"wp:attachment":[{"href":"https:\/\/www.pflegedienst-fidere.de\/cs\/wp-json\/wp\/v2\/media?parent=74"}],"curies":[{"name":"wp","href":"https:\/\/api.w.org\/{rel}","templated":true}]}}