{"id":7,"date":"2020-09-23T14:44:28","date_gmt":"2020-09-23T12:44:28","guid":{"rendered":"https:\/\/www.pflegedienst-fidere.de\/cs\/?page_id=7"},"modified":"2021-10-28T11:11:53","modified_gmt":"2021-10-28T09:11:53","slug":"domovska-stranka","status":"publish","type":"page","link":"https:\/\/www.pflegedienst-fidere.de\/cs\/","title":{"rendered":"Domovsk\u00e1 str\u00e1nka"},"content":{"rendered":"<section class=\"l-section wpb_row height_auto\"><div class=\"l-section-h i-cf\"><div class=\"g-cols via_flex valign_top type_default\"><div class=\"vc_col-sm-12 wpb_column vc_column_container\"><div class=\"vc_column-inner us_custom_8d5aa4e2\"><div class=\"vc_column-overlay\" style=\"background:#3297E1\"><\/div><div class=\"wpb_wrapper\"><div class=\"w-separator size_medium\"><\/div><div class=\"g-cols wpb_row via_flex valign_top type_default\"><div class=\"vc_col-sm-6 wpb_column vc_column_container\"><div class=\"vc_column-inner\"><div class=\"wpb_wrapper\"><div class=\"w-image has_ratio align_none\"><div class=\"w-image-h\"><div style=\"padding-bottom:75%\"><\/div><img width=\"1024\" height=\"683\" src=\"https:\/\/www.pflegedienst-fidere.de\/cs\/wp-content\/uploads\/sites\/2\/2021\/10\/SAM_7045-1024x683-1.jpg\" class=\"attachment-large size-large\" alt=\"\" loading=\"lazy\" srcset=\"https:\/\/www.pflegedienst-fidere.de\/cs\/wp-content\/uploads\/sites\/2\/2021\/10\/SAM_7045-1024x683-1.jpg 1024w, https:\/\/www.pflegedienst-fidere.de\/cs\/wp-content\/uploads\/sites\/2\/2021\/10\/SAM_7045-1024x683-1-300x200.jpg 300w\" sizes=\"(max-width: 1024px) 100vw, 1024px\" \/><\/div><\/div><\/div><\/div><\/div><div class=\"vc_col-sm-6 wpb_column vc_column_container\"><div class=\"vc_column-inner\"><div class=\"wpb_wrapper\"><div class=\"w-video align_none ratio_4x3 with_overlay\" style=\"background-image:url(https:\/\/www.pflegedienst-fidere.de\/cs\/wp-content\/uploads\/sites\/2\/2021\/10\/pflegedienst-fidere-12-e1634924077887.jpg);\" onclick=\"return {&quot;player_id&quot;:&quot;youtube-o8f6&quot;,&quot;player_api&quot;:&quot;\\\/\\\/www.youtube.com\\\/player_api&quot;,&quot;player_html&quot;:&quot;&lt;div id=\\&quot;youtube-o8f6\\&quot;&gt;&lt;\\\/div&gt;&lt;script&gt;\\r\\n\\t\\t\\tif ( window.USYTPlayers === undefined ) {\\r\\n\\t\\t\\t\\twindow.USYTPlayers = [];\\r\\n\\t\\t\\t}\\r\\n\\t\\t\\twindow.USYTPlayers.push( {\\r\\n\\t\\t\\t\\tplayerID: \\&quot;youtube-o8f6\\&quot;,\\r\\n\\t\\t\\t\\tvideoID: \\&quot;xHSmJuQIsOs\\&quot;,\\r\\n\\t\\t\\t\\tplayerVars: {\\&quot;origin\\&quot;:\\&quot;https:\\\\\\\/\\\\\\\/www.pflegedienst-fidere.de\\\\\\\/cs\\&quot;,\\&quot;controls\\&quot;:1,\\&quot;autoplay\\&quot;:1,\\&quot;playlist\\&quot;:\\&quot;xHSmJuQIsOs\\&quot;}\\t\\t\\t\\r\\n\\t\\t\\t} );\\r\\n\\t\\t\\tif ( window.USYTInited === undefined ) {\\r\\n\\t\\t\\t\\t\\\/\\\/ Trying to override other possible WP YT API calls if our element is used\\r\\n\\t\\t\\t\\twindow.USYTInited = true;\\r\\n\\t\\t\\t\\twindow.onYouTubePlayerAPIReady = function() {\\r\\n\\t\\t\\t\\t\\tfor ( var i in window.USYTPlayers ) {\\r\\n\\t\\t\\t\\t\\t\\tvar _playerParams = window.USYTPlayers[ i ];\\r\\n\\t\\t\\t\\t\\t\\t$us.YTPlayers[ _playerParams.playerID ] = new YT.Player( _playerParams.playerID, {\\r\\n\\t\\t\\t\\t\\t\\t\\tvideoId: _playerParams.videoID,\\r\\n\\t\\t\\t\\t\\t\\t\\tplayerVars: _playerParams.playerVars\\r\\n\\t\\t\\t\\t\\t\\t} );\\r\\n\\t\\t\\t\\t\\t}\\r\\n\\t\\t\\t\\t}\\r\\n\\t\\t\\t}\\r\\n\\t\\t\\tif ( !! window.YT ) {\\r\\n\\t\\t\\t\\t$us.YTPlayers[\\&quot;youtube-o8f6\\&quot;] = new YT.Player( \\&quot;youtube-o8f6\\&quot;, {\\r\\n\\t\\t\\t\\t\\tvideoId: \\&quot;xHSmJuQIsOs\\&quot;,\\r\\n\\t\\t\\t\\t\\tplayerVars: {\\&quot;origin\\&quot;:\\&quot;https:\\\\\\\/\\\\\\\/www.pflegedienst-fidere.de\\\\\\\/cs\\&quot;,\\&quot;controls\\&quot;:1,\\&quot;autoplay\\&quot;:1,\\&quot;playlist\\&quot;:\\&quot;xHSmJuQIsOs\\&quot;}\\r\\n\\t\\t\\t\\t} );\\r\\n\\t\\t\\t}\\r\\n\\t\\t&lt;\\\/script&gt;&quot;}\"><div class=\"w-video-h\"><\/div><div class=\"w-video-icon\" style=\"font-size:1.5rem;background:rgba(0,0,0,0.5);color:#fff\"><\/div><\/div><\/div><\/div><\/div><\/div><div class=\"w-separator size_medium\"><\/div><\/div><\/div><\/div><\/div><\/div><\/section><section class=\"l-section wpb_row height_auto\"><div class=\"l-section-h i-cf\"><div class=\"g-cols via_flex valign_top type_default\"><div class=\"vc_col-sm-12 wpb_column vc_column_container\"><div class=\"vc_column-inner\"><div class=\"wpb_wrapper\"><div class=\"g-cols wpb_row via_flex valign_top type_default\"><div class=\"vc_col-sm-9 wpb_column vc_column_container has_text_color\"><div class=\"vc_column-inner us_custom_e32019cd\"><div class=\"vc_column-overlay\" style=\"background:#3297E1\"><\/div><div class=\"wpb_wrapper\"><div class=\"wpb_text_column us_custom_c3f4d55f\"><div class=\"wpb_wrapper\"><h2>V\u00e1\u017een\u00ed n\u00e1v\u0161t\u011bvn\u00edci,<\/h2>\n<p>Kdy\u017e vy sami nebo v\u00e1\u0161 milovan\u00fd p\u0159\u00edbuzn\u00fd pot\u0159ebuje p\u00e9\u010di, je to velk\u00fd zlom v \u017eivot\u011b va\u0161\u00ed rodiny. Aby v\u00e1\u0161 domov mohl b\u00fdt i nad\u00e1le centrem va\u0161eho \u017eivota, podporujeme v\u00e1s prost\u0159ednictv\u00edm na\u0161\u00ed pe\u010dovatelsk\u00e9 slu\u017eby a denn\u00edho stacion\u00e1\u0159e FIDERE. Za t\u00edmto \u00fa\u010delem v\u00e1s \u017e\u00e1d\u00e1me o d\u016fv\u011bru. Na\u0161i kompetentn\u00ed, spolehliv\u00ed a p\u0159\u00e1tel\u0161t\u00ed zam\u011bstnanci vynakl\u00e1daj\u00ed ve\u0161ker\u00e9 \u00fasil\u00ed, aby si tuto d\u016fv\u011bru ka\u017ed\u00fd den znovu z\u00edskali.<\/p>\n<p>Srde\u010dn\u011b v\u00e1s zveme, abyste se s n\u00e1mi a na\u0161imi slu\u017ebami bl\u00ed\u017ee sezn\u00e1mili.<\/p>\n<\/div><\/div>[vc_custom_heading text=&#8220;S pozdravem, Marion Heimann&#8220; font_container=&#8220;tag:h5|text_align:left&#8220; use_theme_fonts=&#8220;yes&#8220; css=&#8220;%7B%22default%22%3A%7B%22font-size%22%3A%2232px%22%2C%22padding-left%22%3A%2220px%22%7D%7D&#8220;]<\/div><\/div><\/div><div class=\"vc_col-sm-3 wpb_column vc_column_container\"><div class=\"vc_column-inner us_custom_925fd2fb\"><div class=\"vc_column-overlay\" style=\"background:#3297E1\"><\/div><div class=\"wpb_wrapper\"><div class=\"w-separator size_small\"><\/div><div class=\"w-person layout_trendy\" itemscope itemtype=\"https:\/\/schema.org\/Person\"><div class=\"w-person-image\"><img width=\"179\" height=\"239\" src=\"https:\/\/www.pflegedienst-fidere.de\/cs\/wp-content\/uploads\/sites\/2\/2021\/10\/Marion-Heimann1.jpg\" class=\"attachment-full size-full\" alt=\"\" loading=\"lazy\" \/><\/div><div class=\"w-person-content\"><h4 itemprop=\"name\" class=\"w-person-name\"><span>Marion Heimann<\/span><\/h4><div class=\"w-person-role\" itemprop=\"jobTitle\">V\u00fdkonn\u00fd \u0159editel<\/div><\/div><\/div><div class=\"w-separator size_small\"><\/div><\/div><\/div><\/div><\/div><\/div><\/div><\/div><\/div><\/div><\/section><section class=\"l-section wpb_row height_auto\"><div class=\"l-section-h i-cf\"><div class=\"g-cols via_flex valign_top type_default\"><div class=\"vc_col-sm-6 wpb_column vc_column_container has_text_color\"><div class=\"vc_column-inner us_custom_b64cb71a\"><div class=\"vc_column-overlay\" style=\"background:#3297E1\"><\/div><div class=\"wpb_wrapper\">[vc_custom_heading text=&#8220;O\u0161et\u0159ovatelsk\u00e1 slu\u017eba&#8220; use_theme_fonts=&#8220;yes&#8220; css=&#8220;%7B%22default%22%3A%7B%22text-transform%22%3A%22uppercase%22%7D%7D&#8220;]<div class=\"wpb_text_column\"><div class=\"wpb_wrapper\"><p>Na\u0161e pe\u010dovatelsk\u00e1 slu\u017eba FIDERE byla zalo\u017eena v roce 2002 a od t\u00e9 doby se v Dr\u00e1\u017e\u010fanech etablovala jako vlastn\u00edkem \u0159\u00edzen\u00e1 spole\u010dnost s vysok\u00fdmi n\u00e1roky na kvalitu a spolehlivost. V sou\u010dasn\u00e9 dob\u011b se n\u00e1\u0161 pe\u010dovatelsk\u00fd t\u00fdm \u010d\u00edtaj\u00edc\u00ed p\u0159ibli\u017en\u011b 30 zam\u011bstnanc\u016f star\u00e1 o blaho p\u0159ibli\u017en\u011b 150 klient\u016f v Dr\u00e1\u017e\u010fanech a okol\u00ed Strehlenu.<\/p>\n<\/div><\/div><div class=\"g-cols wpb_row via_flex valign_top type_default\"><div class=\"vc_col-sm-8 wpb_column vc_column_container\"><div class=\"vc_column-inner\"><div class=\"wpb_wrapper\"><div class=\"wpb_text_column\"><div class=\"wpb_wrapper\"><p>Bezplatn\u00e9 poradenstv\u00ed: po-p\u00e1 8:00-16:00 hod.<br \/>\nTelefon: +49 351 8 04 79 11<br \/>\nE-mail: info@pflegedienst-fidere.de<\/p>\n<\/div><\/div><\/div><\/div><\/div><div class=\"vc_col-sm-4 wpb_column vc_column_container\"><div class=\"vc_column-inner\"><div class=\"wpb_wrapper\"><div class=\"w-image align_none\"><div class=\"w-image-h\"><img width=\"1024\" height=\"683\" src=\"https:\/\/www.pflegedienst-fidere.de\/cs\/wp-content\/uploads\/sites\/2\/2021\/10\/Nora-Ass.-Gesch.-1-1024x683-1.jpg\" class=\"attachment-large size-large\" alt=\"Nora (asistentka veden\u00ed)\" loading=\"lazy\" srcset=\"https:\/\/www.pflegedienst-fidere.de\/cs\/wp-content\/uploads\/sites\/2\/2021\/10\/Nora-Ass.-Gesch.-1-1024x683-1.jpg 1024w, https:\/\/www.pflegedienst-fidere.de\/cs\/wp-content\/uploads\/sites\/2\/2021\/10\/Nora-Ass.-Gesch.-1-1024x683-1-300x200.jpg 300w\" sizes=\"(max-width: 1024px) 100vw, 1024px\" \/><\/div><\/div><div class=\"wpb_text_column\"><div class=\"wpb_wrapper\"><p>Nora Hagemann (asistentka veden\u00ed)<\/p>\n<\/div><\/div><\/div><\/div><\/div><\/div><\/div><\/div><\/div><div class=\"vc_col-sm-6 wpb_column vc_column_container has_text_color\"><div class=\"vc_column-inner us_custom_166ee006\"><div class=\"vc_column-overlay\" style=\"background:#3297E1\"><\/div><div class=\"wpb_wrapper\">[vc_custom_heading text=&#8220;Denn\u00ed p\u00e9\u010de&#8220; use_theme_fonts=&#8220;yes&#8220; css=&#8220;%7B%22default%22%3A%7B%22text-transform%22%3A%22uppercase%22%7D%7D&#8220;]<div class=\"wpb_text_column\"><div class=\"wpb_wrapper\"><p>Od roku 2012, kdy jsme se p\u0159est\u011bhovali do modernizovan\u00e9 vily na Mockritzer Stra\u00dfe 4, se m\u016f\u017eeme starat tak\u00e9 o 12 host\u016f v na\u0161em denn\u00edm centru FIDERE. Lidem, kte\u0159\u00ed pot\u0159ebuj\u00ed p\u00e9\u010di nebo jsou posti\u017eeni demenc\u00ed, nab\u00edz\u00edme \u0161irokou \u0161k\u00e1lu pracovn\u00edch a pe\u010dovatelsk\u00fdch slu\u017eeb po-p\u00e1, 8:00-17:00.<\/p>\n<\/div><\/div><div class=\"g-cols wpb_row via_flex valign_top type_default\"><div class=\"vc_col-sm-8 wpb_column vc_column_container\"><div class=\"vc_column-inner\"><div class=\"wpb_wrapper\"><div class=\"w-separator size_small\"><\/div><div class=\"wpb_text_column\"><div class=\"wpb_wrapper\"><p>Bezplatn\u00e9 poradenstv\u00ed: po-p\u00e1 8:00-16:00 hod.<br \/>\nTelefon: +49 351 47 94 02 62<br \/>\nE-mail: tagespflege@pflegedienst-fidere.de<\/p>\n<\/div><\/div><\/div><\/div><\/div><div class=\"vc_col-sm-4 wpb_column vc_column_container\"><div class=\"vc_column-inner\"><div class=\"wpb_wrapper\"><div class=\"w-separator size_small\"><\/div><div class=\"w-image has_ratio align_none\"><div class=\"w-image-h\"><div style=\"padding-bottom:75%\"><\/div><img width=\"828\" height=\"1024\" src=\"https:\/\/www.pflegedienst-fidere.de\/cs\/wp-content\/uploads\/sites\/2\/2021\/10\/Kathleen-TP-Leitung-Fachkraft-Praxisanleiterin-828x1024-1.jpg\" class=\"attachment-large size-large\" alt=\"\" loading=\"lazy\" srcset=\"https:\/\/www.pflegedienst-fidere.de\/cs\/wp-content\/uploads\/sites\/2\/2021\/10\/Kathleen-TP-Leitung-Fachkraft-Praxisanleiterin-828x1024-1.jpg 828w, https:\/\/www.pflegedienst-fidere.de\/cs\/wp-content\/uploads\/sites\/2\/2021\/10\/Kathleen-TP-Leitung-Fachkraft-Praxisanleiterin-828x1024-1-243x300.jpg 243w\" sizes=\"(max-width: 828px) 100vw, 828px\" \/><\/div><\/div><div class=\"wpb_text_column\"><div class=\"wpb_wrapper\"><p>Kathleen Sch\u00f6n (\u0158\u00edzen\u00ed denn\u00ed p\u00e9\u010de)<\/p>\n<\/div><\/div><\/div><\/div><\/div><\/div><\/div><\/div><\/div><\/div><\/div><\/section><section class=\"l-section wpb_row height_medium\"><div class=\"l-section-h i-cf\"><div class=\"g-cols via_flex valign_top type_default\"><div class=\"vc_col-sm-12 wpb_column vc_column_container\"><div class=\"vc_column-inner\"><div class=\"vc_column-overlay\" style=\"background:#3297E1\"><\/div><div class=\"wpb_wrapper\"><div class=\"w-map provider_osm us_custom_3b8f9481\" id=\"us_map_1\"><div class=\"w-map-json\" onclick='return {&quot;address&quot;:&quot;51.024811, 13.762440&quot;,&quot;zoom&quot;:16,&quot;hideControls&quot;:0,&quot;disableZoom&quot;:1,&quot;disableDragging&quot;:0,&quot;markers&quot;:[{&quot;address&quot;:&quot;51.024811, 13.762440&quot;,&quot;html&quot;:&quot;&quot;,&quot;infowindow&quot;:false}],&quot;style&quot;:&quot;https:\\\/\\\/{s}.tile.openstreetmap.org\\\/{z}\\\/{x}\\\/{y}.png&quot;}'><\/div><\/div><\/div><\/div><\/div><\/div><\/div><\/section>\n","protected":false},"excerpt":{"rendered":"V\u00e1\u017een\u00ed n\u00e1v\u0161t\u011bvn\u00edci, Kdy\u017e vy sami nebo v\u00e1\u0161 milovan\u00fd p\u0159\u00edbuzn\u00fd pot\u0159ebuje p\u00e9\u010di, je to velk\u00fd zlom v \u017eivot\u011b va\u0161\u00ed rodiny. Aby v\u00e1\u0161 domov mohl b\u00fdt i nad\u00e1le centrem va\u0161eho \u017eivota, podporujeme v\u00e1s prost\u0159ednictv\u00edm na\u0161\u00ed pe\u010dovatelsk\u00e9 slu\u017eby a denn\u00edho stacion\u00e1\u0159e FIDERE. Za t\u00edmto \u00fa\u010delem v\u00e1s \u017e\u00e1d\u00e1me o d\u016fv\u011bru. Na\u0161i kompetentn\u00ed, spolehliv\u00ed a p\u0159\u00e1tel\u0161t\u00ed zam\u011bstnanci vynakl\u00e1daj\u00ed ve\u0161ker\u00e9 \u00fasil\u00ed,...","protected":false},"author":1,"featured_media":0,"parent":0,"menu_order":0,"comment_status":"closed","ping_status":"closed","template":"","meta":[],"_links":{"self":[{"href":"https:\/\/www.pflegedienst-fidere.de\/cs\/wp-json\/wp\/v2\/pages\/7"}],"collection":[{"href":"https:\/\/www.pflegedienst-fidere.de\/cs\/wp-json\/wp\/v2\/pages"}],"about":[{"href":"https:\/\/www.pflegedienst-fidere.de\/cs\/wp-json\/wp\/v2\/types\/page"}],"author":[{"embeddable":true,"href":"https:\/\/www.pflegedienst-fidere.de\/cs\/wp-json\/wp\/v2\/users\/1"}],"replies":[{"embeddable":true,"href":"https:\/\/www.pflegedienst-fidere.de\/cs\/wp-json\/wp\/v2\/comments?post=7"}],"version-history":[{"count":4,"href":"https:\/\/www.pflegedienst-fidere.de\/cs\/wp-json\/wp\/v2\/pages\/7\/revisions"}],"predecessor-version":[{"id":260,"href":"https:\/\/www.pflegedienst-fidere.de\/cs\/wp-json\/wp\/v2\/pages\/7\/revisions\/260"}],"wp:attachment":[{"href":"https:\/\/www.pflegedienst-fidere.de\/cs\/wp-json\/wp\/v2\/media?parent=7"}],"curies":[{"name":"wp","href":"https:\/\/api.w.org\/{rel}","templated":true}]}}