{"id":55,"date":"2021-09-12T19:57:40","date_gmt":"2021-09-12T17:57:40","guid":{"rendered":"https:\/\/www.pflegedienst-fidere.de\/cs\/?page_id=55"},"modified":"2021-10-25T15:56:59","modified_gmt":"2021-10-25T13:56:59","slug":"zpravy","status":"publish","type":"page","link":"https:\/\/www.pflegedienst-fidere.de\/cs\/zpravy\/","title":{"rendered":"Zpr\u00e1vy"},"content":{"rendered":"<section class=\"l-section wpb_row us_custom_0f8f44b7 height_auto\"><div class=\"l-section-h i-cf\"><div class=\"g-cols via_flex valign_top type_default\"><div class=\"vc_col-sm-6 wpb_column vc_column_container has_text_color\"><div class=\"vc_column-inner us_custom_55a77ffb\"><div class=\"vc_column-overlay\" style=\"background:#ffffff\"><\/div><div class=\"wpb_wrapper\"><div class=\"wpb_text_column\"><div class=\"wpb_wrapper\"><h1>O\u0161et\u0159ovatelsk\u00e1 slu\u017eba<\/h1>\n<\/div><\/div><\/div><\/div><\/div><div class=\"vc_col-sm-6 wpb_column vc_column_container\"><div class=\"vc_column-inner us_custom_03ee8309\"><div class=\"vc_column-overlay\" style=\"background:#3297E1\"><\/div><div class=\"wpb_wrapper\"><div class=\"wpb_text_column us_custom_6df4bc3a has_text_color\"><div class=\"wpb_wrapper\"><h1>Denn\u00ed p\u00e9\u010de<\/h1>\n<\/div><\/div><\/div><\/div><\/div><\/div><\/div><\/section><section class=\"l-section wpb_row height_medium\"><div class=\"l-section-h i-cf\"><div class=\"g-cols via_flex valign_top type_default\"><div class=\"vc_col-sm-6 wpb_column vc_column_container\"><div class=\"vc_column-inner\"><div class=\"vc_column-overlay\" style=\"background:#ffffff\"><\/div><div class=\"wpb_wrapper\"><div class=\"w-text\"><a href=\"https:\/\/www.pflegedienst-fidere.de\/wp-content\/uploads\/2021\/10\/Rubrik_Aktuelles-Pflegedienst_Website.pdf\" class=\"w-text-h\"><span class=\"w-text-value\">21.10. Novinky v o\u0161et\u0159ovatelsk\u00e9 slu\u017eb\u011b: Paliativn\u00ed p\u00e9\u010de<\/span><\/a><\/div><div class=\"w-separator size_medium\"><\/div><div class=\"w-text\"><a href=\"https:\/\/www.pflegedienst-fidere.de\/wp-content\/uploads\/2021\/10\/Rubrik_Aktuelles-Pflegedienst_Website.pdf\" class=\"w-text-h\"><span class=\"w-text-value\">21.10. Informace ze Saska: testov\u00e1n\u00ed Corony<\/span><\/a><\/div><\/div><\/div><\/div><div class=\"vc_col-sm-6 wpb_column vc_column_container\"><div class=\"vc_column-inner\"><div class=\"vc_column-overlay\" style=\"background:#3297E1\"><\/div><div class=\"wpb_wrapper\"><div class=\"w-text us_custom_6df4bc3a has_text_color\"><a href=\"https:\/\/www.pflegedienst-fidere.de\/wp-content\/uploads\/2021\/10\/Rubrik_Aktuelles_Wir-und-Corona_Tagespflege.docx\" class=\"w-text-h\"><span class=\"w-text-value\">21.10.2021 Sou\u010dasn\u00e9 korunov\u00e9 pojistky<\/span><\/a><\/div><\/div><\/div><\/div><\/div><\/div><\/section>\n","protected":false},"excerpt":{"rendered":"O\u0161et\u0159ovatelsk\u00e1 slu\u017eba Denn\u00ed p\u00e9\u010de 21.10. Novinky v o\u0161et\u0159ovatelsk\u00e9 slu\u017eb\u011b: Paliativn\u00ed p\u00e9\u010de21.10. Informace ze Saska: testov\u00e1n\u00ed Corony21.10.2021 Sou\u010dasn\u00e9 korunov\u00e9 pojistky","protected":false},"author":1,"featured_media":0,"parent":0,"menu_order":0,"comment_status":"closed","ping_status":"closed","template":"","meta":[],"_links":{"self":[{"href":"https:\/\/www.pflegedienst-fidere.de\/cs\/wp-json\/wp\/v2\/pages\/55"}],"collection":[{"href":"https:\/\/www.pflegedienst-fidere.de\/cs\/wp-json\/wp\/v2\/pages"}],"about":[{"href":"https:\/\/www.pflegedienst-fidere.de\/cs\/wp-json\/wp\/v2\/types\/page"}],"author":[{"embeddable":true,"href":"https:\/\/www.pflegedienst-fidere.de\/cs\/wp-json\/wp\/v2\/users\/1"}],"replies":[{"embeddable":true,"href":"https:\/\/www.pflegedienst-fidere.de\/cs\/wp-json\/wp\/v2\/comments?post=55"}],"version-history":[{"count":3,"href":"https:\/\/www.pflegedienst-fidere.de\/cs\/wp-json\/wp\/v2\/pages\/55\/revisions"}],"predecessor-version":[{"id":143,"href":"https:\/\/www.pflegedienst-fidere.de\/cs\/wp-json\/wp\/v2\/pages\/55\/revisions\/143"}],"wp:attachment":[{"href":"https:\/\/www.pflegedienst-fidere.de\/cs\/wp-json\/wp\/v2\/media?parent=55"}],"curies":[{"name":"wp","href":"https:\/\/api.w.org\/{rel}","templated":true}]}}