{"id":49,"date":"2021-09-12T19:50:17","date_gmt":"2021-09-12T17:50:17","guid":{"rendered":"https:\/\/www.pflegedienst-fidere.de\/cs\/?page_id=49"},"modified":"2021-10-26T11:45:19","modified_gmt":"2021-10-26T09:45:19","slug":"nase-kazdodenni-rutina","status":"publish","type":"page","link":"https:\/\/www.pflegedienst-fidere.de\/cs\/denni-pece\/nase-kazdodenni-rutina\/","title":{"rendered":"Na\u0161e ka\u017edodenn\u00ed rutina"},"content":{"rendered":"<section class=\"l-section wpb_row height_auto\"><div class=\"l-section-h i-cf\"><div class=\"g-cols via_flex valign_top type_default\"><div class=\"vc_col-sm-12 wpb_column vc_column_container\"><div class=\"vc_column-inner\"><div class=\"wpb_wrapper\"><div class=\"w-separator size_medium\"><\/div><\/div><\/div><\/div><\/div><\/div><\/section><section class=\"l-section wpb_row us_custom_67913441 height_auto has_text_color\"><div class=\"l-section-h i-cf\"><div class=\"g-cols via_flex valign_top type_default\"><div class=\"vc_col-sm-6 wpb_column vc_column_container has_text_color\"><div class=\"vc_column-inner us_custom_b64cb71a\"><div class=\"vc_column-overlay\" style=\"background:#ffffff\"><\/div><div class=\"wpb_wrapper\"><div class=\"g-cols wpb_row us_custom_95ebd667 via_flex valign_middle type_default has_text_color\"><div class=\"vc_col-sm-12 wpb_column vc_column_container\"><div class=\"vc_column-inner\"><div class=\"wpb_wrapper\"><div class=\"wpb_text_column us_custom_95ebd667 has_text_color\"><div class=\"wpb_wrapper\"><h1>Na\u0161e ka\u017edodenn\u00ed rutina<\/h1>\n<p>Na\u0161im klient\u016fm nab\u00edz\u00edme strukturovan\u00fd denn\u00ed program s r\u016fzn\u00fdmi aktivitami.<\/p>\n<p>Na\u0161e \u0159idi\u010dsk\u00e1 slu\u017eba vyzved\u00e1v\u00e1 hosty denn\u00edho stacion\u00e1\u0159e r\u00e1no z jejich domov\u016f. Po klidn\u00e9 j\u00edzd\u011b \u010dek\u00e1 na hosty person\u00e1l v prostorn\u00fdch, sv\u011btlem zalit\u00fdch pokoj\u00edch na spole\u010dnou sn\u00eddani.<\/p>\n<p>Po p\u0159ehledu novin n\u00e1sleduje denn\u00ed program s aktiviza\u010dn\u00edmi a pohybov\u00fdmi hrami, v\u00fdlety a tematick\u00fdmi dny.<\/p>\n<\/div><\/div><div class=\"w-separator size_small\"><\/div><\/div><\/div><\/div><\/div><\/div><\/div><\/div><div class=\"vc_col-sm-6 wpb_column vc_column_container\"><div class=\"vc_column-inner\"><div class=\"wpb_wrapper\"><div class=\"w-slider style_none fit_scaledown\"><div class=\"w-slider-h\"><div class=\"royalSlider\"><div class=\"rsContent\"><a class=\"rsImg\" data-rsw=\"1024\" data-rsh=\"768\" href=\"https:\/\/www.pflegedienst-fidere.de\/cs\/wp-content\/uploads\/sites\/2\/2021\/10\/DSC_8730-1-1024x768-1.jpg\"><span data-alt=\"\"><\/span><\/a><div class=\"rsABlock\" data-fadeEffect=\"false\" data-moveEffect=\"none\"><div class=\"w-slider-item-title\">Denn\u00ed p\u00e9\u010de o vozidla<\/div><\/div><\/div><div class=\"rsContent\"><a class=\"rsImg\" data-rsw=\"812\" data-rsh=\"1024\" href=\"https:\/\/www.pflegedienst-fidere.de\/cs\/wp-content\/uploads\/sites\/2\/2021\/10\/Amerika-2-812x1024-1.jpg\"><span data-alt=\"\"><\/span><\/a><div class=\"rsABlock\" data-fadeEffect=\"false\" data-moveEffect=\"none\"><div class=\"w-slider-item-title\">T\u00e9matick\u00e9 dny USA<\/div><\/div><\/div><div class=\"rsContent\"><a class=\"rsImg\" data-rsw=\"1024\" data-rsh=\"600\" href=\"https:\/\/www.pflegedienst-fidere.de\/cs\/wp-content\/uploads\/sites\/2\/2021\/10\/Amerika-3-scaled-1-1024x600.jpg\"><span data-alt=\"\"><\/span><\/a><div class=\"rsABlock\" data-fadeEffect=\"false\" data-moveEffect=\"none\"><div class=\"w-slider-item-title\">T\u00e9matick\u00e9 dny USA<\/div><\/div><\/div><div class=\"rsContent\"><a class=\"rsImg\" data-rsw=\"760\" data-rsh=\"1024\" href=\"https:\/\/www.pflegedienst-fidere.de\/cs\/wp-content\/uploads\/sites\/2\/2021\/10\/Amerika-760x1024-1.jpg\"><span data-alt=\"\"><\/span><\/a><div class=\"rsABlock\" data-fadeEffect=\"false\" data-moveEffect=\"none\"><div class=\"w-slider-item-title\">T\u00e9matick\u00e9 dny USA<\/div><\/div><\/div><div class=\"rsContent\"><a class=\"rsImg\" data-rsw=\"760\" data-rsh=\"1024\" href=\"https:\/\/www.pflegedienst-fidere.de\/cs\/wp-content\/uploads\/sites\/2\/2021\/10\/DSC_0746-760x1024-1.jpg\"><span data-alt=\"\"><\/span><\/a><div class=\"rsABlock\" data-fadeEffect=\"false\" data-moveEffect=\"none\"><div class=\"w-slider-item-title\">Zam\u011bstn\u00e1n\u00ed<\/div><\/div><\/div><div class=\"rsContent\"><a class=\"rsImg\" data-rsw=\"1024\" data-rsh=\"760\" href=\"https:\/\/www.pflegedienst-fidere.de\/cs\/wp-content\/uploads\/sites\/2\/2021\/10\/Gaeste-zusammen-1-1024x760-1.jpg\"><span data-alt=\"\"><\/span><\/a><div class=\"rsABlock\" data-fadeEffect=\"false\" data-moveEffect=\"none\"><div class=\"w-slider-item-title\">Spole\u010dn\u011b s hosty<\/div><\/div><\/div><div class=\"rsContent\"><a class=\"rsImg\" data-rsw=\"1024\" data-rsh=\"760\" href=\"https:\/\/www.pflegedienst-fidere.de\/cs\/wp-content\/uploads\/sites\/2\/2021\/10\/Gaeste-zusammen-2-1024x760.jpg\"><span data-alt=\"\"><\/span><\/a><div class=\"rsABlock\" data-fadeEffect=\"false\" data-moveEffect=\"none\"><div class=\"w-slider-item-title\">Gaeste-zusammen-2<\/div><\/div><\/div><div class=\"rsContent\"><a class=\"rsImg\" data-rsw=\"678\" data-rsh=\"868\" href=\"https:\/\/www.pflegedienst-fidere.de\/cs\/wp-content\/uploads\/sites\/2\/2021\/10\/Hundetherapie-1.jpg\"><span data-alt=\"\"><\/span><\/a><div class=\"rsABlock\" data-fadeEffect=\"false\" data-moveEffect=\"none\"><div class=\"w-slider-item-title\">Terapie psem<\/div><\/div><\/div><div class=\"rsContent\"><a class=\"rsImg\" data-rsw=\"1024\" data-rsh=\"768\" href=\"https:\/\/www.pflegedienst-fidere.de\/cs\/wp-content\/uploads\/sites\/2\/2021\/10\/IMG_20200519_102018-1-1024x768.jpg\"><span data-alt=\"\"><\/span><\/a><div class=\"rsABlock\" data-fadeEffect=\"false\" data-moveEffect=\"none\"><div class=\"w-slider-item-title\">Zam\u011bstn\u00e1n\u00ed<\/div><\/div><\/div><div class=\"rsContent\"><a class=\"rsImg\" data-rsw=\"1024\" data-rsh=\"768\" href=\"https:\/\/www.pflegedienst-fidere.de\/cs\/wp-content\/uploads\/sites\/2\/2021\/10\/IMG-20200708-WA0007-1024x768-2.jpg\"><span data-alt=\"\"><\/span><\/a><div class=\"rsABlock\" data-fadeEffect=\"false\" data-moveEffect=\"none\"><div class=\"w-slider-item-title\">Spole\u010dn\u00e1 tvorba hudby<\/div><\/div><\/div><div class=\"rsContent\"><a class=\"rsImg\" data-rsw=\"1024\" data-rsh=\"768\" href=\"https:\/\/www.pflegedienst-fidere.de\/cs\/wp-content\/uploads\/sites\/2\/2021\/10\/IMG-20200708-WA0008-1024x768-1.jpg\"><span data-alt=\"\"><\/span><\/a><div class=\"rsABlock\" data-fadeEffect=\"false\" data-moveEffect=\"none\"><div class=\"w-slider-item-title\">Crafting<\/div><\/div><\/div><div class=\"rsContent\"><a class=\"rsImg\" data-rsw=\"768\" data-rsh=\"1024\" href=\"https:\/\/www.pflegedienst-fidere.de\/cs\/wp-content\/uploads\/sites\/2\/2021\/10\/IMG-20201207-WA0002-768x1024-1.jpg\"><span data-alt=\"\"><\/span><\/a><div class=\"rsABlock\" data-fadeEffect=\"false\" data-moveEffect=\"none\"><div class=\"w-slider-item-title\">P\u0159edv\u00e1no\u010dn\u00ed<\/div><\/div><\/div><div class=\"rsContent\"><a class=\"rsImg\" data-rsw=\"760\" data-rsh=\"1024\" href=\"https:\/\/www.pflegedienst-fidere.de\/cs\/wp-content\/uploads\/sites\/2\/2021\/10\/Italien-760x1024.jpg\"><span data-alt=\"\"><\/span><\/a><div class=\"rsABlock\" data-fadeEffect=\"false\" data-moveEffect=\"none\"><div class=\"w-slider-item-title\">Tematick\u00e9 dny \u010cesk\u00e1 republika<\/div><\/div><\/div><div class=\"rsContent\"><a class=\"rsImg\" data-rsw=\"720\" data-rsh=\"1024\" href=\"https:\/\/www.pflegedienst-fidere.de\/cs\/wp-content\/uploads\/sites\/2\/2021\/10\/Italien-3-2-720x1024-1.jpg\"><span data-alt=\"\"><\/span><\/a><div class=\"rsABlock\" data-fadeEffect=\"false\" data-moveEffect=\"none\"><div class=\"w-slider-item-title\">Tematick\u00e9 dny It\u00e1lie<\/div><\/div><\/div><div class=\"rsContent\"><a class=\"rsImg\" data-rsw=\"1024\" data-rsh=\"760\" href=\"https:\/\/www.pflegedienst-fidere.de\/cs\/wp-content\/uploads\/sites\/2\/2021\/10\/Italien-4-1024x760-1.jpg\"><span data-alt=\"\"><\/span><\/a><div class=\"rsABlock\" data-fadeEffect=\"false\" data-moveEffect=\"none\"><div class=\"w-slider-item-title\">Tematick\u00e9 dny It\u00e1lie<\/div><\/div><\/div><div class=\"rsContent\"><a class=\"rsImg\" data-rsw=\"1024\" data-rsh=\"683\" href=\"https:\/\/www.pflegedienst-fidere.de\/cs\/wp-content\/uploads\/sites\/2\/2021\/10\/SAM_6001-scaled-1-1024x683.jpg\"><span data-alt=\"\"><\/span><\/a><div class=\"rsABlock\" data-fadeEffect=\"false\" data-moveEffect=\"none\"><div class=\"w-slider-item-title\">Letn\u00ed festival<\/div><\/div><\/div><div class=\"rsContent\"><a class=\"rsImg\" data-rsw=\"1024\" data-rsh=\"683\" href=\"https:\/\/www.pflegedienst-fidere.de\/cs\/wp-content\/uploads\/sites\/2\/2021\/10\/SAM_6017-1024x683-1.jpg\"><span data-alt=\"\"><\/span><\/a><div class=\"rsABlock\" data-fadeEffect=\"false\" data-moveEffect=\"none\"><div class=\"w-slider-item-title\">Zam\u011bstn\u00e1n\u00ed<\/div><\/div><\/div><div class=\"rsContent\"><a class=\"rsImg\" data-rsw=\"683\" data-rsh=\"1024\" href=\"https:\/\/www.pflegedienst-fidere.de\/cs\/wp-content\/uploads\/sites\/2\/2021\/10\/SAM_7001-683x1024-1.jpg\"><span data-alt=\"\"><\/span><\/a><div class=\"rsABlock\" data-fadeEffect=\"false\" data-moveEffect=\"none\"><div class=\"w-slider-item-title\">SAMSUNG CSC<\/div><\/div><\/div><div class=\"rsContent\"><a class=\"rsImg\" data-rsw=\"425\" data-rsh=\"789\" href=\"https:\/\/www.pflegedienst-fidere.de\/cs\/wp-content\/uploads\/sites\/2\/2021\/10\/Spaziergang-Gaeste-TP-2.jpg\"><span data-alt=\"\"><\/span><\/a><div class=\"rsABlock\" data-fadeEffect=\"false\" data-moveEffect=\"none\"><div class=\"w-slider-item-title\">Proch\u00e1zka<\/div><\/div><\/div><div class=\"rsContent\"><a class=\"rsImg\" data-rsw=\"760\" data-rsh=\"1024\" href=\"https:\/\/www.pflegedienst-fidere.de\/cs\/wp-content\/uploads\/sites\/2\/2021\/10\/Tschechei-2-scaled-1-760x1024.jpg\"><span data-alt=\"\"><\/span><\/a><div class=\"rsABlock\" data-fadeEffect=\"false\" data-moveEffect=\"none\"><div class=\"w-slider-item-title\">Tematick\u00e9 dny \u010cesk\u00e1 republika<\/div><\/div><\/div><div class=\"rsContent\"><a class=\"rsImg\" data-rsw=\"760\" data-rsh=\"1024\" href=\"https:\/\/www.pflegedienst-fidere.de\/cs\/wp-content\/uploads\/sites\/2\/2021\/10\/Tschechei-8-760x1024-1.jpg\"><span data-alt=\"\"><\/span><\/a><div class=\"rsABlock\" data-fadeEffect=\"false\" data-moveEffect=\"none\"><div class=\"w-slider-item-title\">Tematick\u00e9 dny \u010cesk\u00e1 republika<\/div><\/div><\/div><div class=\"rsContent\"><a class=\"rsImg\" data-rsw=\"760\" data-rsh=\"1024\" href=\"https:\/\/www.pflegedienst-fidere.de\/cs\/wp-content\/uploads\/sites\/2\/2021\/10\/Ungarn-1-scaled-1-760x1024.jpg\"><span data-alt=\"\"><\/span><\/a><div class=\"rsABlock\" data-fadeEffect=\"false\" data-moveEffect=\"none\"><div class=\"w-slider-item-title\">T\u00e9matick\u00e9 dny Ma\u010farsko<\/div><\/div><\/div><div class=\"rsContent\"><a class=\"rsImg\" data-rsw=\"760\" data-rsh=\"1024\" href=\"https:\/\/www.pflegedienst-fidere.de\/cs\/wp-content\/uploads\/sites\/2\/2021\/10\/Ungarn-2-scaled-1-760x1024.jpg\"><span data-alt=\"\"><\/span><\/a><div class=\"rsABlock\" data-fadeEffect=\"false\" data-moveEffect=\"none\"><div class=\"w-slider-item-title\">T\u00e9matick\u00e9 dny Ma\u010farsko<\/div><\/div><\/div><div class=\"rsContent\"><a class=\"rsImg\" data-rsw=\"576\" data-rsh=\"1024\" href=\"https:\/\/www.pflegedienst-fidere.de\/cs\/wp-content\/uploads\/sites\/2\/2021\/10\/Zoo-3-scaled-1-576x1024.jpg\"><span data-alt=\"\"><\/span><\/a><div class=\"rsABlock\" data-fadeEffect=\"false\" data-moveEffect=\"none\"><div class=\"w-slider-item-title\">V\u00fdlet do zoo<\/div><\/div><\/div><div class=\"rsContent\"><a class=\"rsImg\" data-rsw=\"576\" data-rsh=\"1024\" href=\"https:\/\/www.pflegedienst-fidere.de\/cs\/wp-content\/uploads\/sites\/2\/2021\/10\/Zoo-4-576x1024-1.jpg\"><span data-alt=\"\"><\/span><\/a><div class=\"rsABlock\" data-fadeEffect=\"false\" data-moveEffect=\"none\"><div class=\"w-slider-item-title\">V\u00fdlet do zoo<\/div><\/div><\/div><\/div><img src=\"https:\/\/www.pflegedienst-fidere.de\/cs\/wp-content\/uploads\/sites\/2\/2021\/10\/DSC_8730-1-1024x768-1.jpg\" width=\"1024\" height=\"768\" alt loading=\"lazy\"><\/div><div class=\"w-slider-json\" onclick='return {&quot;loop&quot;:true,&quot;fadeInLoadedSlide&quot;:false,&quot;slidesSpacing&quot;:0,&quot;imageScalePadding&quot;:0,&quot;numImagesToPreload&quot;:2,&quot;arrowsNav&quot;:true,&quot;arrowsNavAutoHide&quot;:false,&quot;transitionType&quot;:&quot;move&quot;,&quot;transitionSpeed&quot;:250,&quot;block&quot;:{&quot;moveEffect&quot;:&quot;none&quot;,&quot;speed&quot;:300},&quot;controlNavigation&quot;:&quot;none&quot;,&quot;imageScaleMode&quot;:&quot;fit-if-smaller&quot;,&quot;autoScaleSlider&quot;:true,&quot;autoScaleSliderWidth&quot;:1024,&quot;autoScaleSliderHeight&quot;:768,&quot;fitInViewport&quot;:false}'><\/div><\/div><\/div><\/div><\/div><\/div><\/div><\/section><section class=\"l-section wpb_row height_medium\"><div class=\"l-section-h i-cf\"><div class=\"g-cols via_flex valign_top type_default\"><div class=\"vc_col-sm-6 wpb_column vc_column_container\"><div class=\"vc_column-inner\"><div class=\"wpb_wrapper\"><div class=\"vc_col-sm-12 wpb_column vc_column_container\"><div class=\"vc_column-inner\"><div class=\"wpb_wrapper\"><div class=\"w-slider style_none fit_scaledown\"><div class=\"w-slider-h\"><div class=\"royalSlider\"><div class=\"rsContent\"><a class=\"rsImg\" data-rsw=\"1024\" data-rsh=\"683\" href=\"https:\/\/www.pflegedienst-fidere.de\/cs\/wp-content\/uploads\/sites\/2\/2021\/10\/SAM_6037-1024x683.jpg\"><span data-alt=\"\"><\/span><\/a><\/div><div class=\"rsContent\"><a class=\"rsImg\" data-rsw=\"576\" data-rsh=\"1024\" href=\"https:\/\/www.pflegedienst-fidere.de\/cs\/wp-content\/uploads\/sites\/2\/2021\/10\/DSC_1470-scaled-1-576x1024.jpg\"><span data-alt=\"\"><\/span><\/a><\/div><div class=\"rsContent\"><a class=\"rsImg\" data-rsw=\"576\" data-rsh=\"1024\" href=\"https:\/\/www.pflegedienst-fidere.de\/cs\/wp-content\/uploads\/sites\/2\/2021\/10\/DSC_1704-576x1024.jpg\"><span data-alt=\"\"><\/span><\/a><\/div><div class=\"rsContent\"><a class=\"rsImg\" data-rsw=\"768\" data-rsh=\"1024\" href=\"https:\/\/www.pflegedienst-fidere.de\/cs\/wp-content\/uploads\/sites\/2\/2021\/10\/DSC_6950-768x1024.jpg\"><span data-alt=\"\"><\/span><\/a><\/div><div class=\"rsContent\"><a class=\"rsImg\" data-rsw=\"760\" data-rsh=\"1024\" href=\"https:\/\/www.pflegedienst-fidere.de\/cs\/wp-content\/uploads\/sites\/2\/2021\/10\/Garage-Tor-3-760x1024.jpg\"><span data-alt=\"\"><\/span><\/a><\/div><div class=\"rsContent\"><a class=\"rsImg\" data-rsw=\"760\" data-rsh=\"1024\" href=\"https:\/\/www.pflegedienst-fidere.de\/cs\/wp-content\/uploads\/sites\/2\/2021\/10\/Garage-Tor-3-1-760x1024-1.jpg\"><span data-alt=\"\"><\/span><\/a><\/div><div class=\"rsContent\"><a class=\"rsImg\" data-rsw=\"894\" data-rsh=\"882\" href=\"https:\/\/www.pflegedienst-fidere.de\/cs\/wp-content\/uploads\/sites\/2\/2021\/10\/IMG-20190131-WA0005-2.jpg\"><span data-alt=\"\"><\/span><\/a><\/div><div class=\"rsContent\"><a class=\"rsImg\" data-rsw=\"768\" data-rsh=\"1024\" href=\"https:\/\/www.pflegedienst-fidere.de\/cs\/wp-content\/uploads\/sites\/2\/2021\/10\/Ostern-1-768x1024.jpg\"><span data-alt=\"\"><\/span><\/a><\/div><div class=\"rsContent\"><a class=\"rsImg\" data-rsw=\"760\" data-rsh=\"1024\" href=\"https:\/\/www.pflegedienst-fidere.de\/cs\/wp-content\/uploads\/sites\/2\/2021\/10\/Ostern-760x1024-1.jpg\"><span data-alt=\"\"><\/span><\/a><\/div><div class=\"rsContent\"><a class=\"rsImg\" data-rsw=\"1024\" data-rsh=\"683\" href=\"https:\/\/www.pflegedienst-fidere.de\/cs\/wp-content\/uploads\/sites\/2\/2021\/10\/SAM_5920-scaled-1-1024x683.jpg\"><span data-alt=\"\"><\/span><\/a><\/div><div class=\"rsContent\"><a class=\"rsImg\" data-rsw=\"1024\" data-rsh=\"683\" href=\"https:\/\/www.pflegedienst-fidere.de\/cs\/wp-content\/uploads\/sites\/2\/2021\/10\/SAM_5927-1024x683.jpg\"><span data-alt=\"\"><\/span><\/a><\/div><div class=\"rsContent\"><a class=\"rsImg\" data-rsw=\"1024\" data-rsh=\"683\" href=\"https:\/\/www.pflegedienst-fidere.de\/cs\/wp-content\/uploads\/sites\/2\/2021\/10\/SAM_5984-1024x683.jpg\"><span data-alt=\"\"><\/span><\/a><\/div><div class=\"rsContent\"><a class=\"rsImg\" data-rsw=\"1024\" data-rsh=\"683\" href=\"https:\/\/www.pflegedienst-fidere.de\/cs\/wp-content\/uploads\/sites\/2\/2021\/10\/SAM_6006-scaled-1-1024x683.jpg\"><span data-alt=\"\"><\/span><\/a><\/div><div class=\"rsContent\"><a class=\"rsImg\" data-rsw=\"1024\" data-rsh=\"683\" href=\"https:\/\/www.pflegedienst-fidere.de\/cs\/wp-content\/uploads\/sites\/2\/2021\/10\/SAM_6031-1024x683.jpg\"><span data-alt=\"\"><\/span><\/a><\/div><div class=\"rsContent\"><a class=\"rsImg\" data-rsw=\"683\" data-rsh=\"1024\" href=\"https:\/\/www.pflegedienst-fidere.de\/cs\/wp-content\/uploads\/sites\/2\/2021\/10\/SAM_6039-683x1024.jpg\"><span data-alt=\"\"><\/span><\/a><\/div><\/div><img src=\"https:\/\/www.pflegedienst-fidere.de\/cs\/wp-content\/uploads\/sites\/2\/2021\/10\/SAM_6037-1024x683.jpg\" width=\"1024\" height=\"683\" alt loading=\"lazy\"><\/div><div class=\"w-slider-json\" onclick='return {&quot;loop&quot;:true,&quot;fadeInLoadedSlide&quot;:false,&quot;slidesSpacing&quot;:0,&quot;imageScalePadding&quot;:0,&quot;numImagesToPreload&quot;:2,&quot;arrowsNav&quot;:true,&quot;arrowsNavAutoHide&quot;:false,&quot;transitionType&quot;:&quot;move&quot;,&quot;transitionSpeed&quot;:250,&quot;block&quot;:{&quot;moveEffect&quot;:&quot;none&quot;,&quot;speed&quot;:300},&quot;controlNavigation&quot;:&quot;none&quot;,&quot;imageScaleMode&quot;:&quot;fit-if-smaller&quot;,&quot;autoScaleSlider&quot;:true,&quot;autoScaleSliderWidth&quot;:1024,&quot;autoScaleSliderHeight&quot;:683,&quot;fitInViewport&quot;:false}'><\/div><\/div><\/div><\/div><\/div><div class=\"vc_col-sm-6 wpb_column vc_column_container\"><div class=\"vc_column-inner\"><div class=\"wpb_wrapper\"><\/div><\/div><\/div><\/div><\/div><\/div><div class=\"vc_col-sm-6 wpb_column vc_column_container\"><div class=\"vc_column-inner\"><div class=\"wpb_wrapper\"><div class=\"g-cols wpb_row us_custom_1bc2313a via_flex valign_middle type_default has_text_color\"><div class=\"vc_col-sm-12 wpb_column vc_column_container\"><div class=\"vc_column-inner\"><div class=\"wpb_wrapper\"><div class=\"w-separator size_medium\"><\/div><div class=\"wpb_text_column us_custom_fe7b04f0 has_text_color\"><div class=\"wpb_wrapper\"><h1>Na\u0161e nejd\u016fle\u017eit\u011bj\u0161\u00ed ud\u00e1losti<\/h1>\n<p>Krom\u011b ka\u017edodenn\u00edch aktivit v na\u0161\u00ed denn\u00ed p\u00e9\u010di pravideln\u011b nab\u00edz\u00edme nejzaj\u00edmav\u011bj\u0161\u00ed aktivity.<\/p>\n<p>Spole\u010dn\u011b slav\u00edme narozeniny, region\u00e1ln\u00ed a n\u00e1rodn\u00ed sv\u00e1tky &#8211; tak\u00e9 s p\u0159\u00edbuzn\u00fdmi.<\/p>\n<p>Mezit\u00edm po\u0159\u00e1d\u00e1me rozmanit\u00e9 tematick\u00e9 dny, kter\u00e9 na\u0161e hosty zavedou na kulturn\u00ed a kulin\u00e1\u0159sk\u00e9 pozn\u00e1vac\u00ed v\u00fdlety.<\/p>\n<\/div><\/div><div class=\"w-separator size_huge\"><\/div><\/div><\/div><\/div><\/div><div class=\"w-separator size_medium\"><\/div><\/div><\/div><\/div><\/div><\/div><\/section>\n","protected":false},"excerpt":{"rendered":"Na\u0161e ka\u017edodenn\u00ed rutina Na\u0161im klient\u016fm nab\u00edz\u00edme strukturovan\u00fd denn\u00ed program s r\u016fzn\u00fdmi aktivitami. Na\u0161e \u0159idi\u010dsk\u00e1 slu\u017eba vyzved\u00e1v\u00e1 hosty denn\u00edho stacion\u00e1\u0159e r\u00e1no z jejich domov\u016f. Po klidn\u00e9 j\u00edzd\u011b \u010dek\u00e1 na hosty person\u00e1l v prostorn\u00fdch, sv\u011btlem zalit\u00fdch pokoj\u00edch na spole\u010dnou sn\u00eddani. Po p\u0159ehledu novin n\u00e1sleduje denn\u00ed program s aktiviza\u010dn\u00edmi a pohybov\u00fdmi hrami, v\u00fdlety a tematick\u00fdmi dny. Denn\u00ed p\u00e9\u010de...","protected":false},"author":1,"featured_media":0,"parent":45,"menu_order":0,"comment_status":"closed","ping_status":"closed","template":"","meta":[],"_links":{"self":[{"href":"https:\/\/www.pflegedienst-fidere.de\/cs\/wp-json\/wp\/v2\/pages\/49"}],"collection":[{"href":"https:\/\/www.pflegedienst-fidere.de\/cs\/wp-json\/wp\/v2\/pages"}],"about":[{"href":"https:\/\/www.pflegedienst-fidere.de\/cs\/wp-json\/wp\/v2\/types\/page"}],"author":[{"embeddable":true,"href":"https:\/\/www.pflegedienst-fidere.de\/cs\/wp-json\/wp\/v2\/users\/1"}],"replies":[{"embeddable":true,"href":"https:\/\/www.pflegedienst-fidere.de\/cs\/wp-json\/wp\/v2\/comments?post=49"}],"version-history":[{"count":4,"href":"https:\/\/www.pflegedienst-fidere.de\/cs\/wp-json\/wp\/v2\/pages\/49\/revisions"}],"predecessor-version":[{"id":251,"href":"https:\/\/www.pflegedienst-fidere.de\/cs\/wp-json\/wp\/v2\/pages\/49\/revisions\/251"}],"up":[{"embeddable":true,"href":"https:\/\/www.pflegedienst-fidere.de\/cs\/wp-json\/wp\/v2\/pages\/45"}],"wp:attachment":[{"href":"https:\/\/www.pflegedienst-fidere.de\/cs\/wp-json\/wp\/v2\/media?parent=49"}],"curies":[{"name":"wp","href":"https:\/\/api.w.org\/{rel}","templated":true}]}}