{"id":47,"date":"2021-09-12T19:48:21","date_gmt":"2021-09-12T17:48:21","guid":{"rendered":"https:\/\/www.pflegedienst-fidere.de\/cs\/?page_id=47"},"modified":"2021-10-26T10:10:47","modified_gmt":"2021-10-26T08:10:47","slug":"nase-sluzby","status":"publish","type":"page","link":"https:\/\/www.pflegedienst-fidere.de\/cs\/denni-pece\/nase-sluzby\/","title":{"rendered":"Na\u0161e slu\u017eby"},"content":{"rendered":"<section class=\"l-section wpb_row height_auto\"><div class=\"l-section-h i-cf\"><div class=\"g-cols via_flex valign_top type_default\"><div class=\"vc_col-sm-12 wpb_column vc_column_container\"><div class=\"vc_column-inner us_custom_8d5aa4e2\"><div class=\"wpb_wrapper\"><div class=\"g-cols wpb_row via_flex valign_top type_default\"><div class=\"vc_col-sm-8 wpb_column vc_column_container\"><div class=\"vc_column-inner us_custom_df834264\"><div class=\"wpb_wrapper\"><div class=\"w-image us_custom_8e09cc6b align_none\"><div class=\"w-image-h\"><img width=\"1024\" height=\"768\" src=\"https:\/\/www.pflegedienst-fidere.de\/cs\/wp-content\/uploads\/sites\/2\/2021\/10\/IMG-20200708-WA0007-1024x768-1.jpg\" class=\"attachment-large size-large\" alt=\"\" loading=\"lazy\" srcset=\"https:\/\/www.pflegedienst-fidere.de\/cs\/wp-content\/uploads\/sites\/2\/2021\/10\/IMG-20200708-WA0007-1024x768-1.jpg 1024w, https:\/\/www.pflegedienst-fidere.de\/cs\/wp-content\/uploads\/sites\/2\/2021\/10\/IMG-20200708-WA0007-1024x768-1-300x225.jpg 300w\" sizes=\"(max-width: 1024px) 100vw, 1024px\" \/><\/div><\/div><div class=\"w-separator size_medium\"><\/div><\/div><\/div><\/div><div class=\"vc_col-sm-4 wpb_column vc_column_container\"><div class=\"vc_column-inner\"><div class=\"vc_column-overlay\" style=\"background:var(--color-header-transparent-bg)\"><\/div><div class=\"wpb_wrapper\"><div class=\"w-separator size_large\"><\/div><div class=\"w-image align_none\"><div class=\"w-image-h\"><img width=\"768\" height=\"1024\" src=\"https:\/\/www.pflegedienst-fidere.de\/cs\/wp-content\/uploads\/sites\/2\/2021\/10\/Blumen-aussaehen-768x1024-1.jpg\" class=\"attachment-large size-large\" alt=\"\" loading=\"lazy\" srcset=\"https:\/\/www.pflegedienst-fidere.de\/cs\/wp-content\/uploads\/sites\/2\/2021\/10\/Blumen-aussaehen-768x1024-1.jpg 768w, https:\/\/www.pflegedienst-fidere.de\/cs\/wp-content\/uploads\/sites\/2\/2021\/10\/Blumen-aussaehen-768x1024-1-225x300.jpg 225w\" sizes=\"(max-width: 768px) 100vw, 768px\" \/><\/div><\/div><\/div><\/div><\/div><\/div><div class=\"w-separator size_large\"><\/div><\/div><\/div><\/div><\/div><\/div><\/section><section class=\"l-section wpb_row height_auto\"><div class=\"l-section-h i-cf\"><div class=\"g-cols via_flex valign_top type_default\"><div class=\"vc_col-sm-12 wpb_column vc_column_container\"><div class=\"vc_column-inner\"><div class=\"wpb_wrapper\"><div class=\"g-cols wpb_row via_flex valign_top type_default\"><div class=\"vc_col-sm-12 wpb_column vc_column_container has_text_color\"><div class=\"vc_column-inner us_custom_19fbb1ac\"><div class=\"vc_column-overlay\" style=\"background:#3297E1\"><\/div><div class=\"wpb_wrapper\">[vc_custom_heading text=&#8220;P\u0159es den je o n\u011bj postar\u00e1no &#8211; ve\u010der je doma.&#8220; use_theme_fonts=&#8220;yes&#8220;]<div class=\"wpb_text_column\"><div class=\"wpb_wrapper\"><p>Lid\u00e9, o kter\u00e9 je pe\u010dov\u00e1no doma, \u010dasto poci\u0165uj\u00ed nudu a osam\u011blost. Pokud v\u0161ak p\u00e9\u010di poskytuj\u00ed p\u0159\u00edbuzn\u00ed, mohou se \u010dasto v\u011bnovat spole\u010densk\u00fdm kontakt\u016fm nebo pr\u00e1ci jen v omezen\u00e9 m\u00ed\u0159e a maj\u00ed pak o sv\u00e9 bl\u00edzk\u00e9 strach.<\/p>\n<p>V tomto p\u0159\u00edpad\u011b je denn\u00ed p\u00e9\u010de atraktivn\u00edm dopl\u0148kem dom\u00e1c\u00ed p\u00e9\u010de. Na\u0161i host\u00e9 zde za\u017e\u00edvaj\u00ed profesion\u00e1ln\u00ed p\u00e9\u010di a podporu b\u011bhem dne a strukturovan\u00fd denn\u00ed re\u017eim ve spole\u010dnosti dal\u0161\u00edch lid\u00ed. Nad\u00e1le \u017eij\u00ed ve sv\u00e9m zn\u00e1m\u00e9m prost\u0159ed\u00ed, kde jim pom\u00e1haj\u00ed jejich p\u0159\u00edbuzn\u00ed nebo pe\u010dovatelsk\u00e1 slu\u017eba. Pobyt v denn\u00edm stacion\u00e1\u0159i uleh\u010d\u00ed p\u0159\u00edbuzn\u00fdm a m\u016f\u017ee odd\u00e1lit nebo dokonce zcela zabr\u00e1nit um\u00edst\u011bn\u00ed do \u00fastavn\u00ed p\u00e9\u010de.<\/p>\n<\/div><\/div><\/div><\/div><\/div><\/div><\/div><\/div><\/div><\/div><\/div><\/section><section class=\"l-section wpb_row us_custom_0f8f44b7 height_auto\"><div class=\"l-section-h i-cf\"><div class=\"g-cols via_flex valign_top type_default\"><div class=\"vc_col-sm-6 wpb_column vc_column_container has_text_color\"><div class=\"vc_column-inner us_custom_3adad2f2\"><div class=\"vc_column-overlay\" style=\"background:#3297E1\"><\/div><div class=\"wpb_wrapper\"><div class=\"w-iconbox us_custom_66ce2e51 iconpos_left style_outlined color_secondary align_left no_text\"><div class=\"w-iconbox-icon\" style=\"font-size:12px;\"><i class=\"fas fa-check\"><\/i><\/div><div class=\"w-iconbox-meta\"><h3 class=\"w-iconbox-title\">O\u0161et\u0159ovatelsk\u00e1 p\u00e9\u010de<\/h3><\/div><\/div><div class=\"wpb_text_column\"><div class=\"wpb_wrapper\"><p>V denn\u00edm stacion\u00e1\u0159i poskytuj\u00ed na\u0161e registrovan\u00e9 zdravotn\u00ed sestry l\u00e9ka\u0159skou o\u0161et\u0159ovatelskou p\u00e9\u010di v souladu s 5. knihou soci\u00e1ln\u00edho z\u00e1kon\u00edku (SGB V), pokud je p\u0159edeps\u00e1na l\u00e9ka\u0159em. Na\u0161e slu\u017eby l\u00e9ka\u0159sk\u00e9 p\u00e9\u010de zahrnuj\u00ed mimo jin\u00e9:<\/p>\n<\/div><\/div><\/div><\/div><\/div><div class=\"vc_col-sm-6 wpb_column vc_column_container\"><div class=\"vc_column-inner us_custom_03ee8309\"><div class=\"vc_column-overlay\" style=\"background:#ffffff\"><\/div><div class=\"wpb_wrapper\"><div class=\"wpb_text_column us_custom_8c42ed40\"><div class=\"wpb_wrapper\"><ul>\n<li>Pomoc s u\u017e\u00edv\u00e1n\u00edm l\u00e9k\u016f<\/li>\n<li>M\u011b\u0159en\u00ed krevn\u00edho tlaku, pulzu a cukru v krvi, injekce,<\/li>\n<li>Nasazov\u00e1n\u00ed a sund\u00e1v\u00e1n\u00ed kompresn\u00edch pun\u010doch.<\/li>\n<li>P\u00e9\u010de o inkontinenci<\/li>\n<\/ul>\n<\/div><\/div><\/div><\/div><\/div><\/div><\/div><\/section><section class=\"l-section wpb_row us_custom_0f8f44b7 height_auto\"><div class=\"l-section-h i-cf\"><div class=\"g-cols via_flex valign_top type_default\"><div class=\"vc_col-sm-6 wpb_column vc_column_container has_text_color\"><div class=\"vc_column-inner us_custom_b64cb71a\"><div class=\"vc_column-overlay\" style=\"background:#3297E1\"><\/div><div class=\"wpb_wrapper\"><div class=\"w-iconbox us_custom_66ce2e51 iconpos_left style_outlined color_secondary align_left no_text\"><div class=\"w-iconbox-icon\" style=\"font-size:12px;\"><i class=\"fas fa-check\"><\/i><\/div><div class=\"w-iconbox-meta\"><h3 class=\"w-iconbox-title\">Zvl\u00e1\u0161tn\u00ed p\u00e9\u010de<\/h3><\/div><\/div><div class=\"wpb_text_column\"><div class=\"wpb_wrapper\"><p>Gerontopsychiatri\u010dt\u00ed pacienti \u010dasto pot\u0159ebuj\u00ed zvl\u00e1\u0161tn\u00ed p\u00e9\u010di a individu\u00e1ln\u00ed podporu.<\/p>\n<\/div><\/div><\/div><\/div><\/div><div class=\"vc_col-sm-6 wpb_column vc_column_container\"><div class=\"vc_column-inner us_custom_03ee8309\"><div class=\"vc_column-overlay\" style=\"background:#ffffff\"><\/div><div class=\"wpb_wrapper\"><div class=\"wpb_text_column us_custom_8c42ed40\"><div class=\"wpb_wrapper\"><ul>\n<li>P\u00e9\u010de o osoby s demenc\u00ed<\/li>\n<\/ul>\n<\/div><\/div><\/div><\/div><\/div><\/div><\/div><\/section><section class=\"l-section wpb_row us_custom_0f8f44b7 height_auto\"><div class=\"l-section-h i-cf\"><div class=\"g-cols via_flex valign_top type_default\"><div class=\"vc_col-sm-6 wpb_column vc_column_container has_text_color\"><div class=\"vc_column-inner us_custom_b64cb71a\"><div class=\"vc_column-overlay\" style=\"background:#3297E1\"><\/div><div class=\"wpb_wrapper\"><div class=\"w-iconbox us_custom_66ce2e51 iconpos_left style_outlined color_secondary align_left no_text\"><div class=\"w-iconbox-icon\" style=\"font-size:12px;\"><i class=\"fas fa-check\"><\/i><\/div><div class=\"w-iconbox-meta\"><h3 class=\"w-iconbox-title\">Ka\u017edodenn\u00ed pomoc a stravov\u00e1n\u00ed<\/h3><\/div><\/div><div class=\"wpb_text_column\"><div class=\"wpb_wrapper\"><\/div><\/div><\/div><\/div><\/div><div class=\"vc_col-sm-6 wpb_column vc_column_container\"><div class=\"vc_column-inner us_custom_03ee8309\"><div class=\"vc_column-overlay\" style=\"background:#ffffff\"><\/div><div class=\"wpb_wrapper\"><div class=\"wpb_text_column us_custom_8c42ed40\"><div class=\"wpb_wrapper\"><ul>\n<li>Dopravn\u00ed slu\u017eby<\/li>\n<li>Sn\u00eddan\u011b, ob\u011bd, k\u00e1va<\/li>\n<li>Kade\u0159nictv\u00ed, pedik\u00fara<\/li>\n<\/ul>\n<\/div><\/div><\/div><\/div><\/div><\/div><\/div><\/section><section class=\"l-section wpb_row us_custom_0f8f44b7 height_auto\"><div class=\"l-section-h i-cf\"><div class=\"g-cols via_flex valign_top type_default\"><div class=\"vc_col-sm-6 wpb_column vc_column_container has_text_color\"><div class=\"vc_column-inner us_custom_b64cb71a\"><div class=\"vc_column-overlay\" style=\"background:#3297E1\"><\/div><div class=\"wpb_wrapper\"><div class=\"w-iconbox us_custom_66ce2e51 iconpos_left style_outlined color_secondary align_left no_text\"><div class=\"w-iconbox-icon\" style=\"font-size:12px;\"><i class=\"fas fa-check\"><\/i><\/div><div class=\"w-iconbox-meta\"><h3 class=\"w-iconbox-title\">Individu\u00e1ln\u00ed nebo skupinov\u00e9 terapie pro t\u011blo i du\u0161i<\/h3><\/div><\/div><div class=\"wpb_text_column\"><div class=\"wpb_wrapper\"><\/div><\/div><\/div><\/div><\/div><div class=\"vc_col-sm-6 wpb_column vc_column_container\"><div class=\"vc_column-inner us_custom_03ee8309\"><div class=\"vc_column-overlay\" style=\"background:#ffffff\"><\/div><div class=\"wpb_wrapper\"><div class=\"wpb_text_column us_custom_8c42ed40\"><div class=\"wpb_wrapper\"><ul>\n<li>Pohybov\u00e1 terapie Fyzioterapie a ergoterapie Gymnastika vsed\u011b Logopedie (na p\u0159edpis)<\/li>\n<li>Ergoterapie Tr\u00e9nink pam\u011bti Tr\u00e9nink orientace Hudebn\u00ed a ps\u00ed terapie Biografick\u00e1 pr\u00e1ce<\/li>\n<\/ul>\n<\/div><\/div><\/div><\/div><\/div><\/div><\/div><\/section><section class=\"l-section wpb_row us_custom_0f8f44b7 height_auto\"><div class=\"l-section-h i-cf\"><div class=\"g-cols via_flex valign_top type_default\"><div class=\"vc_col-sm-6 wpb_column vc_column_container has_text_color\"><div class=\"vc_column-inner us_custom_b64cb71a\"><div class=\"vc_column-overlay\" style=\"background:#3297E1\"><\/div><div class=\"wpb_wrapper\"><div class=\"w-iconbox us_custom_66ce2e51 iconpos_left style_outlined color_secondary align_left no_text\"><div class=\"w-iconbox-icon\" style=\"font-size:12px;\"><i class=\"fas fa-check\"><\/i><\/div><div class=\"w-iconbox-meta\"><h3 class=\"w-iconbox-title\">Volno\u010dasov\u00e9 aktivity<\/h3><\/div><\/div><div class=\"wpb_text_column\"><div class=\"wpb_wrapper\"><\/div><\/div><\/div><\/div><\/div><div class=\"vc_col-sm-6 wpb_column vc_column_container\"><div class=\"vc_column-inner us_custom_03ee8309\"><div class=\"vc_column-overlay\" style=\"background:#ffffff\"><\/div><div class=\"wpb_wrapper\"><div class=\"wpb_text_column us_custom_8c42ed40\"><div class=\"wpb_wrapper\"><ul>\n<li>Ru\u010dn\u00ed pr\u00e1ce, ru\u010dn\u00ed pr\u00e1ce, zp\u011bv, \u010dten\u00ed, hlasit\u00e9 \u010dten\u00ed, hran\u00ed, konverzace, film a hudba, prohl\u00ed\u017een\u00ed novin.<\/li>\n<li>Proch\u00e1zky, v\u00fdlety v mal\u00fdch skupin\u00e1ch<\/li>\n<li>Diskuse a oslavy region\u00e1ln\u00edch zvyk\u016f a tradic, spole\u010dn\u00e9 oslavy, nap\u0159. narozenin.<\/li>\n<li>Hudebn\u00ed akce s p\u0159\u00edbuzn\u00fdmi<\/li>\n<li>Va\u0159en\u00ed a pe\u010den\u00ed podle p\u0159edstav host\u016f, tematick\u00e9 dny, nap\u0159. &#8222;Kulin\u00e1\u0159sk\u00e1 cesta&#8220;.<\/li>\n<li>Podpora p\u0159i realizaci n\u00e1pad\u016f host\u016f, nap\u0159. hmyz\u00edho hotelu.<\/li>\n<\/ul>\n<\/div><\/div><\/div><\/div><\/div><\/div><\/div><\/section><section class=\"l-section wpb_row us_custom_0f8f44b7 height_auto\"><div class=\"l-section-h i-cf\"><div class=\"g-cols via_flex valign_top type_default\"><div class=\"vc_col-sm-6 wpb_column vc_column_container has_text_color\"><div class=\"vc_column-inner us_custom_b64cb71a\"><div class=\"vc_column-overlay\" style=\"background:#3297E1\"><\/div><div class=\"wpb_wrapper\"><div class=\"w-iconbox us_custom_66ce2e51 iconpos_left style_outlined color_secondary align_left no_text\"><div class=\"w-iconbox-icon\" style=\"font-size:12px;\"><i class=\"fas fa-check\"><\/i><\/div><div class=\"w-iconbox-meta\"><h3 class=\"w-iconbox-title\">Poradenstv\u00ed<\/h3><\/div><\/div><div class=\"wpb_text_column\"><div class=\"wpb_wrapper\"><p>Kdo m\u00e1 n\u00e1rok na denn\u00ed p\u00e9\u010di? Kolik to stoj\u00ed? Co hrad\u00ed fond dlouhodob\u00e9 p\u00e9\u010de? Jak\u00e9 \u017e\u00e1dosti je t\u0159eba podat, kde a jak? S t\u011bmito a podobn\u00fdmi ot\u00e1zkami v\u00e1m pom\u016f\u017eeme slovem i skutkem. Nev\u00e1hejte se zeptat a popsat sv\u00e9 individu\u00e1ln\u00ed pot\u0159eby. R\u00e1di v\u00e1m pom\u016f\u017eeme nap\u0159. s:<\/p>\n<\/div><\/div><\/div><\/div><\/div><div class=\"vc_col-sm-6 wpb_column vc_column_container\"><div class=\"vc_column-inner us_custom_03ee8309\"><div class=\"vc_column-overlay\" style=\"background:#ffffff\"><\/div><div class=\"wpb_wrapper\"><div class=\"wpb_text_column us_custom_8c42ed40\"><div class=\"wpb_wrapper\"><ul>\n<li>P\u0159ihl\u00e1\u0161ka k z\u00edsk\u00e1n\u00ed titulu pe\u010dovatele<\/li>\n<li>Bezplatn\u00fd &#8222;ochutn\u00e1vkov\u00fd den<\/li>\n<\/ul>\n<\/div><\/div><\/div><\/div><\/div><\/div><\/div><\/section><section class=\"l-section wpb_row us_custom_0f8f44b7 height_auto\"><div class=\"l-section-h i-cf\"><div class=\"g-cols via_flex valign_top type_default\"><div class=\"vc_col-sm-6 wpb_column vc_column_container has_text_color\"><div class=\"vc_column-inner us_custom_b64cb71a\"><div class=\"vc_column-overlay\" style=\"background:#3297E1\"><\/div><div class=\"wpb_wrapper\"><div class=\"w-iconbox us_custom_66ce2e51 iconpos_left style_outlined color_secondary align_left no_text\"><div class=\"w-iconbox-icon\" style=\"font-size:12px;\"><i class=\"fas fa-check\"><\/i><\/div><div class=\"w-iconbox-meta\"><h3 class=\"w-iconbox-title\">Ceny<\/h3><\/div><\/div><div class=\"wpb_text_column\"><div class=\"wpb_wrapper\"><\/div><\/div><\/div><\/div><\/div><div class=\"vc_col-sm-6 wpb_column vc_column_container\"><div class=\"vc_column-inner us_custom_03ee8309\"><div class=\"vc_column-overlay\" style=\"background:#ffffff\"><\/div><div class=\"wpb_wrapper\"><div class=\"w-iconbox iconpos_left style_default color_primary align_left no_text\"><a target=\"_blank\" href=\"https:\/\/www.pflegedienst-fidere.de\/wp-content\/uploads\/2021\/09\/Test.pdf\" rel=\"noopener\" class=\"w-iconbox-link\" aria-label=\"Cen\u00edk se zpracov\u00e1v\u00e1\"><div class=\"w-iconbox-icon\" style=\"font-size:2rem;\"><i class=\"fas fa-download\"><\/i><\/div><\/a><div class=\"w-iconbox-meta\"><a target=\"_blank\" href=\"https:\/\/www.pflegedienst-fidere.de\/wp-content\/uploads\/2021\/09\/Test.pdf\" rel=\"noopener\" class=\"w-iconbox-link\" aria-label=\"Cen\u00edk se zpracov\u00e1v\u00e1\"><h4 class=\"w-iconbox-title\">Cen\u00edk se zpracov\u00e1v\u00e1<\/h4><\/a><\/div><\/div><\/div><\/div><\/div><\/div><\/div><\/section><section class=\"l-section wpb_row height_medium\"><div class=\"l-section-h i-cf\"><div class=\"g-cols via_flex valign_top type_default\"><div class=\"vc_col-sm-12 wpb_column vc_column_container\"><div class=\"vc_column-inner\"><div class=\"wpb_wrapper\"><div class=\"w-separator size_large\"><\/div><\/div><\/div><\/div><\/div><\/div><\/section><section class=\"l-section wpb_row height_medium\"><div class=\"l-section-h i-cf\"><div class=\"g-cols via_flex valign_top type_default\"><div class=\"vc_col-sm-12 wpb_column vc_column_container\"><div class=\"vc_column-inner\"><div class=\"wpb_wrapper\"><div class=\"w-separator size_medium\"><\/div><\/div><\/div><\/div><\/div><\/div><\/section>\n","protected":false},"excerpt":{"rendered":"[vc_custom_heading text=\"P\u0159es den je o n\u011bj postar\u00e1no - ve\u010der je doma.\" use_theme_fonts=\"yes\"]Lid\u00e9, o kter\u00e9 je pe\u010dov\u00e1no doma, \u010dasto poci\u0165uj\u00ed nudu a osam\u011blost. Pokud v\u0161ak p\u00e9\u010di poskytuj\u00ed p\u0159\u00edbuzn\u00ed, mohou se \u010dasto v\u011bnovat spole\u010densk\u00fdm kontakt\u016fm nebo pr\u00e1ci jen v omezen\u00e9 m\u00ed\u0159e a maj\u00ed pak o sv\u00e9 bl\u00edzk\u00e9 strach. V tomto p\u0159\u00edpad\u011b je denn\u00ed p\u00e9\u010de atraktivn\u00edm dopl\u0148kem dom\u00e1c\u00ed...","protected":false},"author":1,"featured_media":0,"parent":45,"menu_order":0,"comment_status":"closed","ping_status":"closed","template":"","meta":[],"_links":{"self":[{"href":"https:\/\/www.pflegedienst-fidere.de\/cs\/wp-json\/wp\/v2\/pages\/47"}],"collection":[{"href":"https:\/\/www.pflegedienst-fidere.de\/cs\/wp-json\/wp\/v2\/pages"}],"about":[{"href":"https:\/\/www.pflegedienst-fidere.de\/cs\/wp-json\/wp\/v2\/types\/page"}],"author":[{"embeddable":true,"href":"https:\/\/www.pflegedienst-fidere.de\/cs\/wp-json\/wp\/v2\/users\/1"}],"replies":[{"embeddable":true,"href":"https:\/\/www.pflegedienst-fidere.de\/cs\/wp-json\/wp\/v2\/comments?post=47"}],"version-history":[{"count":4,"href":"https:\/\/www.pflegedienst-fidere.de\/cs\/wp-json\/wp\/v2\/pages\/47\/revisions"}],"predecessor-version":[{"id":203,"href":"https:\/\/www.pflegedienst-fidere.de\/cs\/wp-json\/wp\/v2\/pages\/47\/revisions\/203"}],"up":[{"embeddable":true,"href":"https:\/\/www.pflegedienst-fidere.de\/cs\/wp-json\/wp\/v2\/pages\/45"}],"wp:attachment":[{"href":"https:\/\/www.pflegedienst-fidere.de\/cs\/wp-json\/wp\/v2\/media?parent=47"}],"curies":[{"name":"wp","href":"https:\/\/api.w.org\/{rel}","templated":true}]}}