{"id":28,"date":"2020-09-23T20:13:51","date_gmt":"2020-09-23T18:13:51","guid":{"rendered":"https:\/\/www.pflegedienst-fidere.de\/cs\/?page_id=28"},"modified":"2021-10-27T09:06:42","modified_gmt":"2021-10-27T07:06:42","slug":"otisk","status":"publish","type":"page","link":"https:\/\/www.pflegedienst-fidere.de\/cs\/otisk\/","title":{"rendered":"otisk"},"content":{"rendered":"<section class=\"l-section wpb_row height_medium\"><div class=\"l-section-h i-cf\"><div class=\"g-cols via_flex valign_top type_default\"><div class=\"vc_col-sm-12 wpb_column vc_column_container\"><div class=\"vc_column-inner us_custom_8de6e412\"><div class=\"vc_column-overlay\" style=\"background:#ffffff\"><\/div><div class=\"wpb_wrapper\">[vc_custom_heading source=&#8220;post_title&#8220; font_container=&#8220;tag:h4|text_align:left&#8220; use_theme_fonts=&#8220;yes&#8220;]<div class=\"wpb_text_column\"><div class=\"wpb_wrapper\"><p>Angaben gem\u00e4\u00df \u00a7 5 TMG:<br \/>\nPflegedienst FIDERE GmbH<br \/>\nMockritzer Stra\u00dfe 4<br \/>\n01219 Dresden<\/p>\n<p>Vertreten durch: Marion Heimann &#8211; Gesch\u00e4ftsf\u00fchrerin<br \/>\nTelefon: +49 351 8 04 79 11<br \/>\nTelefax: +49 351 8 02 70 76<br \/>\nMobile: +49 173 5 88 92 63<\/p>\n<p>E-Mail Pflegedienst:\u00a0<a href=\"http:\/\/www.pflegedienst-fidere.de\/info@pflegedienst-fidere.de\">info@pflegedienst-fidere.de<\/a><br \/>\nE-Mail Tagespflege:\u00a0<a href=\"http:\/\/www.pflegedienst-fidere.de\/tagespflege@pflegedienst-fidere.de\">tagespflege@pflegedienst-fidere.de<\/a><br \/>\nWeb:\u00a0<a href=\"http:\/\/www.pflegedienst-fidere.de\/\">http:\/\/www.pflegedienst-fidere.de<\/a><\/p>\n<p>Eintragung im Handelsregister. Registergericht: Amtsgericht Dresden Registernummer: HRB 25358<\/p>\n<h4>Angaben zur Berufshaftpflichtversicherung<\/h4>\n<p>HDI Versicherung AG<br \/>\n30650 Hannover<br \/>\nGeltungsraum der Versicherung: Deutschland<\/p>\n<h4>Streitschlichtung<\/h4>\n<p>Die Europ\u00e4ische Kommission stellt eine Plattform zur Online-Streitbeilegung (OS) bereit:\u00a0<a href=\"https:\/\/ec.europa.eu\/consumers\/odr.\">https:\/\/ec.europa.eu\/consumers\/odr.<\/a><br \/>\nUnsere E-Mail-Adresse finden Sie oben im Impressum.<br \/>\nWir sind nicht bereit oder verpflichtet, an Streitbeilegungsverfahren vor einer Verbraucherschlichtungsstelle teilzunehmen.<\/p>\n<\/div><\/div><\/div><\/div><\/div><\/div><\/div><\/section>\n","protected":false},"excerpt":{"rendered":"[vc_custom_heading source=\"post_title\" font_container=\"tag:h4|text_align:left\" use_theme_fonts=\"yes\"]Angaben gem\u00e4\u00df \u00a7 5 TMG: Pflegedienst FIDERE GmbH Mockritzer Stra\u00dfe 4 01219 Dresden Vertreten durch: Marion Heimann &#8211; Gesch\u00e4ftsf\u00fchrerin Telefon: +49 351 8 04 79 11 Telefax: +49 351 8 02 70 76 Mobile: +49 173 5 88 92 63 E-Mail Pflegedienst:\u00a0info@pflegedienst-fidere.de E-Mail Tagespflege:\u00a0tagespflege@pflegedienst-fidere.de Web:\u00a0http:\/\/www.pflegedienst-fidere.de Eintragung im Handelsregister. Registergericht: Amtsgericht Dresden Registernummer:...","protected":false},"author":1,"featured_media":0,"parent":0,"menu_order":0,"comment_status":"closed","ping_status":"closed","template":"","meta":[],"_links":{"self":[{"href":"https:\/\/www.pflegedienst-fidere.de\/cs\/wp-json\/wp\/v2\/pages\/28"}],"collection":[{"href":"https:\/\/www.pflegedienst-fidere.de\/cs\/wp-json\/wp\/v2\/pages"}],"about":[{"href":"https:\/\/www.pflegedienst-fidere.de\/cs\/wp-json\/wp\/v2\/types\/page"}],"author":[{"embeddable":true,"href":"https:\/\/www.pflegedienst-fidere.de\/cs\/wp-json\/wp\/v2\/users\/1"}],"replies":[{"embeddable":true,"href":"https:\/\/www.pflegedienst-fidere.de\/cs\/wp-json\/wp\/v2\/comments?post=28"}],"version-history":[{"count":2,"href":"https:\/\/www.pflegedienst-fidere.de\/cs\/wp-json\/wp\/v2\/pages\/28\/revisions"}],"predecessor-version":[{"id":257,"href":"https:\/\/www.pflegedienst-fidere.de\/cs\/wp-json\/wp\/v2\/pages\/28\/revisions\/257"}],"wp:attachment":[{"href":"https:\/\/www.pflegedienst-fidere.de\/cs\/wp-json\/wp\/v2\/media?parent=28"}],"curies":[{"name":"wp","href":"https:\/\/api.w.org\/{rel}","templated":true}]}}